{"id":9090,"date":"2025-06-30T10:42:43","date_gmt":"2025-06-30T10:42:43","guid":{"rendered":"https:\/\/bergamoss.com\/?post_type=product&#038;p=9090"},"modified":"2026-03-27T08:56:40","modified_gmt":"2026-03-27T08:56:40","slug":"nettarina","status":"publish","type":"product","link":"https:\/\/bergamoss.com\/en\/product\/nettarina\/","title":{"rendered":"Nettarina Frizzante &#8211; 50 ml"},"content":{"rendered":"<p>Nettarina Frizzante 50 ml.<\/p>\n<p>&nbsp;<\/p>\n<p><strong>New summer fruity fragrance from the perfumer V\u00e1clav Lebeda &#8211; Bergamoss. A date. Prosecco. Jacuzzi. Juicy nectarines.<\/strong><\/p>\n<p>&nbsp;<\/p>\n<p>&nbsp;<\/p>\n<p>&#8220;I love to take my wife on a date after a hard week at work, where we are just for each other, where we don&#8217;t think about anything, sipping Prosecco with a piece of fresh nectarine floating in it, bubbles forming around it and the whole room smells of something sweet. Something feminine. Something irresistibly sexy. That&#8217;s what Nettarina Frizzante perfume is all about. Enjoy your summer date in a bottle!&#8221;<\/p>\n<p>&nbsp;<\/p>\n<p>&nbsp;<\/p>\n<p><strong>Notes:<\/strong><\/p>\n<p>&nbsp;<\/p>\n<p>&nbsp;<\/p>\n<p>Sparkling Prosecco<\/p>\n<p>Juicy nectarine<\/p>\n<p>Grape wine<\/p>\n<p>Blackcurrant buds (natural extract)<\/p>\n<p>Orange blossom<\/p>\n<p>Fresh musks<\/p>\n<p>Ambroxan<\/p>\n","protected":false},"excerpt":{"rendered":"<p>Nettarina Frizzante 50 ml.<\/p>\n<p>New, summer, fruity fragrance by Bergamoss. A date. Prosecco. Jacuzzi. Juicy nectarines.<\/p>\n<p><span style=\"font-weight: 400;\">\u00a0<\/span><\/p>\n","protected":false},"featured_media":9133,"template":"","meta":[],"product_brand":[],"product_cat":[87],"product_tag":[],"class_list":{"0":"post-9090","1":"product","2":"type-product","3":"status-publish","4":"has-post-thumbnail","6":"product_cat-perfumes","8":"first","9":"instock","10":"featured","11":"taxable","12":"shipping-taxable","13":"purchasable","14":"product-type-simple","15":"add-to-wishlist-after_add_to_cart"},"yoast_head":"<!-- This site is optimized with the Yoast SEO plugin v24.2 - https:\/\/yoast.com\/wordpress\/plugins\/seo\/ -->\n<title>Nettarina Frizzante - 50 ml - Bergamoss<\/title>\n<meta name=\"description\" content=\"Nettarina Frizzante 50 ml. New fruity summer fragrance by Vaclav Lebeda \/ Bergamoss. Prosecco. Jacuzzi. Juicy nectarines. A date in a bottle.\" \/>\n<meta name=\"robots\" content=\"index, follow, max-snippet:-1, max-image-preview:large, max-video-preview:-1\" \/>\n<link rel=\"canonical\" href=\"https:\/\/bergamoss.com\/en\/product\/nettarina\/\" \/>\n<meta property=\"og:locale\" content=\"en_US\" \/>\n<meta property=\"og:type\" content=\"article\" \/>\n<meta property=\"og:title\" content=\"Nettarina Frizzante - 50 ml - Bergamoss\" \/>\n<meta property=\"og:description\" content=\"Nettarina Frizzante 50 ml. New fruity summer fragrance by Vaclav Lebeda \/ Bergamoss. Prosecco. Jacuzzi. Juicy nectarines. A date in a bottle.\" \/>\n<meta property=\"og:url\" content=\"https:\/\/bergamoss.com\/en\/product\/nettarina\/\" \/>\n<meta property=\"og:site_name\" content=\"Bergamoss\" \/>\n<meta property=\"article:modified_time\" content=\"2026-03-27T08:56:40+00:00\" \/>\n<meta property=\"og:image\" content=\"https:\/\/bergamoss.com\/wp-content\/uploads\/2025\/06\/DSC09272-Edit-scaled.jpg\" \/>\n\t<meta property=\"og:image:width\" content=\"1707\" \/>\n\t<meta property=\"og:image:height\" content=\"2560\" \/>\n\t<meta property=\"og:image:type\" content=\"image\/jpeg\" \/>\n<meta name=\"twitter:card\" content=\"summary_large_image\" \/>\n<meta name=\"twitter:label1\" content=\"Est. reading time\" \/>\n\t<meta name=\"twitter:data1\" content=\"1 minute\" \/>\n<script type=\"application\/ld+json\" class=\"yoast-schema-graph\">{\"@context\":\"https:\/\/schema.org\",\"@graph\":[{\"@type\":\"WebPage\",\"@id\":\"https:\/\/bergamoss.com\/en\/product\/nettarina\/\",\"url\":\"https:\/\/bergamoss.com\/en\/product\/nettarina\/\",\"name\":\"Nettarina Frizzante - 50 ml - Bergamoss\",\"isPartOf\":{\"@id\":\"https:\/\/bergamoss.com\/en\/#website\"},\"primaryImageOfPage\":{\"@id\":\"https:\/\/bergamoss.com\/en\/product\/nettarina\/#primaryimage\"},\"image\":{\"@id\":\"https:\/\/bergamoss.com\/en\/product\/nettarina\/#primaryimage\"},\"thumbnailUrl\":\"https:\/\/bergamoss.com\/wp-content\/uploads\/2025\/06\/DSC09272-Edit-1-scaled.jpg\",\"datePublished\":\"2025-06-30T10:42:43+00:00\",\"dateModified\":\"2026-03-27T08:56:40+00:00\",\"description\":\"Nettarina Frizzante 50 ml. New fruity summer fragrance by Vaclav Lebeda \/ Bergamoss. Prosecco. Jacuzzi. Juicy nectarines. A date in a bottle.\",\"breadcrumb\":{\"@id\":\"https:\/\/bergamoss.com\/en\/product\/nettarina\/#breadcrumb\"},\"inLanguage\":\"en-US\",\"potentialAction\":[{\"@type\":\"ReadAction\",\"target\":[\"https:\/\/bergamoss.com\/en\/product\/nettarina\/\"]}]},{\"@type\":\"ImageObject\",\"inLanguage\":\"en-US\",\"@id\":\"https:\/\/bergamoss.com\/en\/product\/nettarina\/#primaryimage\",\"url\":\"https:\/\/bergamoss.com\/wp-content\/uploads\/2025\/06\/DSC09272-Edit-1-scaled.jpg\",\"contentUrl\":\"https:\/\/bergamoss.com\/wp-content\/uploads\/2025\/06\/DSC09272-Edit-1-scaled.jpg\",\"width\":2200,\"height\":2560},{\"@type\":\"BreadcrumbList\",\"@id\":\"https:\/\/bergamoss.com\/en\/product\/nettarina\/#breadcrumb\",\"itemListElement\":[{\"@type\":\"ListItem\",\"position\":1,\"name\":\"Dom\u016f\",\"item\":\"https:\/\/bergamoss.com\/en\/\"},{\"@type\":\"ListItem\",\"position\":2,\"name\":\"Shop\",\"item\":\"https:\/\/bergamoss.com\/en\/shop\/\"},{\"@type\":\"ListItem\",\"position\":3,\"name\":\"Nettarina Frizzante &#8211; 50 ml\"}]},{\"@type\":\"WebSite\",\"@id\":\"https:\/\/bergamoss.com\/en\/#website\",\"url\":\"https:\/\/bergamoss.com\/en\/\",\"name\":\"Bergamoss\",\"description\":\"Parf\u00e9my p\u0159edn\u00edho \u010desk\u00e9ho parfum\u00e9ra V\u00e1clava Lebedy\",\"publisher\":{\"@id\":\"https:\/\/bergamoss.com\/en\/#organization\"},\"potentialAction\":[{\"@type\":\"SearchAction\",\"target\":{\"@type\":\"EntryPoint\",\"urlTemplate\":\"https:\/\/bergamoss.com\/en\/?s={search_term_string}\"},\"query-input\":{\"@type\":\"PropertyValueSpecification\",\"valueRequired\":true,\"valueName\":\"search_term_string\"}}],\"inLanguage\":\"en-US\"},{\"@type\":\"Organization\",\"@id\":\"https:\/\/bergamoss.com\/en\/#organization\",\"name\":\"Bergamoss\",\"url\":\"https:\/\/bergamoss.com\/en\/\",\"logo\":{\"@type\":\"ImageObject\",\"inLanguage\":\"en-US\",\"@id\":\"https:\/\/bergamoss.com\/en\/#\/schema\/logo\/image\/\",\"url\":\"https:\/\/bergamoss.com\/wp-content\/uploads\/2024\/07\/Bergamos_logo_transparentni.png\",\"contentUrl\":\"https:\/\/bergamoss.com\/wp-content\/uploads\/2024\/07\/Bergamos_logo_transparentni.png\",\"width\":1814,\"height\":350,\"caption\":\"Bergamoss\"},\"image\":{\"@id\":\"https:\/\/bergamoss.com\/en\/#\/schema\/logo\/image\/\"}}]}<\/script>\n<!-- \/ Yoast SEO plugin. -->","yoast_head_json":{"title":"Nettarina Frizzante - 50 ml - Bergamoss","description":"Nettarina Frizzante 50 ml. New fruity summer fragrance by Vaclav Lebeda \/ Bergamoss. Prosecco. Jacuzzi. Juicy nectarines. A date in a bottle.","robots":{"index":"index","follow":"follow","max-snippet":"max-snippet:-1","max-image-preview":"max-image-preview:large","max-video-preview":"max-video-preview:-1"},"canonical":"https:\/\/bergamoss.com\/en\/product\/nettarina\/","og_locale":"en_US","og_type":"article","og_title":"Nettarina Frizzante - 50 ml - Bergamoss","og_description":"Nettarina Frizzante 50 ml. New fruity summer fragrance by Vaclav Lebeda \/ Bergamoss. Prosecco. Jacuzzi. Juicy nectarines. A date in a bottle.","og_url":"https:\/\/bergamoss.com\/en\/product\/nettarina\/","og_site_name":"Bergamoss","article_modified_time":"2026-03-27T08:56:40+00:00","og_image":[{"width":1707,"height":2560,"url":"https:\/\/bergamoss.com\/wp-content\/uploads\/2025\/06\/DSC09272-Edit-scaled.jpg","type":"image\/jpeg"}],"twitter_card":"summary_large_image","twitter_misc":{"Est. reading time":"1 minute"},"schema":{"@context":"https:\/\/schema.org","@graph":[{"@type":"WebPage","@id":"https:\/\/bergamoss.com\/en\/product\/nettarina\/","url":"https:\/\/bergamoss.com\/en\/product\/nettarina\/","name":"Nettarina Frizzante - 50 ml - Bergamoss","isPartOf":{"@id":"https:\/\/bergamoss.com\/en\/#website"},"primaryImageOfPage":{"@id":"https:\/\/bergamoss.com\/en\/product\/nettarina\/#primaryimage"},"image":{"@id":"https:\/\/bergamoss.com\/en\/product\/nettarina\/#primaryimage"},"thumbnailUrl":"https:\/\/bergamoss.com\/wp-content\/uploads\/2025\/06\/DSC09272-Edit-1-scaled.jpg","datePublished":"2025-06-30T10:42:43+00:00","dateModified":"2026-03-27T08:56:40+00:00","description":"Nettarina Frizzante 50 ml. New fruity summer fragrance by Vaclav Lebeda \/ Bergamoss. Prosecco. Jacuzzi. Juicy nectarines. A date in a bottle.","breadcrumb":{"@id":"https:\/\/bergamoss.com\/en\/product\/nettarina\/#breadcrumb"},"inLanguage":"en-US","potentialAction":[{"@type":"ReadAction","target":["https:\/\/bergamoss.com\/en\/product\/nettarina\/"]}]},{"@type":"ImageObject","inLanguage":"en-US","@id":"https:\/\/bergamoss.com\/en\/product\/nettarina\/#primaryimage","url":"https:\/\/bergamoss.com\/wp-content\/uploads\/2025\/06\/DSC09272-Edit-1-scaled.jpg","contentUrl":"https:\/\/bergamoss.com\/wp-content\/uploads\/2025\/06\/DSC09272-Edit-1-scaled.jpg","width":2200,"height":2560},{"@type":"BreadcrumbList","@id":"https:\/\/bergamoss.com\/en\/product\/nettarina\/#breadcrumb","itemListElement":[{"@type":"ListItem","position":1,"name":"Dom\u016f","item":"https:\/\/bergamoss.com\/en\/"},{"@type":"ListItem","position":2,"name":"Shop","item":"https:\/\/bergamoss.com\/en\/shop\/"},{"@type":"ListItem","position":3,"name":"Nettarina Frizzante &#8211; 50 ml"}]},{"@type":"WebSite","@id":"https:\/\/bergamoss.com\/en\/#website","url":"https:\/\/bergamoss.com\/en\/","name":"Bergamoss","description":"Parf\u00e9my p\u0159edn\u00edho \u010desk\u00e9ho parfum\u00e9ra V\u00e1clava Lebedy","publisher":{"@id":"https:\/\/bergamoss.com\/en\/#organization"},"potentialAction":[{"@type":"SearchAction","target":{"@type":"EntryPoint","urlTemplate":"https:\/\/bergamoss.com\/en\/?s={search_term_string}"},"query-input":{"@type":"PropertyValueSpecification","valueRequired":true,"valueName":"search_term_string"}}],"inLanguage":"en-US"},{"@type":"Organization","@id":"https:\/\/bergamoss.com\/en\/#organization","name":"Bergamoss","url":"https:\/\/bergamoss.com\/en\/","logo":{"@type":"ImageObject","inLanguage":"en-US","@id":"https:\/\/bergamoss.com\/en\/#\/schema\/logo\/image\/","url":"https:\/\/bergamoss.com\/wp-content\/uploads\/2024\/07\/Bergamos_logo_transparentni.png","contentUrl":"https:\/\/bergamoss.com\/wp-content\/uploads\/2024\/07\/Bergamos_logo_transparentni.png","width":1814,"height":350,"caption":"Bergamoss"},"image":{"@id":"https:\/\/bergamoss.com\/en\/#\/schema\/logo\/image\/"}}]}},"_links":{"self":[{"href":"https:\/\/bergamoss.com\/en\/wp-json\/wp\/v2\/product\/9090","targetHints":{"allow":["GET"]}}],"collection":[{"href":"https:\/\/bergamoss.com\/en\/wp-json\/wp\/v2\/product"}],"about":[{"href":"https:\/\/bergamoss.com\/en\/wp-json\/wp\/v2\/types\/product"}],"wp:featuredmedia":[{"embeddable":true,"href":"https:\/\/bergamoss.com\/en\/wp-json\/wp\/v2\/media\/9133"}],"wp:attachment":[{"href":"https:\/\/bergamoss.com\/en\/wp-json\/wp\/v2\/media?parent=9090"}],"wp:term":[{"taxonomy":"product_brand","embeddable":true,"href":"https:\/\/bergamoss.com\/en\/wp-json\/wp\/v2\/product_brand?post=9090"},{"taxonomy":"product_cat","embeddable":true,"href":"https:\/\/bergamoss.com\/en\/wp-json\/wp\/v2\/product_cat?post=9090"},{"taxonomy":"product_tag","embeddable":true,"href":"https:\/\/bergamoss.com\/en\/wp-json\/wp\/v2\/product_tag?post=9090"}],"curies":[{"name":"wp","href":"https:\/\/api.w.org\/{rel}","templated":true}]}}