{"id":9080,"date":"2025-06-26T08:06:40","date_gmt":"2025-06-26T08:06:40","guid":{"rendered":"https:\/\/bergamoss.com\/?post_type=product&#038;p=9080"},"modified":"2026-04-05T07:49:42","modified_gmt":"2026-04-05T07:49:42","slug":"nettarina_sample","status":"publish","type":"product","link":"https:\/\/bergamoss.com\/en\/product\/nettarina_sample\/","title":{"rendered":"Nettarina Frizzante &#8211; 2,5 ml SAMPLE"},"content":{"rendered":"<p>Nettarina Frizzante (2.5 ml sample).<\/p>\n<p>&nbsp;<\/p>\n<p>New, summer, fruity fragrance from the perfumer V\u00e1clav Lebeda &#8211; Bergamoss. A Date. Prosecco. Jacuzzi. Juicy nectarines.<\/p>\n<p>&nbsp;<\/p>\n<p>&#8220;I love to take my wife on a date after a hard week at work, where we are just for each other, where we don&#8217;t think about anything, sipping Prosecco with a piece of fresh nectarine floating in it, bubbles forming around it and the whole room smells of something sweet. Something feminine. Something irresistibly sexy. That&#8217;s what Nettarina Frizzante perfume is all about. Enjoy your summer date in a bottle!&#8221;<\/p>\n<p>&nbsp;<\/p>\n<p>&nbsp;<\/p>\n<p><strong>Notes:<\/strong><\/p>\n<p>&nbsp;<\/p>\n<p>&nbsp;<\/p>\n<p>Sparkling Prosecco<\/p>\n<p>Juicy nectarine<\/p>\n<p>Grape wine<\/p>\n<p>Blackcurrant buds (natural extract)<\/p>\n<p>Orange blossom<\/p>\n<p>Fresh musks<\/p>\n<p>Ambroxan<\/p>\n","protected":false},"excerpt":{"rendered":"<p>Nettarina Frizzante (2.5 ml sample).<\/p>\n<p>&nbsp;<\/p>\n<p>New, summer, fruity fragrance from the perfumer V\u00e1clav Lebeda &#8211; Bergamoss. A Date. Prosecco. Jacuzzi. Juicy nectarines.<\/p>\n<p id=\"tw-target-text\" class=\"tw-data-text tw-text-large tw-ta\" dir=\"ltr\" data-placeholder=\"P\u0159eklad\" data-ved=\"2ahUKEwjqx8ra5pmOAxWp7rsIHdxePFoQ3ewLegQICRAV\" aria-label=\"P\u0159elo\u017een\u00fd text: Purchase is limited to 1 piece only.\">Purchase is limited to 1 piece only.<\/p>\n<p><span style=\"font-weight: 400;\">\u00a0<\/span><\/p>\n","protected":false},"featured_media":9107,"template":"","meta":[],"product_brand":[],"product_cat":[87],"product_tag":[],"class_list":{"0":"post-9080","1":"product","2":"type-product","3":"status-publish","4":"has-post-thumbnail","6":"product_cat-perfumes","8":"first","9":"instock","10":"sold-individually","11":"taxable","12":"shipping-taxable","13":"purchasable","14":"product-type-simple","15":"add-to-wishlist-after_add_to_cart"},"yoast_head":"<!-- This site is optimized with the Yoast SEO plugin v24.2 - https:\/\/yoast.com\/wordpress\/plugins\/seo\/ -->\n<title>Nettarina Frizzante - 2,5 ml SAMPLE - Bergamoss<\/title>\n<meta name=\"description\" content=\"The most gourmand $ sweetest perfume ever created in Czech Republic! Notes: white chocolate, hazelnuts, vanilla ice cream,...\" \/>\n<meta name=\"robots\" content=\"index, follow, max-snippet:-1, max-image-preview:large, max-video-preview:-1\" \/>\n<link rel=\"canonical\" href=\"https:\/\/bergamoss.com\/en\/product\/nettarina_sample\/\" \/>\n<meta property=\"og:locale\" content=\"en_US\" \/>\n<meta property=\"og:type\" content=\"article\" \/>\n<meta property=\"og:title\" content=\"Nettarina Frizzante - 2,5 ml SAMPLE - Bergamoss\" \/>\n<meta property=\"og:description\" content=\"The most gourmand $ sweetest perfume ever created in Czech Republic! Notes: white chocolate, hazelnuts, vanilla ice cream,...\" \/>\n<meta property=\"og:url\" content=\"https:\/\/bergamoss.com\/en\/product\/nettarina_sample\/\" \/>\n<meta property=\"og:site_name\" content=\"Bergamoss\" \/>\n<meta property=\"article:modified_time\" content=\"2026-04-05T07:49:42+00:00\" \/>\n<meta property=\"og:image\" content=\"https:\/\/bergamoss.com\/wp-content\/uploads\/2025\/06\/Nettarina-vzorek-2.png\" \/>\n\t<meta property=\"og:image:width\" content=\"1\" \/>\n\t<meta property=\"og:image:height\" content=\"1\" \/>\n\t<meta property=\"og:image:type\" content=\"image\/png\" \/>\n<meta name=\"twitter:card\" content=\"summary_large_image\" \/>\n<meta name=\"twitter:label1\" content=\"Est. reading time\" \/>\n\t<meta name=\"twitter:data1\" content=\"1 minute\" \/>\n<script type=\"application\/ld+json\" class=\"yoast-schema-graph\">{\"@context\":\"https:\/\/schema.org\",\"@graph\":[{\"@type\":\"WebPage\",\"@id\":\"https:\/\/bergamoss.com\/en\/product\/nettarina_sample\/\",\"url\":\"https:\/\/bergamoss.com\/en\/product\/nettarina_sample\/\",\"name\":\"Nettarina Frizzante - 2,5 ml SAMPLE - Bergamoss\",\"isPartOf\":{\"@id\":\"https:\/\/bergamoss.com\/en\/#website\"},\"primaryImageOfPage\":{\"@id\":\"https:\/\/bergamoss.com\/en\/product\/nettarina_sample\/#primaryimage\"},\"image\":{\"@id\":\"https:\/\/bergamoss.com\/en\/product\/nettarina_sample\/#primaryimage\"},\"thumbnailUrl\":\"https:\/\/bergamoss.com\/wp-content\/uploads\/2025\/06\/Nettarina-vzorek-2.png\",\"datePublished\":\"2025-06-26T08:06:40+00:00\",\"dateModified\":\"2026-04-05T07:49:42+00:00\",\"description\":\"The most gourmand $ sweetest perfume ever created in Czech Republic! Notes: white chocolate, hazelnuts, vanilla ice cream,...\",\"breadcrumb\":{\"@id\":\"https:\/\/bergamoss.com\/en\/product\/nettarina_sample\/#breadcrumb\"},\"inLanguage\":\"en-US\",\"potentialAction\":[{\"@type\":\"ReadAction\",\"target\":[\"https:\/\/bergamoss.com\/en\/product\/nettarina_sample\/\"]}]},{\"@type\":\"ImageObject\",\"inLanguage\":\"en-US\",\"@id\":\"https:\/\/bergamoss.com\/en\/product\/nettarina_sample\/#primaryimage\",\"url\":\"https:\/\/bergamoss.com\/wp-content\/uploads\/2025\/06\/Nettarina-vzorek-2.png\",\"contentUrl\":\"https:\/\/bergamoss.com\/wp-content\/uploads\/2025\/06\/Nettarina-vzorek-2.png\"},{\"@type\":\"BreadcrumbList\",\"@id\":\"https:\/\/bergamoss.com\/en\/product\/nettarina_sample\/#breadcrumb\",\"itemListElement\":[{\"@type\":\"ListItem\",\"position\":1,\"name\":\"Dom\u016f\",\"item\":\"https:\/\/bergamoss.com\/en\/\"},{\"@type\":\"ListItem\",\"position\":2,\"name\":\"Shop\",\"item\":\"https:\/\/bergamoss.com\/en\/shop\/\"},{\"@type\":\"ListItem\",\"position\":3,\"name\":\"Nettarina Frizzante &#8211; 2,5 ml SAMPLE\"}]},{\"@type\":\"WebSite\",\"@id\":\"https:\/\/bergamoss.com\/en\/#website\",\"url\":\"https:\/\/bergamoss.com\/en\/\",\"name\":\"Bergamoss\",\"description\":\"Parf\u00e9my p\u0159edn\u00edho \u010desk\u00e9ho parfum\u00e9ra V\u00e1clava Lebedy\",\"publisher\":{\"@id\":\"https:\/\/bergamoss.com\/en\/#organization\"},\"potentialAction\":[{\"@type\":\"SearchAction\",\"target\":{\"@type\":\"EntryPoint\",\"urlTemplate\":\"https:\/\/bergamoss.com\/en\/?s={search_term_string}\"},\"query-input\":{\"@type\":\"PropertyValueSpecification\",\"valueRequired\":true,\"valueName\":\"search_term_string\"}}],\"inLanguage\":\"en-US\"},{\"@type\":\"Organization\",\"@id\":\"https:\/\/bergamoss.com\/en\/#organization\",\"name\":\"Bergamoss\",\"url\":\"https:\/\/bergamoss.com\/en\/\",\"logo\":{\"@type\":\"ImageObject\",\"inLanguage\":\"en-US\",\"@id\":\"https:\/\/bergamoss.com\/en\/#\/schema\/logo\/image\/\",\"url\":\"https:\/\/bergamoss.com\/wp-content\/uploads\/2024\/07\/Bergamos_logo_transparentni.png\",\"contentUrl\":\"https:\/\/bergamoss.com\/wp-content\/uploads\/2024\/07\/Bergamos_logo_transparentni.png\",\"width\":1814,\"height\":350,\"caption\":\"Bergamoss\"},\"image\":{\"@id\":\"https:\/\/bergamoss.com\/en\/#\/schema\/logo\/image\/\"}}]}<\/script>\n<!-- \/ Yoast SEO plugin. -->","yoast_head_json":{"title":"Nettarina Frizzante - 2,5 ml SAMPLE - Bergamoss","description":"The most gourmand $ sweetest perfume ever created in Czech Republic! Notes: white chocolate, hazelnuts, vanilla ice cream,...","robots":{"index":"index","follow":"follow","max-snippet":"max-snippet:-1","max-image-preview":"max-image-preview:large","max-video-preview":"max-video-preview:-1"},"canonical":"https:\/\/bergamoss.com\/en\/product\/nettarina_sample\/","og_locale":"en_US","og_type":"article","og_title":"Nettarina Frizzante - 2,5 ml SAMPLE - Bergamoss","og_description":"The most gourmand $ sweetest perfume ever created in Czech Republic! Notes: white chocolate, hazelnuts, vanilla ice cream,...","og_url":"https:\/\/bergamoss.com\/en\/product\/nettarina_sample\/","og_site_name":"Bergamoss","article_modified_time":"2026-04-05T07:49:42+00:00","og_image":[{"url":"https:\/\/bergamoss.com\/wp-content\/uploads\/2025\/06\/Nettarina-vzorek-2.png","width":1,"height":1,"type":"image\/png"}],"twitter_card":"summary_large_image","twitter_misc":{"Est. reading time":"1 minute"},"schema":{"@context":"https:\/\/schema.org","@graph":[{"@type":"WebPage","@id":"https:\/\/bergamoss.com\/en\/product\/nettarina_sample\/","url":"https:\/\/bergamoss.com\/en\/product\/nettarina_sample\/","name":"Nettarina Frizzante - 2,5 ml SAMPLE - Bergamoss","isPartOf":{"@id":"https:\/\/bergamoss.com\/en\/#website"},"primaryImageOfPage":{"@id":"https:\/\/bergamoss.com\/en\/product\/nettarina_sample\/#primaryimage"},"image":{"@id":"https:\/\/bergamoss.com\/en\/product\/nettarina_sample\/#primaryimage"},"thumbnailUrl":"https:\/\/bergamoss.com\/wp-content\/uploads\/2025\/06\/Nettarina-vzorek-2.png","datePublished":"2025-06-26T08:06:40+00:00","dateModified":"2026-04-05T07:49:42+00:00","description":"The most gourmand $ sweetest perfume ever created in Czech Republic! Notes: white chocolate, hazelnuts, vanilla ice cream,...","breadcrumb":{"@id":"https:\/\/bergamoss.com\/en\/product\/nettarina_sample\/#breadcrumb"},"inLanguage":"en-US","potentialAction":[{"@type":"ReadAction","target":["https:\/\/bergamoss.com\/en\/product\/nettarina_sample\/"]}]},{"@type":"ImageObject","inLanguage":"en-US","@id":"https:\/\/bergamoss.com\/en\/product\/nettarina_sample\/#primaryimage","url":"https:\/\/bergamoss.com\/wp-content\/uploads\/2025\/06\/Nettarina-vzorek-2.png","contentUrl":"https:\/\/bergamoss.com\/wp-content\/uploads\/2025\/06\/Nettarina-vzorek-2.png"},{"@type":"BreadcrumbList","@id":"https:\/\/bergamoss.com\/en\/product\/nettarina_sample\/#breadcrumb","itemListElement":[{"@type":"ListItem","position":1,"name":"Dom\u016f","item":"https:\/\/bergamoss.com\/en\/"},{"@type":"ListItem","position":2,"name":"Shop","item":"https:\/\/bergamoss.com\/en\/shop\/"},{"@type":"ListItem","position":3,"name":"Nettarina Frizzante &#8211; 2,5 ml SAMPLE"}]},{"@type":"WebSite","@id":"https:\/\/bergamoss.com\/en\/#website","url":"https:\/\/bergamoss.com\/en\/","name":"Bergamoss","description":"Parf\u00e9my p\u0159edn\u00edho \u010desk\u00e9ho parfum\u00e9ra V\u00e1clava Lebedy","publisher":{"@id":"https:\/\/bergamoss.com\/en\/#organization"},"potentialAction":[{"@type":"SearchAction","target":{"@type":"EntryPoint","urlTemplate":"https:\/\/bergamoss.com\/en\/?s={search_term_string}"},"query-input":{"@type":"PropertyValueSpecification","valueRequired":true,"valueName":"search_term_string"}}],"inLanguage":"en-US"},{"@type":"Organization","@id":"https:\/\/bergamoss.com\/en\/#organization","name":"Bergamoss","url":"https:\/\/bergamoss.com\/en\/","logo":{"@type":"ImageObject","inLanguage":"en-US","@id":"https:\/\/bergamoss.com\/en\/#\/schema\/logo\/image\/","url":"https:\/\/bergamoss.com\/wp-content\/uploads\/2024\/07\/Bergamos_logo_transparentni.png","contentUrl":"https:\/\/bergamoss.com\/wp-content\/uploads\/2024\/07\/Bergamos_logo_transparentni.png","width":1814,"height":350,"caption":"Bergamoss"},"image":{"@id":"https:\/\/bergamoss.com\/en\/#\/schema\/logo\/image\/"}}]}},"_links":{"self":[{"href":"https:\/\/bergamoss.com\/en\/wp-json\/wp\/v2\/product\/9080","targetHints":{"allow":["GET"]}}],"collection":[{"href":"https:\/\/bergamoss.com\/en\/wp-json\/wp\/v2\/product"}],"about":[{"href":"https:\/\/bergamoss.com\/en\/wp-json\/wp\/v2\/types\/product"}],"wp:featuredmedia":[{"embeddable":true,"href":"https:\/\/bergamoss.com\/en\/wp-json\/wp\/v2\/media\/9107"}],"wp:attachment":[{"href":"https:\/\/bergamoss.com\/en\/wp-json\/wp\/v2\/media?parent=9080"}],"wp:term":[{"taxonomy":"product_brand","embeddable":true,"href":"https:\/\/bergamoss.com\/en\/wp-json\/wp\/v2\/product_brand?post=9080"},{"taxonomy":"product_cat","embeddable":true,"href":"https:\/\/bergamoss.com\/en\/wp-json\/wp\/v2\/product_cat?post=9080"},{"taxonomy":"product_tag","embeddable":true,"href":"https:\/\/bergamoss.com\/en\/wp-json\/wp\/v2\/product_tag?post=9080"}],"curies":[{"name":"wp","href":"https:\/\/api.w.org\/{rel}","templated":true}]}}