{"id":8640,"date":"2025-04-24T14:54:41","date_gmt":"2025-04-24T14:54:41","guid":{"rendered":"https:\/\/bergamoss.com\/?post_type=product&#038;p=8640"},"modified":"2026-04-05T07:49:42","modified_gmt":"2026-04-05T07:49:42","slug":"pivoine-de-malene-sample","status":"publish","type":"product","link":"https:\/\/bergamoss.com\/en\/product\/pivoine-de-malene-sample\/","title":{"rendered":"Pivoine de Mal\u00e8ne 2,5 ml SAMPLE"},"content":{"rendered":"<p><span style=\"font-weight: 400;\">Historically the first perfume of the Bergamoss brand by Czech perfumer V\u00e1clav Lebeda:<\/span><\/p>\n<p>&nbsp;<\/p>\n<p><em><span style=\"font-weight: 400;\">\u201cPivoine de Mal\u00e8ne is my first fragrance, which I created years ago after hundreds of attempts for my beloved wife Maru\u0161ka and named after our daughter \u2013 Mal\u00e8ne. What inspired me? Nothing other than peonies, my favorite flowers that grow in our little garden at the foothills of the Jesen\u00edky mountains, where I have been living and creating perfumes since 2019 \u2013 initially only for family and friends, and after years, finally for all of you, fragrance lovers. I could now overwhelm you with marketing talk about how intoxicating, mysterious, and precious the notes of this perfume are, but that wouldn\u2019t be appropriate. So instead, I recommend simply\u2026 taking a whiff and letting yourself be carried away by the scent of spring, the scent of peonies. A fragrance created out of pure love.\u201d<\/span><\/em><\/p>\n<p>&nbsp;<\/p>\n<p><b>TOP NOTES:<\/b><span style=\"font-weight: 400;\"> Egyptian geranium, Sicilian bergamot, freshly cut grass<\/span><\/p>\n<p><b>HEART:<\/b><span style=\"font-weight: 400;\"> Pink peony, satin<\/span><\/p>\n<p><b>BASE:<\/b><span style=\"font-weight: 400;\"> Ambergris, white musks<\/span><\/p>\n","protected":false},"excerpt":{"rendered":"<p><span style=\"font-weight: 400;\">1,5 ml Sample. Pivoine de<\/span><span style=\"font-weight: 400;\"> Mal\u00e8ne is my first fragrance, which I created years ago after hundreds of attempts for my beloved wife Maruska and named after our daughter &#8211; Mal\u00e8ne.<\/span><\/p>\n","protected":false},"featured_media":8643,"template":"","meta":[],"product_brand":[],"product_cat":[87],"product_tag":[],"class_list":{"0":"post-8640","1":"product","2":"type-product","3":"status-publish","4":"has-post-thumbnail","6":"product_cat-perfumes","8":"first","9":"outofstock","10":"taxable","11":"shipping-taxable","12":"purchasable","13":"product-type-simple","14":"add-to-wishlist-after_add_to_cart"},"yoast_head":"<!-- This site is optimized with the Yoast SEO plugin v24.2 - https:\/\/yoast.com\/wordpress\/plugins\/seo\/ -->\n<title>Pivoine de Mal\u00e8ne 2,5 ml SAMPLE - Bergamoss<\/title>\n<meta name=\"robots\" content=\"index, follow, max-snippet:-1, max-image-preview:large, max-video-preview:-1\" \/>\n<link rel=\"canonical\" href=\"https:\/\/bergamoss.com\/en\/product\/pivoine-de-malene-sample\/\" \/>\n<meta property=\"og:locale\" content=\"en_US\" \/>\n<meta property=\"og:type\" content=\"article\" \/>\n<meta property=\"og:title\" content=\"Pivoine de Mal\u00e8ne 2,5 ml SAMPLE - Bergamoss\" \/>\n<meta property=\"og:description\" content=\"1,5 ml Sample. Pivoine de Mal\u00e8ne is my first fragrance, which I created years ago after hundreds of attempts for my beloved wife Maruska and named after our daughter - Mal\u00e8ne.\" \/>\n<meta property=\"og:url\" content=\"https:\/\/bergamoss.com\/en\/product\/pivoine-de-malene-sample\/\" \/>\n<meta property=\"og:site_name\" content=\"Bergamoss\" \/>\n<meta property=\"article:modified_time\" content=\"2026-04-05T07:49:42+00:00\" \/>\n<meta property=\"og:image\" content=\"https:\/\/bergamoss.com\/wp-content\/uploads\/2025\/04\/Snimek-obrazovky-2025-04-24-v-17.32.46.png\" \/>\n\t<meta property=\"og:image:width\" content=\"998\" \/>\n\t<meta property=\"og:image:height\" content=\"1066\" \/>\n\t<meta property=\"og:image:type\" content=\"image\/png\" \/>\n<meta name=\"twitter:card\" content=\"summary_large_image\" \/>\n<meta name=\"twitter:label1\" content=\"Est. reading time\" \/>\n\t<meta name=\"twitter:data1\" content=\"2 minutes\" \/>\n<script type=\"application\/ld+json\" class=\"yoast-schema-graph\">{\"@context\":\"https:\/\/schema.org\",\"@graph\":[{\"@type\":\"WebPage\",\"@id\":\"https:\/\/bergamoss.com\/en\/product\/pivoine-de-malene-sample\/\",\"url\":\"https:\/\/bergamoss.com\/en\/product\/pivoine-de-malene-sample\/\",\"name\":\"Pivoine de Mal\u00e8ne 2,5 ml SAMPLE - Bergamoss\",\"isPartOf\":{\"@id\":\"https:\/\/bergamoss.com\/en\/#website\"},\"primaryImageOfPage\":{\"@id\":\"https:\/\/bergamoss.com\/en\/product\/pivoine-de-malene-sample\/#primaryimage\"},\"image\":{\"@id\":\"https:\/\/bergamoss.com\/en\/product\/pivoine-de-malene-sample\/#primaryimage\"},\"thumbnailUrl\":\"https:\/\/bergamoss.com\/wp-content\/uploads\/2025\/04\/Snimek-obrazovky-2025-04-24-v-17.32.46.png\",\"datePublished\":\"2025-04-24T14:54:41+00:00\",\"dateModified\":\"2026-04-05T07:49:42+00:00\",\"breadcrumb\":{\"@id\":\"https:\/\/bergamoss.com\/en\/product\/pivoine-de-malene-sample\/#breadcrumb\"},\"inLanguage\":\"en-US\",\"potentialAction\":[{\"@type\":\"ReadAction\",\"target\":[\"https:\/\/bergamoss.com\/en\/product\/pivoine-de-malene-sample\/\"]}]},{\"@type\":\"ImageObject\",\"inLanguage\":\"en-US\",\"@id\":\"https:\/\/bergamoss.com\/en\/product\/pivoine-de-malene-sample\/#primaryimage\",\"url\":\"https:\/\/bergamoss.com\/wp-content\/uploads\/2025\/04\/Snimek-obrazovky-2025-04-24-v-17.32.46.png\",\"contentUrl\":\"https:\/\/bergamoss.com\/wp-content\/uploads\/2025\/04\/Snimek-obrazovky-2025-04-24-v-17.32.46.png\",\"width\":998,\"height\":1066},{\"@type\":\"BreadcrumbList\",\"@id\":\"https:\/\/bergamoss.com\/en\/product\/pivoine-de-malene-sample\/#breadcrumb\",\"itemListElement\":[{\"@type\":\"ListItem\",\"position\":1,\"name\":\"Dom\u016f\",\"item\":\"https:\/\/bergamoss.com\/en\/\"},{\"@type\":\"ListItem\",\"position\":2,\"name\":\"Shop\",\"item\":\"https:\/\/bergamoss.com\/en\/shop\/\"},{\"@type\":\"ListItem\",\"position\":3,\"name\":\"Pivoine de Mal\u00e8ne 2,5 ml SAMPLE\"}]},{\"@type\":\"WebSite\",\"@id\":\"https:\/\/bergamoss.com\/en\/#website\",\"url\":\"https:\/\/bergamoss.com\/en\/\",\"name\":\"Bergamoss\",\"description\":\"Parf\u00e9my p\u0159edn\u00edho \u010desk\u00e9ho parfum\u00e9ra V\u00e1clava Lebedy\",\"publisher\":{\"@id\":\"https:\/\/bergamoss.com\/en\/#organization\"},\"potentialAction\":[{\"@type\":\"SearchAction\",\"target\":{\"@type\":\"EntryPoint\",\"urlTemplate\":\"https:\/\/bergamoss.com\/en\/?s={search_term_string}\"},\"query-input\":{\"@type\":\"PropertyValueSpecification\",\"valueRequired\":true,\"valueName\":\"search_term_string\"}}],\"inLanguage\":\"en-US\"},{\"@type\":\"Organization\",\"@id\":\"https:\/\/bergamoss.com\/en\/#organization\",\"name\":\"Bergamoss\",\"url\":\"https:\/\/bergamoss.com\/en\/\",\"logo\":{\"@type\":\"ImageObject\",\"inLanguage\":\"en-US\",\"@id\":\"https:\/\/bergamoss.com\/en\/#\/schema\/logo\/image\/\",\"url\":\"https:\/\/bergamoss.com\/wp-content\/uploads\/2024\/07\/Bergamos_logo_transparentni.png\",\"contentUrl\":\"https:\/\/bergamoss.com\/wp-content\/uploads\/2024\/07\/Bergamos_logo_transparentni.png\",\"width\":1814,\"height\":350,\"caption\":\"Bergamoss\"},\"image\":{\"@id\":\"https:\/\/bergamoss.com\/en\/#\/schema\/logo\/image\/\"}}]}<\/script>\n<!-- \/ Yoast SEO plugin. -->","yoast_head_json":{"title":"Pivoine de Mal\u00e8ne 2,5 ml SAMPLE - Bergamoss","robots":{"index":"index","follow":"follow","max-snippet":"max-snippet:-1","max-image-preview":"max-image-preview:large","max-video-preview":"max-video-preview:-1"},"canonical":"https:\/\/bergamoss.com\/en\/product\/pivoine-de-malene-sample\/","og_locale":"en_US","og_type":"article","og_title":"Pivoine de Mal\u00e8ne 2,5 ml SAMPLE - Bergamoss","og_description":"1,5 ml Sample. Pivoine de Mal\u00e8ne is my first fragrance, which I created years ago after hundreds of attempts for my beloved wife Maruska and named after our daughter - Mal\u00e8ne.","og_url":"https:\/\/bergamoss.com\/en\/product\/pivoine-de-malene-sample\/","og_site_name":"Bergamoss","article_modified_time":"2026-04-05T07:49:42+00:00","og_image":[{"width":998,"height":1066,"url":"https:\/\/bergamoss.com\/wp-content\/uploads\/2025\/04\/Snimek-obrazovky-2025-04-24-v-17.32.46.png","type":"image\/png"}],"twitter_card":"summary_large_image","twitter_misc":{"Est. reading time":"2 minutes"},"schema":{"@context":"https:\/\/schema.org","@graph":[{"@type":"WebPage","@id":"https:\/\/bergamoss.com\/en\/product\/pivoine-de-malene-sample\/","url":"https:\/\/bergamoss.com\/en\/product\/pivoine-de-malene-sample\/","name":"Pivoine de Mal\u00e8ne 2,5 ml SAMPLE - Bergamoss","isPartOf":{"@id":"https:\/\/bergamoss.com\/en\/#website"},"primaryImageOfPage":{"@id":"https:\/\/bergamoss.com\/en\/product\/pivoine-de-malene-sample\/#primaryimage"},"image":{"@id":"https:\/\/bergamoss.com\/en\/product\/pivoine-de-malene-sample\/#primaryimage"},"thumbnailUrl":"https:\/\/bergamoss.com\/wp-content\/uploads\/2025\/04\/Snimek-obrazovky-2025-04-24-v-17.32.46.png","datePublished":"2025-04-24T14:54:41+00:00","dateModified":"2026-04-05T07:49:42+00:00","breadcrumb":{"@id":"https:\/\/bergamoss.com\/en\/product\/pivoine-de-malene-sample\/#breadcrumb"},"inLanguage":"en-US","potentialAction":[{"@type":"ReadAction","target":["https:\/\/bergamoss.com\/en\/product\/pivoine-de-malene-sample\/"]}]},{"@type":"ImageObject","inLanguage":"en-US","@id":"https:\/\/bergamoss.com\/en\/product\/pivoine-de-malene-sample\/#primaryimage","url":"https:\/\/bergamoss.com\/wp-content\/uploads\/2025\/04\/Snimek-obrazovky-2025-04-24-v-17.32.46.png","contentUrl":"https:\/\/bergamoss.com\/wp-content\/uploads\/2025\/04\/Snimek-obrazovky-2025-04-24-v-17.32.46.png","width":998,"height":1066},{"@type":"BreadcrumbList","@id":"https:\/\/bergamoss.com\/en\/product\/pivoine-de-malene-sample\/#breadcrumb","itemListElement":[{"@type":"ListItem","position":1,"name":"Dom\u016f","item":"https:\/\/bergamoss.com\/en\/"},{"@type":"ListItem","position":2,"name":"Shop","item":"https:\/\/bergamoss.com\/en\/shop\/"},{"@type":"ListItem","position":3,"name":"Pivoine de Mal\u00e8ne 2,5 ml SAMPLE"}]},{"@type":"WebSite","@id":"https:\/\/bergamoss.com\/en\/#website","url":"https:\/\/bergamoss.com\/en\/","name":"Bergamoss","description":"Parf\u00e9my p\u0159edn\u00edho \u010desk\u00e9ho parfum\u00e9ra V\u00e1clava Lebedy","publisher":{"@id":"https:\/\/bergamoss.com\/en\/#organization"},"potentialAction":[{"@type":"SearchAction","target":{"@type":"EntryPoint","urlTemplate":"https:\/\/bergamoss.com\/en\/?s={search_term_string}"},"query-input":{"@type":"PropertyValueSpecification","valueRequired":true,"valueName":"search_term_string"}}],"inLanguage":"en-US"},{"@type":"Organization","@id":"https:\/\/bergamoss.com\/en\/#organization","name":"Bergamoss","url":"https:\/\/bergamoss.com\/en\/","logo":{"@type":"ImageObject","inLanguage":"en-US","@id":"https:\/\/bergamoss.com\/en\/#\/schema\/logo\/image\/","url":"https:\/\/bergamoss.com\/wp-content\/uploads\/2024\/07\/Bergamos_logo_transparentni.png","contentUrl":"https:\/\/bergamoss.com\/wp-content\/uploads\/2024\/07\/Bergamos_logo_transparentni.png","width":1814,"height":350,"caption":"Bergamoss"},"image":{"@id":"https:\/\/bergamoss.com\/en\/#\/schema\/logo\/image\/"}}]}},"_links":{"self":[{"href":"https:\/\/bergamoss.com\/en\/wp-json\/wp\/v2\/product\/8640","targetHints":{"allow":["GET"]}}],"collection":[{"href":"https:\/\/bergamoss.com\/en\/wp-json\/wp\/v2\/product"}],"about":[{"href":"https:\/\/bergamoss.com\/en\/wp-json\/wp\/v2\/types\/product"}],"wp:featuredmedia":[{"embeddable":true,"href":"https:\/\/bergamoss.com\/en\/wp-json\/wp\/v2\/media\/8643"}],"wp:attachment":[{"href":"https:\/\/bergamoss.com\/en\/wp-json\/wp\/v2\/media?parent=8640"}],"wp:term":[{"taxonomy":"product_brand","embeddable":true,"href":"https:\/\/bergamoss.com\/en\/wp-json\/wp\/v2\/product_brand?post=8640"},{"taxonomy":"product_cat","embeddable":true,"href":"https:\/\/bergamoss.com\/en\/wp-json\/wp\/v2\/product_cat?post=8640"},{"taxonomy":"product_tag","embeddable":true,"href":"https:\/\/bergamoss.com\/en\/wp-json\/wp\/v2\/product_tag?post=8640"}],"curies":[{"name":"wp","href":"https:\/\/api.w.org\/{rel}","templated":true}]}}