{"id":11009,"date":"2026-03-21T14:48:11","date_gmt":"2026-03-21T14:48:11","guid":{"rendered":"https:\/\/bergamoss.com\/?post_type=product&#038;p=11009"},"modified":"2026-03-27T08:56:39","modified_gmt":"2026-03-27T08:56:39","slug":"vetiver-noisette-10-ml-kopirovat","status":"publish","type":"product","link":"https:\/\/bergamoss.com\/en\/product\/vetiver-noisette-10-ml-kopirovat\/","title":{"rendered":"Twolips &#8211; 10 ml"},"content":{"rendered":"<p><strong>Twolips \u2013 Limited Edition (100 pieces)<\/strong><\/p>\n<p>I always thought tulips didn\u2019t have a scent. And it\u2019s true that most of them give off almost no scent at all. But there are some that do. Delicately, yet beautifully. And to celebrate these beautiful spring flowers, I created the Twolips perfume with notes of tulips from our garden, complemented by a juicy citrus-fruity accord of cherry and red mandarin. At the heart of the perfume, juicy pear blends with rose absolute and a lily-of-the-valley perfume molecule called Nympheal. The base features my favorite white sandalwood for creaminess and a blend of long-lasting musks. Welcome the sister to Pivoine de Malene\u2014the Twolips perfume.<\/p>\n<p>&nbsp;<\/p>\n<p><strong>TOP NOTES:<\/strong><\/p>\n<p>&nbsp;<\/p>\n<p>Tulip<\/p>\n<p>Cherry<\/p>\n<p>Red Mandarin<\/p>\n<p>&nbsp;<\/p>\n<p><strong>HEART NOTES:<\/strong><\/p>\n<p>&nbsp;<\/p>\n<p>Williams Pear<\/p>\n<p>Rose Absolute<\/p>\n<p>Nympheal<\/p>\n<p>&nbsp;<\/p>\n<p><strong>BASE NOTES:<\/strong><\/p>\n<p>&nbsp;<\/p>\n<p>White Sandalwood<\/p>\n<p>Musk<\/p>\n<p>&nbsp;<\/p>\n<p>Concentration: EDP<\/p>\n","protected":false},"excerpt":{"rendered":"<p>My newest perfume Twolips with notes of tulips from our garden, complemented by a juicy citrus-fruity accord of cherry and red mandarin. At the heart of the perfume, juicy pear blends with rose absolute and a lily-of-the-valley perfume molecule called Nympheal. The base features my favorite white sandalwood for creaminess and a blend of long-lasting musks. Welcome the sister to Pivoine de Malene\u2014the Twolips perfume.<\/p>\n","protected":false},"featured_media":11014,"template":"","meta":[],"product_brand":[],"product_cat":[87],"product_tag":[],"class_list":{"0":"post-11009","1":"product","2":"type-product","3":"status-publish","4":"has-post-thumbnail","6":"product_cat-perfumes","8":"first","9":"instock","10":"taxable","11":"shipping-taxable","12":"purchasable","13":"product-type-simple","14":"add-to-wishlist-after_add_to_cart"},"yoast_head":"<!-- This site is optimized with the Yoast SEO plugin v24.2 - https:\/\/yoast.com\/wordpress\/plugins\/seo\/ -->\n<title>Twolips - 10 ml - Bergamoss<\/title>\n<meta name=\"description\" content=\"Twolips perfume: notes of tulips from our garden, complemented by a juicy citrus-fruity accord of cherry and red mandarin. At the heart of the perfume, juicy pear blends with rose absolute. The base features white sandalwood for creaminess and a blend of musks.\" \/>\n<meta name=\"robots\" content=\"index, follow, max-snippet:-1, max-image-preview:large, max-video-preview:-1\" \/>\n<link rel=\"canonical\" href=\"https:\/\/bergamoss.com\/en\/product\/vetiver-noisette-10-ml-kopirovat\/\" \/>\n<meta property=\"og:locale\" content=\"en_US\" \/>\n<meta property=\"og:type\" content=\"article\" \/>\n<meta property=\"og:title\" content=\"Twolips - 10 ml - Bergamoss\" \/>\n<meta property=\"og:description\" content=\"Twolips perfume: notes of tulips from our garden, complemented by a juicy citrus-fruity accord of cherry and red mandarin. At the heart of the perfume, juicy pear blends with rose absolute. The base features white sandalwood for creaminess and a blend of musks.\" \/>\n<meta property=\"og:url\" content=\"https:\/\/bergamoss.com\/en\/product\/vetiver-noisette-10-ml-kopirovat\/\" \/>\n<meta property=\"og:site_name\" content=\"Bergamoss\" \/>\n<meta property=\"article:modified_time\" content=\"2026-03-27T08:56:39+00:00\" \/>\n<meta property=\"og:image\" content=\"https:\/\/bergamoss.com\/wp-content\/uploads\/2026\/03\/Twolips-2-e1774439261391.png\" \/>\n\t<meta property=\"og:image:width\" content=\"896\" \/>\n\t<meta property=\"og:image:height\" content=\"1195\" \/>\n\t<meta property=\"og:image:type\" content=\"image\/png\" \/>\n<meta name=\"twitter:card\" content=\"summary_large_image\" \/>\n<meta name=\"twitter:label1\" content=\"Est. reading time\" \/>\n\t<meta name=\"twitter:data1\" content=\"1 minute\" \/>\n<script type=\"application\/ld+json\" class=\"yoast-schema-graph\">{\"@context\":\"https:\/\/schema.org\",\"@graph\":[{\"@type\":\"WebPage\",\"@id\":\"https:\/\/bergamoss.com\/en\/product\/vetiver-noisette-10-ml-kopirovat\/\",\"url\":\"https:\/\/bergamoss.com\/en\/product\/vetiver-noisette-10-ml-kopirovat\/\",\"name\":\"Twolips - 10 ml - Bergamoss\",\"isPartOf\":{\"@id\":\"https:\/\/bergamoss.com\/en\/#website\"},\"primaryImageOfPage\":{\"@id\":\"https:\/\/bergamoss.com\/en\/product\/vetiver-noisette-10-ml-kopirovat\/#primaryimage\"},\"image\":{\"@id\":\"https:\/\/bergamoss.com\/en\/product\/vetiver-noisette-10-ml-kopirovat\/#primaryimage\"},\"thumbnailUrl\":\"https:\/\/bergamoss.com\/wp-content\/uploads\/2026\/03\/Twolips-2-e1774439261391.png\",\"datePublished\":\"2026-03-21T14:48:11+00:00\",\"dateModified\":\"2026-03-27T08:56:39+00:00\",\"description\":\"Twolips perfume: notes of tulips from our garden, complemented by a juicy citrus-fruity accord of cherry and red mandarin. At the heart of the perfume, juicy pear blends with rose absolute. The base features white sandalwood for creaminess and a blend of musks.\",\"breadcrumb\":{\"@id\":\"https:\/\/bergamoss.com\/en\/product\/vetiver-noisette-10-ml-kopirovat\/#breadcrumb\"},\"inLanguage\":\"en-US\",\"potentialAction\":[{\"@type\":\"ReadAction\",\"target\":[\"https:\/\/bergamoss.com\/en\/product\/vetiver-noisette-10-ml-kopirovat\/\"]}]},{\"@type\":\"ImageObject\",\"inLanguage\":\"en-US\",\"@id\":\"https:\/\/bergamoss.com\/en\/product\/vetiver-noisette-10-ml-kopirovat\/#primaryimage\",\"url\":\"https:\/\/bergamoss.com\/wp-content\/uploads\/2026\/03\/Twolips-2-e1774439261391.png\",\"contentUrl\":\"https:\/\/bergamoss.com\/wp-content\/uploads\/2026\/03\/Twolips-2-e1774439261391.png\",\"width\":896,\"height\":1195},{\"@type\":\"BreadcrumbList\",\"@id\":\"https:\/\/bergamoss.com\/en\/product\/vetiver-noisette-10-ml-kopirovat\/#breadcrumb\",\"itemListElement\":[{\"@type\":\"ListItem\",\"position\":1,\"name\":\"Dom\u016f\",\"item\":\"https:\/\/bergamoss.com\/en\/\"},{\"@type\":\"ListItem\",\"position\":2,\"name\":\"Shop\",\"item\":\"https:\/\/bergamoss.com\/en\/shop\/\"},{\"@type\":\"ListItem\",\"position\":3,\"name\":\"Twolips &#8211; 10 ml\"}]},{\"@type\":\"WebSite\",\"@id\":\"https:\/\/bergamoss.com\/en\/#website\",\"url\":\"https:\/\/bergamoss.com\/en\/\",\"name\":\"Bergamoss\",\"description\":\"Parf\u00e9my p\u0159edn\u00edho \u010desk\u00e9ho parfum\u00e9ra V\u00e1clava Lebedy\",\"publisher\":{\"@id\":\"https:\/\/bergamoss.com\/en\/#organization\"},\"potentialAction\":[{\"@type\":\"SearchAction\",\"target\":{\"@type\":\"EntryPoint\",\"urlTemplate\":\"https:\/\/bergamoss.com\/en\/?s={search_term_string}\"},\"query-input\":{\"@type\":\"PropertyValueSpecification\",\"valueRequired\":true,\"valueName\":\"search_term_string\"}}],\"inLanguage\":\"en-US\"},{\"@type\":\"Organization\",\"@id\":\"https:\/\/bergamoss.com\/en\/#organization\",\"name\":\"Bergamoss\",\"url\":\"https:\/\/bergamoss.com\/en\/\",\"logo\":{\"@type\":\"ImageObject\",\"inLanguage\":\"en-US\",\"@id\":\"https:\/\/bergamoss.com\/en\/#\/schema\/logo\/image\/\",\"url\":\"https:\/\/bergamoss.com\/wp-content\/uploads\/2024\/07\/Bergamos_logo_transparentni.png\",\"contentUrl\":\"https:\/\/bergamoss.com\/wp-content\/uploads\/2024\/07\/Bergamos_logo_transparentni.png\",\"width\":1814,\"height\":350,\"caption\":\"Bergamoss\"},\"image\":{\"@id\":\"https:\/\/bergamoss.com\/en\/#\/schema\/logo\/image\/\"}}]}<\/script>\n<!-- \/ Yoast SEO plugin. -->","yoast_head_json":{"title":"Twolips - 10 ml - Bergamoss","description":"Twolips perfume: notes of tulips from our garden, complemented by a juicy citrus-fruity accord of cherry and red mandarin. At the heart of the perfume, juicy pear blends with rose absolute. The base features white sandalwood for creaminess and a blend of musks.","robots":{"index":"index","follow":"follow","max-snippet":"max-snippet:-1","max-image-preview":"max-image-preview:large","max-video-preview":"max-video-preview:-1"},"canonical":"https:\/\/bergamoss.com\/en\/product\/vetiver-noisette-10-ml-kopirovat\/","og_locale":"en_US","og_type":"article","og_title":"Twolips - 10 ml - Bergamoss","og_description":"Twolips perfume: notes of tulips from our garden, complemented by a juicy citrus-fruity accord of cherry and red mandarin. At the heart of the perfume, juicy pear blends with rose absolute. The base features white sandalwood for creaminess and a blend of musks.","og_url":"https:\/\/bergamoss.com\/en\/product\/vetiver-noisette-10-ml-kopirovat\/","og_site_name":"Bergamoss","article_modified_time":"2026-03-27T08:56:39+00:00","og_image":[{"width":896,"height":1195,"url":"https:\/\/bergamoss.com\/wp-content\/uploads\/2026\/03\/Twolips-2-e1774439261391.png","type":"image\/png"}],"twitter_card":"summary_large_image","twitter_misc":{"Est. reading time":"1 minute"},"schema":{"@context":"https:\/\/schema.org","@graph":[{"@type":"WebPage","@id":"https:\/\/bergamoss.com\/en\/product\/vetiver-noisette-10-ml-kopirovat\/","url":"https:\/\/bergamoss.com\/en\/product\/vetiver-noisette-10-ml-kopirovat\/","name":"Twolips - 10 ml - Bergamoss","isPartOf":{"@id":"https:\/\/bergamoss.com\/en\/#website"},"primaryImageOfPage":{"@id":"https:\/\/bergamoss.com\/en\/product\/vetiver-noisette-10-ml-kopirovat\/#primaryimage"},"image":{"@id":"https:\/\/bergamoss.com\/en\/product\/vetiver-noisette-10-ml-kopirovat\/#primaryimage"},"thumbnailUrl":"https:\/\/bergamoss.com\/wp-content\/uploads\/2026\/03\/Twolips-2-e1774439261391.png","datePublished":"2026-03-21T14:48:11+00:00","dateModified":"2026-03-27T08:56:39+00:00","description":"Twolips perfume: notes of tulips from our garden, complemented by a juicy citrus-fruity accord of cherry and red mandarin. At the heart of the perfume, juicy pear blends with rose absolute. The base features white sandalwood for creaminess and a blend of musks.","breadcrumb":{"@id":"https:\/\/bergamoss.com\/en\/product\/vetiver-noisette-10-ml-kopirovat\/#breadcrumb"},"inLanguage":"en-US","potentialAction":[{"@type":"ReadAction","target":["https:\/\/bergamoss.com\/en\/product\/vetiver-noisette-10-ml-kopirovat\/"]}]},{"@type":"ImageObject","inLanguage":"en-US","@id":"https:\/\/bergamoss.com\/en\/product\/vetiver-noisette-10-ml-kopirovat\/#primaryimage","url":"https:\/\/bergamoss.com\/wp-content\/uploads\/2026\/03\/Twolips-2-e1774439261391.png","contentUrl":"https:\/\/bergamoss.com\/wp-content\/uploads\/2026\/03\/Twolips-2-e1774439261391.png","width":896,"height":1195},{"@type":"BreadcrumbList","@id":"https:\/\/bergamoss.com\/en\/product\/vetiver-noisette-10-ml-kopirovat\/#breadcrumb","itemListElement":[{"@type":"ListItem","position":1,"name":"Dom\u016f","item":"https:\/\/bergamoss.com\/en\/"},{"@type":"ListItem","position":2,"name":"Shop","item":"https:\/\/bergamoss.com\/en\/shop\/"},{"@type":"ListItem","position":3,"name":"Twolips &#8211; 10 ml"}]},{"@type":"WebSite","@id":"https:\/\/bergamoss.com\/en\/#website","url":"https:\/\/bergamoss.com\/en\/","name":"Bergamoss","description":"Parf\u00e9my p\u0159edn\u00edho \u010desk\u00e9ho parfum\u00e9ra V\u00e1clava Lebedy","publisher":{"@id":"https:\/\/bergamoss.com\/en\/#organization"},"potentialAction":[{"@type":"SearchAction","target":{"@type":"EntryPoint","urlTemplate":"https:\/\/bergamoss.com\/en\/?s={search_term_string}"},"query-input":{"@type":"PropertyValueSpecification","valueRequired":true,"valueName":"search_term_string"}}],"inLanguage":"en-US"},{"@type":"Organization","@id":"https:\/\/bergamoss.com\/en\/#organization","name":"Bergamoss","url":"https:\/\/bergamoss.com\/en\/","logo":{"@type":"ImageObject","inLanguage":"en-US","@id":"https:\/\/bergamoss.com\/en\/#\/schema\/logo\/image\/","url":"https:\/\/bergamoss.com\/wp-content\/uploads\/2024\/07\/Bergamos_logo_transparentni.png","contentUrl":"https:\/\/bergamoss.com\/wp-content\/uploads\/2024\/07\/Bergamos_logo_transparentni.png","width":1814,"height":350,"caption":"Bergamoss"},"image":{"@id":"https:\/\/bergamoss.com\/en\/#\/schema\/logo\/image\/"}}]}},"_links":{"self":[{"href":"https:\/\/bergamoss.com\/en\/wp-json\/wp\/v2\/product\/11009","targetHints":{"allow":["GET"]}}],"collection":[{"href":"https:\/\/bergamoss.com\/en\/wp-json\/wp\/v2\/product"}],"about":[{"href":"https:\/\/bergamoss.com\/en\/wp-json\/wp\/v2\/types\/product"}],"wp:featuredmedia":[{"embeddable":true,"href":"https:\/\/bergamoss.com\/en\/wp-json\/wp\/v2\/media\/11014"}],"wp:attachment":[{"href":"https:\/\/bergamoss.com\/en\/wp-json\/wp\/v2\/media?parent=11009"}],"wp:term":[{"taxonomy":"product_brand","embeddable":true,"href":"https:\/\/bergamoss.com\/en\/wp-json\/wp\/v2\/product_brand?post=11009"},{"taxonomy":"product_cat","embeddable":true,"href":"https:\/\/bergamoss.com\/en\/wp-json\/wp\/v2\/product_cat?post=11009"},{"taxonomy":"product_tag","embeddable":true,"href":"https:\/\/bergamoss.com\/en\/wp-json\/wp\/v2\/product_tag?post=11009"}],"curies":[{"name":"wp","href":"https:\/\/api.w.org\/{rel}","templated":true}]}}