{"id":10335,"date":"2025-10-29T11:46:00","date_gmt":"2025-10-29T11:46:00","guid":{"rendered":"https:\/\/bergamoss.com\/?post_type=product&#038;p=10335"},"modified":"2025-11-17T23:19:51","modified_gmt":"2025-11-17T23:19:51","slug":"vetiver-noisette-10-ml","status":"publish","type":"product","link":"https:\/\/bergamoss.com\/en\/product\/vetiver-noisette-10-ml\/","title":{"rendered":"V\u00e9tiver Noisette &#8211; 10 ml"},"content":{"rendered":"<p><strong>V\u00e9tiver Noisette 10 ml.<\/p>\n<p><\/strong>\u00a0&#8220;&#8230;and when will you make one for men?&#8221; Now is the time. I know that today&#8217;s trend is unisex, but I&#8217;m a bit &#8220;old school&#8221; in that regard. For me, a perfume is always more feminine or masculine. And since I&#8217;ve mainly been creating women&#8217;s perfumes until now, I think the time has come for one that is distinctly masculine.<strong> V\u00e9tiver Noisette<\/strong> is autumn, fallen leaves, earthy notes of two natural vetivers (Haiti and Brazil) combined with hazelnut and ginger oil.<\/p>\n<p>&nbsp;<\/p>\n<p><strong>TOP NOTES:<\/strong><\/p>\n<p>Calabrian bergamot<\/p>\n<p>Hazelnut<\/p>\n<p>Cocoa<\/p>\n<p>&nbsp;<\/p>\n<p><strong>HEART NOTES:<\/strong><\/p>\n<p>Ginger<\/p>\n<p>Sambac jasmine<\/p>\n<p>Czech violets<\/p>\n<p>Soft leather<\/p>\n<p>&nbsp;<\/p>\n<p><strong>BASE:<\/strong><\/p>\n<p>Brazilian vetiver<\/p>\n<p>Haitian vetiver<\/p>\n<p>Texas cedar<\/p>\n<p>White sandalwood<\/p>\n<p>&nbsp;<\/p>\n<p>Concentration: EDP<\/p>\n","protected":false},"excerpt":{"rendered":"<p><strong>V\u00e9tiver Noisette 10 ml.<\/p>\n<p><\/strong>\u00a0&#8220;&#8230;and when will you make one for men?&#8221; Now is the time. I know that today&#8217;s trend is unisex, but I&#8217;m a bit &#8220;old school&#8221; in that regard. For me, a perfume is always more feminine or masculine. And since I&#8217;ve mainly been creating women&#8217;s perfumes until now, I think the time has come for one that is distinctly masculine.<strong> V\u00e9tiver Noisette<\/strong> is autumn, fallen leaves, earthy notes of two natural vetivers (Haiti and Brazil) combined with hazelnut and ginger oil.<\/p>\n","protected":false},"featured_media":10338,"template":"","meta":[],"product_brand":[],"product_cat":[87],"product_tag":[],"class_list":{"0":"post-10335","1":"product","2":"type-product","3":"status-publish","4":"has-post-thumbnail","6":"product_cat-perfumes","8":"first","9":"instock","10":"taxable","11":"shipping-taxable","12":"purchasable","13":"product-type-simple","14":"add-to-wishlist-after_add_to_cart"},"yoast_head":"<!-- This site is optimized with the Yoast SEO plugin v24.2 - https:\/\/yoast.com\/wordpress\/plugins\/seo\/ -->\n<title>V\u00e9tiver Noisette - 10 ml - Bergamoss<\/title>\n<meta name=\"description\" content=\"V\u00e9tiver Noisette is autumn, fallen leaves, earthy notes of two natural vetivers (Haiti and Brazil) combined with hazelnut and ginger oil.\" \/>\n<meta name=\"robots\" content=\"index, follow, max-snippet:-1, max-image-preview:large, max-video-preview:-1\" \/>\n<link rel=\"canonical\" href=\"https:\/\/bergamoss.com\/en\/product\/vetiver-noisette-10-ml\/\" \/>\n<meta property=\"og:locale\" content=\"en_US\" \/>\n<meta property=\"og:type\" content=\"article\" \/>\n<meta property=\"og:title\" content=\"V\u00e9tiver Noisette - 10 ml - Bergamoss\" \/>\n<meta property=\"og:description\" content=\"V\u00e9tiver Noisette is autumn, fallen leaves, earthy notes of two natural vetivers (Haiti and Brazil) combined with hazelnut and ginger oil.\" \/>\n<meta property=\"og:url\" content=\"https:\/\/bergamoss.com\/en\/product\/vetiver-noisette-10-ml\/\" \/>\n<meta property=\"og:site_name\" content=\"Bergamoss\" \/>\n<meta property=\"article:modified_time\" content=\"2025-11-17T23:19:51+00:00\" \/>\n<meta property=\"og:image\" content=\"https:\/\/bergamoss.com\/wp-content\/uploads\/2025\/10\/Generated-Image-October-28-2025-9_01AM-e1761739271138.png\" \/>\n\t<meta property=\"og:image:width\" content=\"832\" \/>\n\t<meta property=\"og:image:height\" content=\"1248\" \/>\n\t<meta property=\"og:image:type\" content=\"image\/png\" \/>\n<meta name=\"twitter:card\" content=\"summary_large_image\" \/>\n<meta name=\"twitter:label1\" content=\"Est. reading time\" \/>\n\t<meta name=\"twitter:data1\" content=\"1 minute\" \/>\n<script type=\"application\/ld+json\" class=\"yoast-schema-graph\">{\"@context\":\"https:\/\/schema.org\",\"@graph\":[{\"@type\":\"WebPage\",\"@id\":\"https:\/\/bergamoss.com\/en\/product\/vetiver-noisette-10-ml\/\",\"url\":\"https:\/\/bergamoss.com\/en\/product\/vetiver-noisette-10-ml\/\",\"name\":\"V\u00e9tiver Noisette - 10 ml - Bergamoss\",\"isPartOf\":{\"@id\":\"https:\/\/bergamoss.com\/en\/#website\"},\"primaryImageOfPage\":{\"@id\":\"https:\/\/bergamoss.com\/en\/product\/vetiver-noisette-10-ml\/#primaryimage\"},\"image\":{\"@id\":\"https:\/\/bergamoss.com\/en\/product\/vetiver-noisette-10-ml\/#primaryimage\"},\"thumbnailUrl\":\"https:\/\/bergamoss.com\/wp-content\/uploads\/2025\/10\/Generated-Image-October-28-2025-9_01AM-e1761739271138.png\",\"datePublished\":\"2025-10-29T11:46:00+00:00\",\"dateModified\":\"2025-11-17T23:19:51+00:00\",\"description\":\"V\u00e9tiver Noisette is autumn, fallen leaves, earthy notes of two natural vetivers (Haiti and Brazil) combined with hazelnut and ginger oil.\",\"breadcrumb\":{\"@id\":\"https:\/\/bergamoss.com\/en\/product\/vetiver-noisette-10-ml\/#breadcrumb\"},\"inLanguage\":\"en-US\",\"potentialAction\":[{\"@type\":\"ReadAction\",\"target\":[\"https:\/\/bergamoss.com\/en\/product\/vetiver-noisette-10-ml\/\"]}]},{\"@type\":\"ImageObject\",\"inLanguage\":\"en-US\",\"@id\":\"https:\/\/bergamoss.com\/en\/product\/vetiver-noisette-10-ml\/#primaryimage\",\"url\":\"https:\/\/bergamoss.com\/wp-content\/uploads\/2025\/10\/Generated-Image-October-28-2025-9_01AM-e1761739271138.png\",\"contentUrl\":\"https:\/\/bergamoss.com\/wp-content\/uploads\/2025\/10\/Generated-Image-October-28-2025-9_01AM-e1761739271138.png\",\"width\":832,\"height\":1248},{\"@type\":\"BreadcrumbList\",\"@id\":\"https:\/\/bergamoss.com\/en\/product\/vetiver-noisette-10-ml\/#breadcrumb\",\"itemListElement\":[{\"@type\":\"ListItem\",\"position\":1,\"name\":\"Dom\u016f\",\"item\":\"https:\/\/bergamoss.com\/en\/\"},{\"@type\":\"ListItem\",\"position\":2,\"name\":\"Shop\",\"item\":\"https:\/\/bergamoss.com\/en\/shop\/\"},{\"@type\":\"ListItem\",\"position\":3,\"name\":\"V\u00e9tiver Noisette &#8211; 10 ml\"}]},{\"@type\":\"WebSite\",\"@id\":\"https:\/\/bergamoss.com\/en\/#website\",\"url\":\"https:\/\/bergamoss.com\/en\/\",\"name\":\"Bergamoss\",\"description\":\"Parf\u00e9my p\u0159edn\u00edho \u010desk\u00e9ho parfum\u00e9ra V\u00e1clava Lebedy\",\"publisher\":{\"@id\":\"https:\/\/bergamoss.com\/en\/#organization\"},\"potentialAction\":[{\"@type\":\"SearchAction\",\"target\":{\"@type\":\"EntryPoint\",\"urlTemplate\":\"https:\/\/bergamoss.com\/en\/?s={search_term_string}\"},\"query-input\":{\"@type\":\"PropertyValueSpecification\",\"valueRequired\":true,\"valueName\":\"search_term_string\"}}],\"inLanguage\":\"en-US\"},{\"@type\":\"Organization\",\"@id\":\"https:\/\/bergamoss.com\/en\/#organization\",\"name\":\"Bergamoss\",\"url\":\"https:\/\/bergamoss.com\/en\/\",\"logo\":{\"@type\":\"ImageObject\",\"inLanguage\":\"en-US\",\"@id\":\"https:\/\/bergamoss.com\/en\/#\/schema\/logo\/image\/\",\"url\":\"https:\/\/bergamoss.com\/wp-content\/uploads\/2024\/07\/Bergamos_logo_transparentni.png\",\"contentUrl\":\"https:\/\/bergamoss.com\/wp-content\/uploads\/2024\/07\/Bergamos_logo_transparentni.png\",\"width\":1814,\"height\":350,\"caption\":\"Bergamoss\"},\"image\":{\"@id\":\"https:\/\/bergamoss.com\/en\/#\/schema\/logo\/image\/\"}}]}<\/script>\n<!-- \/ Yoast SEO plugin. -->","yoast_head_json":{"title":"V\u00e9tiver Noisette - 10 ml - Bergamoss","description":"V\u00e9tiver Noisette is autumn, fallen leaves, earthy notes of two natural vetivers (Haiti and Brazil) combined with hazelnut and ginger oil.","robots":{"index":"index","follow":"follow","max-snippet":"max-snippet:-1","max-image-preview":"max-image-preview:large","max-video-preview":"max-video-preview:-1"},"canonical":"https:\/\/bergamoss.com\/en\/product\/vetiver-noisette-10-ml\/","og_locale":"en_US","og_type":"article","og_title":"V\u00e9tiver Noisette - 10 ml - Bergamoss","og_description":"V\u00e9tiver Noisette is autumn, fallen leaves, earthy notes of two natural vetivers (Haiti and Brazil) combined with hazelnut and ginger oil.","og_url":"https:\/\/bergamoss.com\/en\/product\/vetiver-noisette-10-ml\/","og_site_name":"Bergamoss","article_modified_time":"2025-11-17T23:19:51+00:00","og_image":[{"width":832,"height":1248,"url":"https:\/\/bergamoss.com\/wp-content\/uploads\/2025\/10\/Generated-Image-October-28-2025-9_01AM-e1761739271138.png","type":"image\/png"}],"twitter_card":"summary_large_image","twitter_misc":{"Est. reading time":"1 minute"},"schema":{"@context":"https:\/\/schema.org","@graph":[{"@type":"WebPage","@id":"https:\/\/bergamoss.com\/en\/product\/vetiver-noisette-10-ml\/","url":"https:\/\/bergamoss.com\/en\/product\/vetiver-noisette-10-ml\/","name":"V\u00e9tiver Noisette - 10 ml - Bergamoss","isPartOf":{"@id":"https:\/\/bergamoss.com\/en\/#website"},"primaryImageOfPage":{"@id":"https:\/\/bergamoss.com\/en\/product\/vetiver-noisette-10-ml\/#primaryimage"},"image":{"@id":"https:\/\/bergamoss.com\/en\/product\/vetiver-noisette-10-ml\/#primaryimage"},"thumbnailUrl":"https:\/\/bergamoss.com\/wp-content\/uploads\/2025\/10\/Generated-Image-October-28-2025-9_01AM-e1761739271138.png","datePublished":"2025-10-29T11:46:00+00:00","dateModified":"2025-11-17T23:19:51+00:00","description":"V\u00e9tiver Noisette is autumn, fallen leaves, earthy notes of two natural vetivers (Haiti and Brazil) combined with hazelnut and ginger oil.","breadcrumb":{"@id":"https:\/\/bergamoss.com\/en\/product\/vetiver-noisette-10-ml\/#breadcrumb"},"inLanguage":"en-US","potentialAction":[{"@type":"ReadAction","target":["https:\/\/bergamoss.com\/en\/product\/vetiver-noisette-10-ml\/"]}]},{"@type":"ImageObject","inLanguage":"en-US","@id":"https:\/\/bergamoss.com\/en\/product\/vetiver-noisette-10-ml\/#primaryimage","url":"https:\/\/bergamoss.com\/wp-content\/uploads\/2025\/10\/Generated-Image-October-28-2025-9_01AM-e1761739271138.png","contentUrl":"https:\/\/bergamoss.com\/wp-content\/uploads\/2025\/10\/Generated-Image-October-28-2025-9_01AM-e1761739271138.png","width":832,"height":1248},{"@type":"BreadcrumbList","@id":"https:\/\/bergamoss.com\/en\/product\/vetiver-noisette-10-ml\/#breadcrumb","itemListElement":[{"@type":"ListItem","position":1,"name":"Dom\u016f","item":"https:\/\/bergamoss.com\/en\/"},{"@type":"ListItem","position":2,"name":"Shop","item":"https:\/\/bergamoss.com\/en\/shop\/"},{"@type":"ListItem","position":3,"name":"V\u00e9tiver Noisette &#8211; 10 ml"}]},{"@type":"WebSite","@id":"https:\/\/bergamoss.com\/en\/#website","url":"https:\/\/bergamoss.com\/en\/","name":"Bergamoss","description":"Parf\u00e9my p\u0159edn\u00edho \u010desk\u00e9ho parfum\u00e9ra V\u00e1clava Lebedy","publisher":{"@id":"https:\/\/bergamoss.com\/en\/#organization"},"potentialAction":[{"@type":"SearchAction","target":{"@type":"EntryPoint","urlTemplate":"https:\/\/bergamoss.com\/en\/?s={search_term_string}"},"query-input":{"@type":"PropertyValueSpecification","valueRequired":true,"valueName":"search_term_string"}}],"inLanguage":"en-US"},{"@type":"Organization","@id":"https:\/\/bergamoss.com\/en\/#organization","name":"Bergamoss","url":"https:\/\/bergamoss.com\/en\/","logo":{"@type":"ImageObject","inLanguage":"en-US","@id":"https:\/\/bergamoss.com\/en\/#\/schema\/logo\/image\/","url":"https:\/\/bergamoss.com\/wp-content\/uploads\/2024\/07\/Bergamos_logo_transparentni.png","contentUrl":"https:\/\/bergamoss.com\/wp-content\/uploads\/2024\/07\/Bergamos_logo_transparentni.png","width":1814,"height":350,"caption":"Bergamoss"},"image":{"@id":"https:\/\/bergamoss.com\/en\/#\/schema\/logo\/image\/"}}]}},"_links":{"self":[{"href":"https:\/\/bergamoss.com\/en\/wp-json\/wp\/v2\/product\/10335","targetHints":{"allow":["GET"]}}],"collection":[{"href":"https:\/\/bergamoss.com\/en\/wp-json\/wp\/v2\/product"}],"about":[{"href":"https:\/\/bergamoss.com\/en\/wp-json\/wp\/v2\/types\/product"}],"wp:featuredmedia":[{"embeddable":true,"href":"https:\/\/bergamoss.com\/en\/wp-json\/wp\/v2\/media\/10338"}],"wp:attachment":[{"href":"https:\/\/bergamoss.com\/en\/wp-json\/wp\/v2\/media?parent=10335"}],"wp:term":[{"taxonomy":"product_brand","embeddable":true,"href":"https:\/\/bergamoss.com\/en\/wp-json\/wp\/v2\/product_brand?post=10335"},{"taxonomy":"product_cat","embeddable":true,"href":"https:\/\/bergamoss.com\/en\/wp-json\/wp\/v2\/product_cat?post=10335"},{"taxonomy":"product_tag","embeddable":true,"href":"https:\/\/bergamoss.com\/en\/wp-json\/wp\/v2\/product_tag?post=10335"}],"curies":[{"name":"wp","href":"https:\/\/api.w.org\/{rel}","templated":true}]}}