{"id":10311,"date":"2025-10-27T13:31:50","date_gmt":"2025-10-27T13:31:50","guid":{"rendered":"https:\/\/bergamoss.com\/?post_type=product&#038;p=10311"},"modified":"2025-12-14T16:36:22","modified_gmt":"2025-12-14T16:36:22","slug":"lets-make-love-on-christmas-50ml","status":"publish","type":"product","link":"https:\/\/bergamoss.com\/en\/product\/lets-make-love-on-christmas-50ml\/","title":{"rendered":"Let`s make love on Christmas -50 ml"},"content":{"rendered":"<p>Let&#8217;s make love on Christmas. 50ml .<\/p>\n<p><strong>A new, gourmand, unisex Christmas perfume from the perfumer V\u00e1clav Lebeda (Bergamoss). A fragrance that will remind you of Christmas Eve at any moment or time of the year. This is how it smells at our house a few days before Christmas.<\/strong><\/p>\n<p>&nbsp;<\/p>\n<p>Notes:<\/p>\n<p>&nbsp;<\/p>\n<p>Honeyed gingerbread<\/p>\n<p>Czech Christmas Cookies (Lineck\u00e9)<\/p>\n<p>Red mandarin oil<\/p>\n<p>Roasted almonds<\/p>\n<p>Cinnamon<\/p>\n<p>Tonka bean<\/p>\n<p>Marmelade<\/p>\n<p>&nbsp;<\/p>\n<p>Concentration: Parfum<\/p>\n","protected":false},"excerpt":{"rendered":"<p>Let&#8217;s make love on Christmas.<\/p>\n<p><strong>A new, gourmand, unisex Christmas perfume from the perfumer V\u00e1clav Lebeda (Bergamoss). A fragrance that will remind you of Christmas Eve at any moment or time of year. This is how it smells at our house a few days before Christmas.<\/strong><\/p>\n","protected":false},"featured_media":10342,"template":"","meta":[],"product_brand":[],"product_cat":[87],"product_tag":[],"class_list":{"0":"post-10311","1":"product","2":"type-product","3":"status-publish","4":"has-post-thumbnail","6":"product_cat-perfumes","8":"first","9":"outofstock","10":"featured","11":"taxable","12":"shipping-taxable","13":"purchasable","14":"product-type-simple","15":"add-to-wishlist-after_add_to_cart"},"yoast_head":"<!-- This site is optimized with the Yoast SEO plugin v24.2 - https:\/\/yoast.com\/wordpress\/plugins\/seo\/ -->\n<title>Let`s make love on Christmas -50 ml - Bergamoss<\/title>\n<meta name=\"description\" content=\"First (and last) christmas perfume you`ll ever need. Notes of honeyed gingerbread, christmas cookies, marmelade, vanilla and tonka bean.\" \/>\n<meta name=\"robots\" content=\"index, follow, max-snippet:-1, max-image-preview:large, max-video-preview:-1\" \/>\n<link rel=\"canonical\" href=\"https:\/\/bergamoss.com\/en\/product\/lets-make-love-on-christmas-50ml\/\" \/>\n<meta property=\"og:locale\" content=\"en_US\" \/>\n<meta property=\"og:type\" content=\"article\" \/>\n<meta property=\"og:title\" content=\"Let`s make love on Christmas -50 ml - Bergamoss\" \/>\n<meta property=\"og:description\" content=\"First (and last) christmas perfume you`ll ever need. Notes of honeyed gingerbread, christmas cookies, marmelade, vanilla and tonka bean.\" \/>\n<meta property=\"og:url\" content=\"https:\/\/bergamoss.com\/en\/product\/lets-make-love-on-christmas-50ml\/\" \/>\n<meta property=\"og:site_name\" content=\"Bergamoss\" \/>\n<meta property=\"article:modified_time\" content=\"2025-12-14T16:36:22+00:00\" \/>\n<meta property=\"og:image\" content=\"https:\/\/bergamoss.com\/wp-content\/uploads\/2025\/01\/Snimek-obrazovky-2025-01-20-v-8.01.46-1024x429.png\" \/>\n\t<meta property=\"og:image:width\" content=\"1024\" \/>\n\t<meta property=\"og:image:height\" content=\"429\" \/>\n\t<meta property=\"og:image:type\" content=\"image\/png\" \/>\n<meta name=\"twitter:card\" content=\"summary_large_image\" \/>\n<meta name=\"twitter:label1\" content=\"Est. reading time\" \/>\n\t<meta name=\"twitter:data1\" content=\"1 minute\" \/>\n<script type=\"application\/ld+json\" class=\"yoast-schema-graph\">{\"@context\":\"https:\/\/schema.org\",\"@graph\":[{\"@type\":\"WebPage\",\"@id\":\"https:\/\/bergamoss.com\/en\/product\/lets-make-love-on-christmas-50ml\/\",\"url\":\"https:\/\/bergamoss.com\/en\/product\/lets-make-love-on-christmas-50ml\/\",\"name\":\"Let`s make love on Christmas -50 ml - Bergamoss\",\"isPartOf\":{\"@id\":\"https:\/\/bergamoss.com\/en\/#website\"},\"primaryImageOfPage\":{\"@id\":\"https:\/\/bergamoss.com\/en\/product\/lets-make-love-on-christmas-50ml\/#primaryimage\"},\"image\":{\"@id\":\"https:\/\/bergamoss.com\/en\/product\/lets-make-love-on-christmas-50ml\/#primaryimage\"},\"thumbnailUrl\":\"https:\/\/bergamoss.com\/wp-content\/uploads\/2025\/10\/Generated-Image-October-26-2025-10_32AM-e1761816164152.png\",\"datePublished\":\"2025-10-27T13:31:50+00:00\",\"dateModified\":\"2025-12-14T16:36:22+00:00\",\"description\":\"First (and last) christmas perfume you`ll ever need. Notes of honeyed gingerbread, christmas cookies, marmelade, vanilla and tonka bean.\",\"breadcrumb\":{\"@id\":\"https:\/\/bergamoss.com\/en\/product\/lets-make-love-on-christmas-50ml\/#breadcrumb\"},\"inLanguage\":\"en-US\",\"potentialAction\":[{\"@type\":\"ReadAction\",\"target\":[\"https:\/\/bergamoss.com\/en\/product\/lets-make-love-on-christmas-50ml\/\"]}]},{\"@type\":\"ImageObject\",\"inLanguage\":\"en-US\",\"@id\":\"https:\/\/bergamoss.com\/en\/product\/lets-make-love-on-christmas-50ml\/#primaryimage\",\"url\":\"https:\/\/bergamoss.com\/wp-content\/uploads\/2025\/10\/Generated-Image-October-26-2025-10_32AM-e1761816164152.png\",\"contentUrl\":\"https:\/\/bergamoss.com\/wp-content\/uploads\/2025\/10\/Generated-Image-October-26-2025-10_32AM-e1761816164152.png\",\"width\":800,\"height\":1280},{\"@type\":\"BreadcrumbList\",\"@id\":\"https:\/\/bergamoss.com\/en\/product\/lets-make-love-on-christmas-50ml\/#breadcrumb\",\"itemListElement\":[{\"@type\":\"ListItem\",\"position\":1,\"name\":\"Dom\u016f\",\"item\":\"https:\/\/bergamoss.com\/en\/\"},{\"@type\":\"ListItem\",\"position\":2,\"name\":\"Shop\",\"item\":\"https:\/\/bergamoss.com\/en\/shop\/\"},{\"@type\":\"ListItem\",\"position\":3,\"name\":\"Let`s make love on Christmas -50 ml\"}]},{\"@type\":\"WebSite\",\"@id\":\"https:\/\/bergamoss.com\/en\/#website\",\"url\":\"https:\/\/bergamoss.com\/en\/\",\"name\":\"Bergamoss\",\"description\":\"Parf\u00e9my p\u0159edn\u00edho \u010desk\u00e9ho parfum\u00e9ra V\u00e1clava Lebedy\",\"publisher\":{\"@id\":\"https:\/\/bergamoss.com\/en\/#organization\"},\"potentialAction\":[{\"@type\":\"SearchAction\",\"target\":{\"@type\":\"EntryPoint\",\"urlTemplate\":\"https:\/\/bergamoss.com\/en\/?s={search_term_string}\"},\"query-input\":{\"@type\":\"PropertyValueSpecification\",\"valueRequired\":true,\"valueName\":\"search_term_string\"}}],\"inLanguage\":\"en-US\"},{\"@type\":\"Organization\",\"@id\":\"https:\/\/bergamoss.com\/en\/#organization\",\"name\":\"Bergamoss\",\"url\":\"https:\/\/bergamoss.com\/en\/\",\"logo\":{\"@type\":\"ImageObject\",\"inLanguage\":\"en-US\",\"@id\":\"https:\/\/bergamoss.com\/en\/#\/schema\/logo\/image\/\",\"url\":\"https:\/\/bergamoss.com\/wp-content\/uploads\/2024\/07\/Bergamos_logo_transparentni.png\",\"contentUrl\":\"https:\/\/bergamoss.com\/wp-content\/uploads\/2024\/07\/Bergamos_logo_transparentni.png\",\"width\":1814,\"height\":350,\"caption\":\"Bergamoss\"},\"image\":{\"@id\":\"https:\/\/bergamoss.com\/en\/#\/schema\/logo\/image\/\"}}]}<\/script>\n<!-- \/ Yoast SEO plugin. -->","yoast_head_json":{"title":"Let`s make love on Christmas -50 ml - Bergamoss","description":"First (and last) christmas perfume you`ll ever need. Notes of honeyed gingerbread, christmas cookies, marmelade, vanilla and tonka bean.","robots":{"index":"index","follow":"follow","max-snippet":"max-snippet:-1","max-image-preview":"max-image-preview:large","max-video-preview":"max-video-preview:-1"},"canonical":"https:\/\/bergamoss.com\/en\/product\/lets-make-love-on-christmas-50ml\/","og_locale":"en_US","og_type":"article","og_title":"Let`s make love on Christmas -50 ml - Bergamoss","og_description":"First (and last) christmas perfume you`ll ever need. Notes of honeyed gingerbread, christmas cookies, marmelade, vanilla and tonka bean.","og_url":"https:\/\/bergamoss.com\/en\/product\/lets-make-love-on-christmas-50ml\/","og_site_name":"Bergamoss","article_modified_time":"2025-12-14T16:36:22+00:00","og_image":[{"width":1024,"height":429,"url":"https:\/\/bergamoss.com\/wp-content\/uploads\/2025\/01\/Snimek-obrazovky-2025-01-20-v-8.01.46-1024x429.png","type":"image\/png"}],"twitter_card":"summary_large_image","twitter_misc":{"Est. reading time":"1 minute"},"schema":{"@context":"https:\/\/schema.org","@graph":[{"@type":"WebPage","@id":"https:\/\/bergamoss.com\/en\/product\/lets-make-love-on-christmas-50ml\/","url":"https:\/\/bergamoss.com\/en\/product\/lets-make-love-on-christmas-50ml\/","name":"Let`s make love on Christmas -50 ml - Bergamoss","isPartOf":{"@id":"https:\/\/bergamoss.com\/en\/#website"},"primaryImageOfPage":{"@id":"https:\/\/bergamoss.com\/en\/product\/lets-make-love-on-christmas-50ml\/#primaryimage"},"image":{"@id":"https:\/\/bergamoss.com\/en\/product\/lets-make-love-on-christmas-50ml\/#primaryimage"},"thumbnailUrl":"https:\/\/bergamoss.com\/wp-content\/uploads\/2025\/10\/Generated-Image-October-26-2025-10_32AM-e1761816164152.png","datePublished":"2025-10-27T13:31:50+00:00","dateModified":"2025-12-14T16:36:22+00:00","description":"First (and last) christmas perfume you`ll ever need. Notes of honeyed gingerbread, christmas cookies, marmelade, vanilla and tonka bean.","breadcrumb":{"@id":"https:\/\/bergamoss.com\/en\/product\/lets-make-love-on-christmas-50ml\/#breadcrumb"},"inLanguage":"en-US","potentialAction":[{"@type":"ReadAction","target":["https:\/\/bergamoss.com\/en\/product\/lets-make-love-on-christmas-50ml\/"]}]},{"@type":"ImageObject","inLanguage":"en-US","@id":"https:\/\/bergamoss.com\/en\/product\/lets-make-love-on-christmas-50ml\/#primaryimage","url":"https:\/\/bergamoss.com\/wp-content\/uploads\/2025\/10\/Generated-Image-October-26-2025-10_32AM-e1761816164152.png","contentUrl":"https:\/\/bergamoss.com\/wp-content\/uploads\/2025\/10\/Generated-Image-October-26-2025-10_32AM-e1761816164152.png","width":800,"height":1280},{"@type":"BreadcrumbList","@id":"https:\/\/bergamoss.com\/en\/product\/lets-make-love-on-christmas-50ml\/#breadcrumb","itemListElement":[{"@type":"ListItem","position":1,"name":"Dom\u016f","item":"https:\/\/bergamoss.com\/en\/"},{"@type":"ListItem","position":2,"name":"Shop","item":"https:\/\/bergamoss.com\/en\/shop\/"},{"@type":"ListItem","position":3,"name":"Let`s make love on Christmas -50 ml"}]},{"@type":"WebSite","@id":"https:\/\/bergamoss.com\/en\/#website","url":"https:\/\/bergamoss.com\/en\/","name":"Bergamoss","description":"Parf\u00e9my p\u0159edn\u00edho \u010desk\u00e9ho parfum\u00e9ra V\u00e1clava Lebedy","publisher":{"@id":"https:\/\/bergamoss.com\/en\/#organization"},"potentialAction":[{"@type":"SearchAction","target":{"@type":"EntryPoint","urlTemplate":"https:\/\/bergamoss.com\/en\/?s={search_term_string}"},"query-input":{"@type":"PropertyValueSpecification","valueRequired":true,"valueName":"search_term_string"}}],"inLanguage":"en-US"},{"@type":"Organization","@id":"https:\/\/bergamoss.com\/en\/#organization","name":"Bergamoss","url":"https:\/\/bergamoss.com\/en\/","logo":{"@type":"ImageObject","inLanguage":"en-US","@id":"https:\/\/bergamoss.com\/en\/#\/schema\/logo\/image\/","url":"https:\/\/bergamoss.com\/wp-content\/uploads\/2024\/07\/Bergamos_logo_transparentni.png","contentUrl":"https:\/\/bergamoss.com\/wp-content\/uploads\/2024\/07\/Bergamos_logo_transparentni.png","width":1814,"height":350,"caption":"Bergamoss"},"image":{"@id":"https:\/\/bergamoss.com\/en\/#\/schema\/logo\/image\/"}}]}},"_links":{"self":[{"href":"https:\/\/bergamoss.com\/en\/wp-json\/wp\/v2\/product\/10311","targetHints":{"allow":["GET"]}}],"collection":[{"href":"https:\/\/bergamoss.com\/en\/wp-json\/wp\/v2\/product"}],"about":[{"href":"https:\/\/bergamoss.com\/en\/wp-json\/wp\/v2\/types\/product"}],"wp:featuredmedia":[{"embeddable":true,"href":"https:\/\/bergamoss.com\/en\/wp-json\/wp\/v2\/media\/10342"}],"wp:attachment":[{"href":"https:\/\/bergamoss.com\/en\/wp-json\/wp\/v2\/media?parent=10311"}],"wp:term":[{"taxonomy":"product_brand","embeddable":true,"href":"https:\/\/bergamoss.com\/en\/wp-json\/wp\/v2\/product_brand?post=10311"},{"taxonomy":"product_cat","embeddable":true,"href":"https:\/\/bergamoss.com\/en\/wp-json\/wp\/v2\/product_cat?post=10311"},{"taxonomy":"product_tag","embeddable":true,"href":"https:\/\/bergamoss.com\/en\/wp-json\/wp\/v2\/product_tag?post=10311"}],"curies":[{"name":"wp","href":"https:\/\/api.w.org\/{rel}","templated":true}]}}