{"id":10300,"date":"2025-10-25T19:56:08","date_gmt":"2025-10-25T19:56:08","guid":{"rendered":"https:\/\/bergamoss.com\/?post_type=product&#038;p=10300"},"modified":"2026-03-26T03:10:44","modified_gmt":"2026-03-26T03:10:44","slug":"christmas_sample","status":"publish","type":"product","link":"https:\/\/bergamoss.com\/en\/product\/christmas_sample\/","title":{"rendered":"Let`s make love on Christmas &#8211; 2,5 ml SAMPLE"},"content":{"rendered":"<p>Let&#8217;s make love on Christmas. Sample.<\/p>\n<p><strong>A new, gourmet, unisex Christmas perfume from the perfumer V\u00e1clav Lebeda (Bergamoss). A fragrance that will remind you of Christmas Eve at any moment or time of year. This is how it smells at our house a few days before Christmas.<\/strong><\/p>\n<p>&nbsp;<\/p>\n<p>Notes:<\/p>\n<p>&nbsp;<\/p>\n<p>Honeyed gingerbread<\/p>\n<p>Czech Christmas Cookies (Lineck\u00e9)<\/p>\n<p>Red mandarin oil<\/p>\n<p>Roasted almonds<\/p>\n<p>Cinnamon<\/p>\n<p>Tonka bean<\/p>\n<p>Marmelade<\/p>\n<p>&nbsp;<\/p>\n<p>Concentration: Parfum<\/p>\n","protected":false},"excerpt":{"rendered":"<p>Let&#8217;s make love on Christmas. Sample.<\/p>\n<p><strong>A new, gourmand, unisex Christmas perfume from the perfumer V\u00e1clav Lebeda (Bergamoss). A fragrance that will remind you of Christmas Eve at any moment or time of year. This is how it smells at our house a few days before Christmas.<\/strong><\/p>\n","protected":false},"featured_media":10309,"template":"","meta":[],"product_brand":[],"product_cat":[87],"product_tag":[],"class_list":{"0":"post-10300","1":"product","2":"type-product","3":"status-publish","4":"has-post-thumbnail","6":"product_cat-perfumes","8":"first","9":"instock","10":"featured","11":"taxable","12":"shipping-taxable","13":"purchasable","14":"product-type-simple","15":"add-to-wishlist-after_add_to_cart"},"yoast_head":"<!-- This site is optimized with the Yoast SEO plugin v24.2 - https:\/\/yoast.com\/wordpress\/plugins\/seo\/ -->\n<title>Let`s make love on Christmas - 2,5 ml SAMPLE - Bergamoss<\/title>\n<meta name=\"description\" content=\"First (and last) christmas perfume you`ll ever need. Notes of honeyed gingerbread, christmas cookies, marmelade, vanilla and tonka bean.\" \/>\n<meta name=\"robots\" content=\"index, follow, max-snippet:-1, max-image-preview:large, max-video-preview:-1\" \/>\n<link rel=\"canonical\" href=\"https:\/\/bergamoss.com\/en\/product\/christmas_sample\/\" \/>\n<meta property=\"og:locale\" content=\"en_US\" \/>\n<meta property=\"og:type\" content=\"article\" \/>\n<meta property=\"og:title\" content=\"Let`s make love on Christmas - 2,5 ml SAMPLE - Bergamoss\" \/>\n<meta property=\"og:description\" content=\"First (and last) christmas perfume you`ll ever need. Notes of honeyed gingerbread, christmas cookies, marmelade, vanilla and tonka bean.\" \/>\n<meta property=\"og:url\" content=\"https:\/\/bergamoss.com\/en\/product\/christmas_sample\/\" \/>\n<meta property=\"og:site_name\" content=\"Bergamoss\" \/>\n<meta property=\"article:modified_time\" content=\"2026-03-26T03:10:44+00:00\" \/>\n<meta property=\"og:image\" content=\"https:\/\/bergamoss.com\/wp-content\/uploads\/2025\/10\/Lets-make-love-on-Christmas-vzorek-683x1024.png\" \/>\n\t<meta property=\"og:image:width\" content=\"683\" \/>\n\t<meta property=\"og:image:height\" content=\"1024\" \/>\n\t<meta property=\"og:image:type\" content=\"image\/png\" \/>\n<meta name=\"twitter:card\" content=\"summary_large_image\" \/>\n<meta name=\"twitter:label1\" content=\"Est. reading time\" \/>\n\t<meta name=\"twitter:data1\" content=\"1 minute\" \/>\n<script type=\"application\/ld+json\" class=\"yoast-schema-graph\">{\"@context\":\"https:\/\/schema.org\",\"@graph\":[{\"@type\":\"WebPage\",\"@id\":\"https:\/\/bergamoss.com\/en\/product\/christmas_sample\/\",\"url\":\"https:\/\/bergamoss.com\/en\/product\/christmas_sample\/\",\"name\":\"Let`s make love on Christmas - 2,5 ml SAMPLE - Bergamoss\",\"isPartOf\":{\"@id\":\"https:\/\/bergamoss.com\/en\/#website\"},\"primaryImageOfPage\":{\"@id\":\"https:\/\/bergamoss.com\/en\/product\/christmas_sample\/#primaryimage\"},\"image\":{\"@id\":\"https:\/\/bergamoss.com\/en\/product\/christmas_sample\/#primaryimage\"},\"thumbnailUrl\":\"https:\/\/bergamoss.com\/wp-content\/uploads\/2025\/10\/Lets-make-love-on-Christmas-vzorek-4.png\",\"datePublished\":\"2025-10-25T19:56:08+00:00\",\"dateModified\":\"2026-03-26T03:10:44+00:00\",\"description\":\"First (and last) christmas perfume you`ll ever need. Notes of honeyed gingerbread, christmas cookies, marmelade, vanilla and tonka bean.\",\"breadcrumb\":{\"@id\":\"https:\/\/bergamoss.com\/en\/product\/christmas_sample\/#breadcrumb\"},\"inLanguage\":\"en-US\",\"potentialAction\":[{\"@type\":\"ReadAction\",\"target\":[\"https:\/\/bergamoss.com\/en\/product\/christmas_sample\/\"]}]},{\"@type\":\"ImageObject\",\"inLanguage\":\"en-US\",\"@id\":\"https:\/\/bergamoss.com\/en\/product\/christmas_sample\/#primaryimage\",\"url\":\"https:\/\/bergamoss.com\/wp-content\/uploads\/2025\/10\/Lets-make-love-on-Christmas-vzorek-4.png\",\"contentUrl\":\"https:\/\/bergamoss.com\/wp-content\/uploads\/2025\/10\/Lets-make-love-on-Christmas-vzorek-4.png\",\"width\":1024,\"height\":1024},{\"@type\":\"BreadcrumbList\",\"@id\":\"https:\/\/bergamoss.com\/en\/product\/christmas_sample\/#breadcrumb\",\"itemListElement\":[{\"@type\":\"ListItem\",\"position\":1,\"name\":\"Dom\u016f\",\"item\":\"https:\/\/bergamoss.com\/en\/\"},{\"@type\":\"ListItem\",\"position\":2,\"name\":\"Shop\",\"item\":\"https:\/\/bergamoss.com\/en\/shop\/\"},{\"@type\":\"ListItem\",\"position\":3,\"name\":\"Let`s make love on Christmas &#8211; 2,5 ml SAMPLE\"}]},{\"@type\":\"WebSite\",\"@id\":\"https:\/\/bergamoss.com\/en\/#website\",\"url\":\"https:\/\/bergamoss.com\/en\/\",\"name\":\"Bergamoss\",\"description\":\"Parf\u00e9my p\u0159edn\u00edho \u010desk\u00e9ho parfum\u00e9ra V\u00e1clava Lebedy\",\"publisher\":{\"@id\":\"https:\/\/bergamoss.com\/en\/#organization\"},\"potentialAction\":[{\"@type\":\"SearchAction\",\"target\":{\"@type\":\"EntryPoint\",\"urlTemplate\":\"https:\/\/bergamoss.com\/en\/?s={search_term_string}\"},\"query-input\":{\"@type\":\"PropertyValueSpecification\",\"valueRequired\":true,\"valueName\":\"search_term_string\"}}],\"inLanguage\":\"en-US\"},{\"@type\":\"Organization\",\"@id\":\"https:\/\/bergamoss.com\/en\/#organization\",\"name\":\"Bergamoss\",\"url\":\"https:\/\/bergamoss.com\/en\/\",\"logo\":{\"@type\":\"ImageObject\",\"inLanguage\":\"en-US\",\"@id\":\"https:\/\/bergamoss.com\/en\/#\/schema\/logo\/image\/\",\"url\":\"https:\/\/bergamoss.com\/wp-content\/uploads\/2024\/07\/Bergamos_logo_transparentni.png\",\"contentUrl\":\"https:\/\/bergamoss.com\/wp-content\/uploads\/2024\/07\/Bergamos_logo_transparentni.png\",\"width\":1814,\"height\":350,\"caption\":\"Bergamoss\"},\"image\":{\"@id\":\"https:\/\/bergamoss.com\/en\/#\/schema\/logo\/image\/\"}}]}<\/script>\n<!-- \/ Yoast SEO plugin. -->","yoast_head_json":{"title":"Let`s make love on Christmas - 2,5 ml SAMPLE - Bergamoss","description":"First (and last) christmas perfume you`ll ever need. Notes of honeyed gingerbread, christmas cookies, marmelade, vanilla and tonka bean.","robots":{"index":"index","follow":"follow","max-snippet":"max-snippet:-1","max-image-preview":"max-image-preview:large","max-video-preview":"max-video-preview:-1"},"canonical":"https:\/\/bergamoss.com\/en\/product\/christmas_sample\/","og_locale":"en_US","og_type":"article","og_title":"Let`s make love on Christmas - 2,5 ml SAMPLE - Bergamoss","og_description":"First (and last) christmas perfume you`ll ever need. Notes of honeyed gingerbread, christmas cookies, marmelade, vanilla and tonka bean.","og_url":"https:\/\/bergamoss.com\/en\/product\/christmas_sample\/","og_site_name":"Bergamoss","article_modified_time":"2026-03-26T03:10:44+00:00","og_image":[{"width":683,"height":1024,"url":"https:\/\/bergamoss.com\/wp-content\/uploads\/2025\/10\/Lets-make-love-on-Christmas-vzorek-683x1024.png","type":"image\/png"}],"twitter_card":"summary_large_image","twitter_misc":{"Est. reading time":"1 minute"},"schema":{"@context":"https:\/\/schema.org","@graph":[{"@type":"WebPage","@id":"https:\/\/bergamoss.com\/en\/product\/christmas_sample\/","url":"https:\/\/bergamoss.com\/en\/product\/christmas_sample\/","name":"Let`s make love on Christmas - 2,5 ml SAMPLE - Bergamoss","isPartOf":{"@id":"https:\/\/bergamoss.com\/en\/#website"},"primaryImageOfPage":{"@id":"https:\/\/bergamoss.com\/en\/product\/christmas_sample\/#primaryimage"},"image":{"@id":"https:\/\/bergamoss.com\/en\/product\/christmas_sample\/#primaryimage"},"thumbnailUrl":"https:\/\/bergamoss.com\/wp-content\/uploads\/2025\/10\/Lets-make-love-on-Christmas-vzorek-4.png","datePublished":"2025-10-25T19:56:08+00:00","dateModified":"2026-03-26T03:10:44+00:00","description":"First (and last) christmas perfume you`ll ever need. Notes of honeyed gingerbread, christmas cookies, marmelade, vanilla and tonka bean.","breadcrumb":{"@id":"https:\/\/bergamoss.com\/en\/product\/christmas_sample\/#breadcrumb"},"inLanguage":"en-US","potentialAction":[{"@type":"ReadAction","target":["https:\/\/bergamoss.com\/en\/product\/christmas_sample\/"]}]},{"@type":"ImageObject","inLanguage":"en-US","@id":"https:\/\/bergamoss.com\/en\/product\/christmas_sample\/#primaryimage","url":"https:\/\/bergamoss.com\/wp-content\/uploads\/2025\/10\/Lets-make-love-on-Christmas-vzorek-4.png","contentUrl":"https:\/\/bergamoss.com\/wp-content\/uploads\/2025\/10\/Lets-make-love-on-Christmas-vzorek-4.png","width":1024,"height":1024},{"@type":"BreadcrumbList","@id":"https:\/\/bergamoss.com\/en\/product\/christmas_sample\/#breadcrumb","itemListElement":[{"@type":"ListItem","position":1,"name":"Dom\u016f","item":"https:\/\/bergamoss.com\/en\/"},{"@type":"ListItem","position":2,"name":"Shop","item":"https:\/\/bergamoss.com\/en\/shop\/"},{"@type":"ListItem","position":3,"name":"Let`s make love on Christmas &#8211; 2,5 ml SAMPLE"}]},{"@type":"WebSite","@id":"https:\/\/bergamoss.com\/en\/#website","url":"https:\/\/bergamoss.com\/en\/","name":"Bergamoss","description":"Parf\u00e9my p\u0159edn\u00edho \u010desk\u00e9ho parfum\u00e9ra V\u00e1clava Lebedy","publisher":{"@id":"https:\/\/bergamoss.com\/en\/#organization"},"potentialAction":[{"@type":"SearchAction","target":{"@type":"EntryPoint","urlTemplate":"https:\/\/bergamoss.com\/en\/?s={search_term_string}"},"query-input":{"@type":"PropertyValueSpecification","valueRequired":true,"valueName":"search_term_string"}}],"inLanguage":"en-US"},{"@type":"Organization","@id":"https:\/\/bergamoss.com\/en\/#organization","name":"Bergamoss","url":"https:\/\/bergamoss.com\/en\/","logo":{"@type":"ImageObject","inLanguage":"en-US","@id":"https:\/\/bergamoss.com\/en\/#\/schema\/logo\/image\/","url":"https:\/\/bergamoss.com\/wp-content\/uploads\/2024\/07\/Bergamos_logo_transparentni.png","contentUrl":"https:\/\/bergamoss.com\/wp-content\/uploads\/2024\/07\/Bergamos_logo_transparentni.png","width":1814,"height":350,"caption":"Bergamoss"},"image":{"@id":"https:\/\/bergamoss.com\/en\/#\/schema\/logo\/image\/"}}]}},"_links":{"self":[{"href":"https:\/\/bergamoss.com\/en\/wp-json\/wp\/v2\/product\/10300","targetHints":{"allow":["GET"]}}],"collection":[{"href":"https:\/\/bergamoss.com\/en\/wp-json\/wp\/v2\/product"}],"about":[{"href":"https:\/\/bergamoss.com\/en\/wp-json\/wp\/v2\/types\/product"}],"wp:featuredmedia":[{"embeddable":true,"href":"https:\/\/bergamoss.com\/en\/wp-json\/wp\/v2\/media\/10309"}],"wp:attachment":[{"href":"https:\/\/bergamoss.com\/en\/wp-json\/wp\/v2\/media?parent=10300"}],"wp:term":[{"taxonomy":"product_brand","embeddable":true,"href":"https:\/\/bergamoss.com\/en\/wp-json\/wp\/v2\/product_brand?post=10300"},{"taxonomy":"product_cat","embeddable":true,"href":"https:\/\/bergamoss.com\/en\/wp-json\/wp\/v2\/product_cat?post=10300"},{"taxonomy":"product_tag","embeddable":true,"href":"https:\/\/bergamoss.com\/en\/wp-json\/wp\/v2\/product_tag?post=10300"}],"curies":[{"name":"wp","href":"https:\/\/api.w.org\/{rel}","templated":true}]}}