{"id":10292,"date":"2025-10-21T15:02:19","date_gmt":"2025-10-21T15:02:19","guid":{"rendered":"https:\/\/bergamoss.com\/?post_type=product&#038;p=10292"},"modified":"2025-11-03T21:30:29","modified_gmt":"2025-11-03T21:30:29","slug":"lavender-plum-50-ml-kopirovat","status":"publish","type":"product","link":"https:\/\/bergamoss.com\/en\/product\/lavender-plum-50-ml-kopirovat\/","title":{"rendered":"Lavender &#038; Plum &#8211; 1,5 ml SAMPLE"},"content":{"rendered":"<p>Lavender &amp; Plum. Sample. Bergamoss x Lavender Farm Bezd\u011bkov<\/p>\n<p>&nbsp;<\/p>\n<p><strong>New, most &#8220;Moravian&#8221; fragrance from our master perfumer V\u00e1clav Lebeda (Bergamoss) in cooperation with the Lavender Farm Bezd\u011bkov.<\/strong><\/p>\n<p>&nbsp;<\/p>\n<p>Unique czech perfume. At the heart of the perfume is (surprisingly!) lavender, but not just any lavender. It is essential oil from lavender distilled by the owners of the lavender farm! I added a complex accord of sweet plum to the perfume, inspired by the plum trees growing around the lavender fields. I have never made a more &#8220;Moravian&#8221; perfume! And one interesting fact &#8211; in my personal opinion, this is probably the strongest perfume I have ever created. Smell it for yourself and let yourself be carried away by the scent of real lavender and sweet plum.<\/p>\n<p>&nbsp;<\/p>\n<p>Notes:<\/p>\n<p>&nbsp;<\/p>\n<p>Lavender distilled at Bezd\u011bkov Lavender Farm<\/p>\n<p>Ripe plum<\/p>\n<p>Musks<\/p>\n<p>Cedar<\/p>\n<p>Violets<\/p>\n<p>Ambroxan<\/p>\n<p>&nbsp;<\/p>\n<p>Concentration: Eau de Parfum<\/p>\n","protected":false},"excerpt":{"rendered":"<p>Lavender &amp; Plum. Czech unique perfume. At the heart of the perfume, which was created in collaboration between the Bezd\u011bkov Lavender Farm and Bergamoss, is lavender, but not just any lavender. It&#8217;s essential oil from lavender that the owners of the lavender farm distilled themselves at home! I added a complex accord of sweet plum to the perfume, inspired by the plum trees growing around the lavender fields. I have never made a more &#8220;Moravian&#8221; perfume..<\/p>\n","protected":false},"featured_media":10345,"template":"","meta":[],"product_brand":[],"product_cat":[87],"product_tag":[],"class_list":{"0":"post-10292","1":"product","2":"type-product","3":"status-publish","4":"has-post-thumbnail","6":"product_cat-perfumes","8":"first","9":"outofstock","10":"featured","11":"taxable","12":"shipping-taxable","13":"purchasable","14":"product-type-simple","15":"add-to-wishlist-after_add_to_cart"},"yoast_head":"<!-- This site is optimized with the Yoast SEO plugin v24.2 - https:\/\/yoast.com\/wordpress\/plugins\/seo\/ -->\n<title>Lavender &amp; Plum - 1,5 ml SAMPLE - Bergamoss<\/title>\n<meta name=\"description\" content=\"Nettarina Frizzante 50 ml. New fruity summer fragrance by Vaclav Lebeda \/ Bergamoss. Prosecco. Jacuzzi. Juicy nectarines. A date in a bottle.\" \/>\n<meta name=\"robots\" content=\"index, follow, max-snippet:-1, max-image-preview:large, max-video-preview:-1\" \/>\n<link rel=\"canonical\" href=\"https:\/\/bergamoss.com\/en\/product\/lavender-plum-50-ml-kopirovat\/\" \/>\n<meta property=\"og:locale\" content=\"en_US\" \/>\n<meta property=\"og:type\" content=\"article\" \/>\n<meta property=\"og:title\" content=\"Lavender &amp; Plum - 1,5 ml SAMPLE - Bergamoss\" \/>\n<meta property=\"og:description\" content=\"Nettarina Frizzante 50 ml. New fruity summer fragrance by Vaclav Lebeda \/ Bergamoss. Prosecco. Jacuzzi. Juicy nectarines. A date in a bottle.\" \/>\n<meta property=\"og:url\" content=\"https:\/\/bergamoss.com\/en\/product\/lavender-plum-50-ml-kopirovat\/\" \/>\n<meta property=\"og:site_name\" content=\"Bergamoss\" \/>\n<meta property=\"article:modified_time\" content=\"2025-11-03T21:30:29+00:00\" \/>\n<meta property=\"og:image\" content=\"https:\/\/bergamoss.com\/wp-content\/uploads\/2025\/10\/Lavender-plum-vzorek-2.png\" \/>\n\t<meta property=\"og:image:width\" content=\"1024\" \/>\n\t<meta property=\"og:image:height\" content=\"1024\" \/>\n\t<meta property=\"og:image:type\" content=\"image\/png\" \/>\n<meta name=\"twitter:card\" content=\"summary_large_image\" \/>\n<meta name=\"twitter:label1\" content=\"Est. reading time\" \/>\n\t<meta name=\"twitter:data1\" content=\"1 minute\" \/>\n<script type=\"application\/ld+json\" class=\"yoast-schema-graph\">{\"@context\":\"https:\/\/schema.org\",\"@graph\":[{\"@type\":\"WebPage\",\"@id\":\"https:\/\/bergamoss.com\/en\/product\/lavender-plum-50-ml-kopirovat\/\",\"url\":\"https:\/\/bergamoss.com\/en\/product\/lavender-plum-50-ml-kopirovat\/\",\"name\":\"Lavender & Plum - 1,5 ml SAMPLE - Bergamoss\",\"isPartOf\":{\"@id\":\"https:\/\/bergamoss.com\/en\/#website\"},\"primaryImageOfPage\":{\"@id\":\"https:\/\/bergamoss.com\/en\/product\/lavender-plum-50-ml-kopirovat\/#primaryimage\"},\"image\":{\"@id\":\"https:\/\/bergamoss.com\/en\/product\/lavender-plum-50-ml-kopirovat\/#primaryimage\"},\"thumbnailUrl\":\"https:\/\/bergamoss.com\/wp-content\/uploads\/2025\/10\/Generated-Image-October-30-2025-10_18AM.png\",\"datePublished\":\"2025-10-21T15:02:19+00:00\",\"dateModified\":\"2025-11-03T21:30:29+00:00\",\"description\":\"Nettarina Frizzante 50 ml. New fruity summer fragrance by Vaclav Lebeda \/ Bergamoss. Prosecco. Jacuzzi. Juicy nectarines. A date in a bottle.\",\"breadcrumb\":{\"@id\":\"https:\/\/bergamoss.com\/en\/product\/lavender-plum-50-ml-kopirovat\/#breadcrumb\"},\"inLanguage\":\"en-US\",\"potentialAction\":[{\"@type\":\"ReadAction\",\"target\":[\"https:\/\/bergamoss.com\/en\/product\/lavender-plum-50-ml-kopirovat\/\"]}]},{\"@type\":\"ImageObject\",\"inLanguage\":\"en-US\",\"@id\":\"https:\/\/bergamoss.com\/en\/product\/lavender-plum-50-ml-kopirovat\/#primaryimage\",\"url\":\"https:\/\/bergamoss.com\/wp-content\/uploads\/2025\/10\/Generated-Image-October-30-2025-10_18AM.png\",\"contentUrl\":\"https:\/\/bergamoss.com\/wp-content\/uploads\/2025\/10\/Generated-Image-October-30-2025-10_18AM.png\",\"width\":1024,\"height\":1024},{\"@type\":\"BreadcrumbList\",\"@id\":\"https:\/\/bergamoss.com\/en\/product\/lavender-plum-50-ml-kopirovat\/#breadcrumb\",\"itemListElement\":[{\"@type\":\"ListItem\",\"position\":1,\"name\":\"Dom\u016f\",\"item\":\"https:\/\/bergamoss.com\/en\/\"},{\"@type\":\"ListItem\",\"position\":2,\"name\":\"Shop\",\"item\":\"https:\/\/bergamoss.com\/en\/shop\/\"},{\"@type\":\"ListItem\",\"position\":3,\"name\":\"Lavender &#038; Plum &#8211; 1,5 ml SAMPLE\"}]},{\"@type\":\"WebSite\",\"@id\":\"https:\/\/bergamoss.com\/en\/#website\",\"url\":\"https:\/\/bergamoss.com\/en\/\",\"name\":\"Bergamoss\",\"description\":\"Parf\u00e9my p\u0159edn\u00edho \u010desk\u00e9ho parfum\u00e9ra V\u00e1clava Lebedy\",\"publisher\":{\"@id\":\"https:\/\/bergamoss.com\/en\/#organization\"},\"potentialAction\":[{\"@type\":\"SearchAction\",\"target\":{\"@type\":\"EntryPoint\",\"urlTemplate\":\"https:\/\/bergamoss.com\/en\/?s={search_term_string}\"},\"query-input\":{\"@type\":\"PropertyValueSpecification\",\"valueRequired\":true,\"valueName\":\"search_term_string\"}}],\"inLanguage\":\"en-US\"},{\"@type\":\"Organization\",\"@id\":\"https:\/\/bergamoss.com\/en\/#organization\",\"name\":\"Bergamoss\",\"url\":\"https:\/\/bergamoss.com\/en\/\",\"logo\":{\"@type\":\"ImageObject\",\"inLanguage\":\"en-US\",\"@id\":\"https:\/\/bergamoss.com\/en\/#\/schema\/logo\/image\/\",\"url\":\"https:\/\/bergamoss.com\/wp-content\/uploads\/2024\/07\/Bergamos_logo_transparentni.png\",\"contentUrl\":\"https:\/\/bergamoss.com\/wp-content\/uploads\/2024\/07\/Bergamos_logo_transparentni.png\",\"width\":1814,\"height\":350,\"caption\":\"Bergamoss\"},\"image\":{\"@id\":\"https:\/\/bergamoss.com\/en\/#\/schema\/logo\/image\/\"}}]}<\/script>\n<!-- \/ Yoast SEO plugin. -->","yoast_head_json":{"title":"Lavender & Plum - 1,5 ml SAMPLE - Bergamoss","description":"Nettarina Frizzante 50 ml. New fruity summer fragrance by Vaclav Lebeda \/ Bergamoss. Prosecco. Jacuzzi. Juicy nectarines. A date in a bottle.","robots":{"index":"index","follow":"follow","max-snippet":"max-snippet:-1","max-image-preview":"max-image-preview:large","max-video-preview":"max-video-preview:-1"},"canonical":"https:\/\/bergamoss.com\/en\/product\/lavender-plum-50-ml-kopirovat\/","og_locale":"en_US","og_type":"article","og_title":"Lavender & Plum - 1,5 ml SAMPLE - Bergamoss","og_description":"Nettarina Frizzante 50 ml. New fruity summer fragrance by Vaclav Lebeda \/ Bergamoss. Prosecco. Jacuzzi. Juicy nectarines. A date in a bottle.","og_url":"https:\/\/bergamoss.com\/en\/product\/lavender-plum-50-ml-kopirovat\/","og_site_name":"Bergamoss","article_modified_time":"2025-11-03T21:30:29+00:00","og_image":[{"width":1024,"height":1024,"url":"https:\/\/bergamoss.com\/wp-content\/uploads\/2025\/10\/Lavender-plum-vzorek-2.png","type":"image\/png"}],"twitter_card":"summary_large_image","twitter_misc":{"Est. reading time":"1 minute"},"schema":{"@context":"https:\/\/schema.org","@graph":[{"@type":"WebPage","@id":"https:\/\/bergamoss.com\/en\/product\/lavender-plum-50-ml-kopirovat\/","url":"https:\/\/bergamoss.com\/en\/product\/lavender-plum-50-ml-kopirovat\/","name":"Lavender & Plum - 1,5 ml SAMPLE - Bergamoss","isPartOf":{"@id":"https:\/\/bergamoss.com\/en\/#website"},"primaryImageOfPage":{"@id":"https:\/\/bergamoss.com\/en\/product\/lavender-plum-50-ml-kopirovat\/#primaryimage"},"image":{"@id":"https:\/\/bergamoss.com\/en\/product\/lavender-plum-50-ml-kopirovat\/#primaryimage"},"thumbnailUrl":"https:\/\/bergamoss.com\/wp-content\/uploads\/2025\/10\/Generated-Image-October-30-2025-10_18AM.png","datePublished":"2025-10-21T15:02:19+00:00","dateModified":"2025-11-03T21:30:29+00:00","description":"Nettarina Frizzante 50 ml. New fruity summer fragrance by Vaclav Lebeda \/ Bergamoss. Prosecco. Jacuzzi. Juicy nectarines. A date in a bottle.","breadcrumb":{"@id":"https:\/\/bergamoss.com\/en\/product\/lavender-plum-50-ml-kopirovat\/#breadcrumb"},"inLanguage":"en-US","potentialAction":[{"@type":"ReadAction","target":["https:\/\/bergamoss.com\/en\/product\/lavender-plum-50-ml-kopirovat\/"]}]},{"@type":"ImageObject","inLanguage":"en-US","@id":"https:\/\/bergamoss.com\/en\/product\/lavender-plum-50-ml-kopirovat\/#primaryimage","url":"https:\/\/bergamoss.com\/wp-content\/uploads\/2025\/10\/Generated-Image-October-30-2025-10_18AM.png","contentUrl":"https:\/\/bergamoss.com\/wp-content\/uploads\/2025\/10\/Generated-Image-October-30-2025-10_18AM.png","width":1024,"height":1024},{"@type":"BreadcrumbList","@id":"https:\/\/bergamoss.com\/en\/product\/lavender-plum-50-ml-kopirovat\/#breadcrumb","itemListElement":[{"@type":"ListItem","position":1,"name":"Dom\u016f","item":"https:\/\/bergamoss.com\/en\/"},{"@type":"ListItem","position":2,"name":"Shop","item":"https:\/\/bergamoss.com\/en\/shop\/"},{"@type":"ListItem","position":3,"name":"Lavender &#038; Plum &#8211; 1,5 ml SAMPLE"}]},{"@type":"WebSite","@id":"https:\/\/bergamoss.com\/en\/#website","url":"https:\/\/bergamoss.com\/en\/","name":"Bergamoss","description":"Parf\u00e9my p\u0159edn\u00edho \u010desk\u00e9ho parfum\u00e9ra V\u00e1clava Lebedy","publisher":{"@id":"https:\/\/bergamoss.com\/en\/#organization"},"potentialAction":[{"@type":"SearchAction","target":{"@type":"EntryPoint","urlTemplate":"https:\/\/bergamoss.com\/en\/?s={search_term_string}"},"query-input":{"@type":"PropertyValueSpecification","valueRequired":true,"valueName":"search_term_string"}}],"inLanguage":"en-US"},{"@type":"Organization","@id":"https:\/\/bergamoss.com\/en\/#organization","name":"Bergamoss","url":"https:\/\/bergamoss.com\/en\/","logo":{"@type":"ImageObject","inLanguage":"en-US","@id":"https:\/\/bergamoss.com\/en\/#\/schema\/logo\/image\/","url":"https:\/\/bergamoss.com\/wp-content\/uploads\/2024\/07\/Bergamos_logo_transparentni.png","contentUrl":"https:\/\/bergamoss.com\/wp-content\/uploads\/2024\/07\/Bergamos_logo_transparentni.png","width":1814,"height":350,"caption":"Bergamoss"},"image":{"@id":"https:\/\/bergamoss.com\/en\/#\/schema\/logo\/image\/"}}]}},"_links":{"self":[{"href":"https:\/\/bergamoss.com\/en\/wp-json\/wp\/v2\/product\/10292","targetHints":{"allow":["GET"]}}],"collection":[{"href":"https:\/\/bergamoss.com\/en\/wp-json\/wp\/v2\/product"}],"about":[{"href":"https:\/\/bergamoss.com\/en\/wp-json\/wp\/v2\/types\/product"}],"wp:featuredmedia":[{"embeddable":true,"href":"https:\/\/bergamoss.com\/en\/wp-json\/wp\/v2\/media\/10345"}],"wp:attachment":[{"href":"https:\/\/bergamoss.com\/en\/wp-json\/wp\/v2\/media?parent=10292"}],"wp:term":[{"taxonomy":"product_brand","embeddable":true,"href":"https:\/\/bergamoss.com\/en\/wp-json\/wp\/v2\/product_brand?post=10292"},{"taxonomy":"product_cat","embeddable":true,"href":"https:\/\/bergamoss.com\/en\/wp-json\/wp\/v2\/product_cat?post=10292"},{"taxonomy":"product_tag","embeddable":true,"href":"https:\/\/bergamoss.com\/en\/wp-json\/wp\/v2\/product_tag?post=10292"}],"curies":[{"name":"wp","href":"https:\/\/api.w.org\/{rel}","templated":true}]}}