{"id":10209,"date":"2025-09-13T06:09:50","date_gmt":"2025-09-13T06:09:50","guid":{"rendered":"https:\/\/bergamoss.com\/?post_type=product&#038;p=10209"},"modified":"2025-09-13T07:16:10","modified_gmt":"2025-09-13T07:16:10","slug":"old-church","status":"publish","type":"product","link":"https:\/\/bergamoss.com\/en\/product\/old-church\/","title":{"rendered":"Old Church"},"content":{"rendered":"<p>The original Bergamoss accord of an <strong>old church<\/strong>. Notes of old furniture, burnt incense, typical dampness creeping along the walls, I even used an ingredient that should evoke the scent of old people coming to church. I originally created this accord for a fragrance exhibition at Helf\u0161t\u00fdn Castle, where I created &#8220;the scents of the Middle Ages.&#8221; Each ingredient is listed with its scent and effect in the composition.<\/p>\n<p>After purchase, you will receive a PDF and Excel document in Czech and English.<\/p>\n","protected":false},"excerpt":{"rendered":"<p>The original Bergamoss accord of an <strong>old church<\/strong>. Notes of old furniture, burnt incense, typical dampness creeping along the walls, I even used an ingredient that should evoke the scent of old people coming to church. I originally created this accord for a fragrance exhibition at Helf\u0161t\u00fdn Castle, where I created &#8220;the scents of the Middle Ages.&#8221; Each ingredient is listed with its scent and effect in the composition.<\/p>\n<p>After purchase, you will receive a PDF and Excel document in Czech and English.<\/p>\n","protected":false},"featured_media":10211,"template":"","meta":[],"product_brand":[],"product_cat":[99],"product_tag":[],"class_list":{"0":"post-10209","1":"product","2":"type-product","3":"status-publish","4":"has-post-thumbnail","6":"product_cat-formulas-accords","8":"first","9":"instock","10":"featured","11":"downloadable","12":"virtual","13":"taxable","14":"purchasable","15":"product-type-simple","16":"add-to-wishlist-after_add_to_cart"},"yoast_head":"<!-- This site is optimized with the Yoast SEO plugin v24.2 - https:\/\/yoast.com\/wordpress\/plugins\/seo\/ -->\n<title>Old Church - Bergamoss<\/title>\n<meta name=\"description\" content=\"I originally created this accord for a fragrance exhibition at Helf\u0161t\u00fdn Castle, where I created &quot;the scents of the Middle Ages.&quot;\" \/>\n<meta name=\"robots\" content=\"index, follow, max-snippet:-1, max-image-preview:large, max-video-preview:-1\" \/>\n<link rel=\"canonical\" href=\"https:\/\/bergamoss.com\/en\/product\/old-church\/\" \/>\n<meta property=\"og:locale\" content=\"en_US\" \/>\n<meta property=\"og:type\" content=\"article\" \/>\n<meta property=\"og:title\" content=\"Old Church - Bergamoss\" \/>\n<meta property=\"og:description\" content=\"I originally created this accord for a fragrance exhibition at Helf\u0161t\u00fdn Castle, where I created &quot;the scents of the Middle Ages.&quot;\" \/>\n<meta property=\"og:url\" content=\"https:\/\/bergamoss.com\/en\/product\/old-church\/\" \/>\n<meta property=\"og:site_name\" content=\"Bergamoss\" \/>\n<meta property=\"article:modified_time\" content=\"2025-09-13T07:16:10+00:00\" \/>\n<meta property=\"og:image\" content=\"https:\/\/bergamoss.com\/wp-content\/uploads\/2025\/09\/Old_Church_.jpeg\" \/>\n\t<meta property=\"og:image:width\" content=\"1600\" \/>\n\t<meta property=\"og:image:height\" content=\"1527\" \/>\n\t<meta property=\"og:image:type\" content=\"image\/jpeg\" \/>\n<meta name=\"twitter:card\" content=\"summary_large_image\" \/>\n<meta name=\"twitter:label1\" content=\"Est. reading time\" \/>\n\t<meta name=\"twitter:data1\" content=\"1 minute\" \/>\n<script type=\"application\/ld+json\" class=\"yoast-schema-graph\">{\"@context\":\"https:\/\/schema.org\",\"@graph\":[{\"@type\":\"WebPage\",\"@id\":\"https:\/\/bergamoss.com\/en\/product\/old-church\/\",\"url\":\"https:\/\/bergamoss.com\/en\/product\/old-church\/\",\"name\":\"Old Church - Bergamoss\",\"isPartOf\":{\"@id\":\"https:\/\/bergamoss.com\/en\/#website\"},\"primaryImageOfPage\":{\"@id\":\"https:\/\/bergamoss.com\/en\/product\/old-church\/#primaryimage\"},\"image\":{\"@id\":\"https:\/\/bergamoss.com\/en\/product\/old-church\/#primaryimage\"},\"thumbnailUrl\":\"https:\/\/bergamoss.com\/wp-content\/uploads\/2025\/09\/Old_Church_.jpeg\",\"datePublished\":\"2025-09-13T06:09:50+00:00\",\"dateModified\":\"2025-09-13T07:16:10+00:00\",\"description\":\"I originally created this accord for a fragrance exhibition at Helf\u0161t\u00fdn Castle, where I created \\\"the scents of the Middle Ages.\\\"\",\"breadcrumb\":{\"@id\":\"https:\/\/bergamoss.com\/en\/product\/old-church\/#breadcrumb\"},\"inLanguage\":\"en-US\",\"potentialAction\":[{\"@type\":\"ReadAction\",\"target\":[\"https:\/\/bergamoss.com\/en\/product\/old-church\/\"]}]},{\"@type\":\"ImageObject\",\"inLanguage\":\"en-US\",\"@id\":\"https:\/\/bergamoss.com\/en\/product\/old-church\/#primaryimage\",\"url\":\"https:\/\/bergamoss.com\/wp-content\/uploads\/2025\/09\/Old_Church_.jpeg\",\"contentUrl\":\"https:\/\/bergamoss.com\/wp-content\/uploads\/2025\/09\/Old_Church_.jpeg\",\"width\":1600,\"height\":1527},{\"@type\":\"BreadcrumbList\",\"@id\":\"https:\/\/bergamoss.com\/en\/product\/old-church\/#breadcrumb\",\"itemListElement\":[{\"@type\":\"ListItem\",\"position\":1,\"name\":\"Dom\u016f\",\"item\":\"https:\/\/bergamoss.com\/en\/\"},{\"@type\":\"ListItem\",\"position\":2,\"name\":\"Shop\",\"item\":\"https:\/\/bergamoss.com\/en\/shop\/\"},{\"@type\":\"ListItem\",\"position\":3,\"name\":\"Old Church\"}]},{\"@type\":\"WebSite\",\"@id\":\"https:\/\/bergamoss.com\/en\/#website\",\"url\":\"https:\/\/bergamoss.com\/en\/\",\"name\":\"Bergamoss\",\"description\":\"Parf\u00e9my p\u0159edn\u00edho \u010desk\u00e9ho parfum\u00e9ra V\u00e1clava Lebedy\",\"publisher\":{\"@id\":\"https:\/\/bergamoss.com\/en\/#organization\"},\"potentialAction\":[{\"@type\":\"SearchAction\",\"target\":{\"@type\":\"EntryPoint\",\"urlTemplate\":\"https:\/\/bergamoss.com\/en\/?s={search_term_string}\"},\"query-input\":{\"@type\":\"PropertyValueSpecification\",\"valueRequired\":true,\"valueName\":\"search_term_string\"}}],\"inLanguage\":\"en-US\"},{\"@type\":\"Organization\",\"@id\":\"https:\/\/bergamoss.com\/en\/#organization\",\"name\":\"Bergamoss\",\"url\":\"https:\/\/bergamoss.com\/en\/\",\"logo\":{\"@type\":\"ImageObject\",\"inLanguage\":\"en-US\",\"@id\":\"https:\/\/bergamoss.com\/en\/#\/schema\/logo\/image\/\",\"url\":\"https:\/\/bergamoss.com\/wp-content\/uploads\/2024\/07\/Bergamos_logo_transparentni.png\",\"contentUrl\":\"https:\/\/bergamoss.com\/wp-content\/uploads\/2024\/07\/Bergamos_logo_transparentni.png\",\"width\":1814,\"height\":350,\"caption\":\"Bergamoss\"},\"image\":{\"@id\":\"https:\/\/bergamoss.com\/en\/#\/schema\/logo\/image\/\"}}]}<\/script>\n<!-- \/ Yoast SEO plugin. -->","yoast_head_json":{"title":"Old Church - Bergamoss","description":"I originally created this accord for a fragrance exhibition at Helf\u0161t\u00fdn Castle, where I created \"the scents of the Middle Ages.\"","robots":{"index":"index","follow":"follow","max-snippet":"max-snippet:-1","max-image-preview":"max-image-preview:large","max-video-preview":"max-video-preview:-1"},"canonical":"https:\/\/bergamoss.com\/en\/product\/old-church\/","og_locale":"en_US","og_type":"article","og_title":"Old Church - Bergamoss","og_description":"I originally created this accord for a fragrance exhibition at Helf\u0161t\u00fdn Castle, where I created \"the scents of the Middle Ages.\"","og_url":"https:\/\/bergamoss.com\/en\/product\/old-church\/","og_site_name":"Bergamoss","article_modified_time":"2025-09-13T07:16:10+00:00","og_image":[{"width":1600,"height":1527,"url":"https:\/\/bergamoss.com\/wp-content\/uploads\/2025\/09\/Old_Church_.jpeg","type":"image\/jpeg"}],"twitter_card":"summary_large_image","twitter_misc":{"Est. reading time":"1 minute"},"schema":{"@context":"https:\/\/schema.org","@graph":[{"@type":"WebPage","@id":"https:\/\/bergamoss.com\/en\/product\/old-church\/","url":"https:\/\/bergamoss.com\/en\/product\/old-church\/","name":"Old Church - Bergamoss","isPartOf":{"@id":"https:\/\/bergamoss.com\/en\/#website"},"primaryImageOfPage":{"@id":"https:\/\/bergamoss.com\/en\/product\/old-church\/#primaryimage"},"image":{"@id":"https:\/\/bergamoss.com\/en\/product\/old-church\/#primaryimage"},"thumbnailUrl":"https:\/\/bergamoss.com\/wp-content\/uploads\/2025\/09\/Old_Church_.jpeg","datePublished":"2025-09-13T06:09:50+00:00","dateModified":"2025-09-13T07:16:10+00:00","description":"I originally created this accord for a fragrance exhibition at Helf\u0161t\u00fdn Castle, where I created \"the scents of the Middle Ages.\"","breadcrumb":{"@id":"https:\/\/bergamoss.com\/en\/product\/old-church\/#breadcrumb"},"inLanguage":"en-US","potentialAction":[{"@type":"ReadAction","target":["https:\/\/bergamoss.com\/en\/product\/old-church\/"]}]},{"@type":"ImageObject","inLanguage":"en-US","@id":"https:\/\/bergamoss.com\/en\/product\/old-church\/#primaryimage","url":"https:\/\/bergamoss.com\/wp-content\/uploads\/2025\/09\/Old_Church_.jpeg","contentUrl":"https:\/\/bergamoss.com\/wp-content\/uploads\/2025\/09\/Old_Church_.jpeg","width":1600,"height":1527},{"@type":"BreadcrumbList","@id":"https:\/\/bergamoss.com\/en\/product\/old-church\/#breadcrumb","itemListElement":[{"@type":"ListItem","position":1,"name":"Dom\u016f","item":"https:\/\/bergamoss.com\/en\/"},{"@type":"ListItem","position":2,"name":"Shop","item":"https:\/\/bergamoss.com\/en\/shop\/"},{"@type":"ListItem","position":3,"name":"Old Church"}]},{"@type":"WebSite","@id":"https:\/\/bergamoss.com\/en\/#website","url":"https:\/\/bergamoss.com\/en\/","name":"Bergamoss","description":"Parf\u00e9my p\u0159edn\u00edho \u010desk\u00e9ho parfum\u00e9ra V\u00e1clava Lebedy","publisher":{"@id":"https:\/\/bergamoss.com\/en\/#organization"},"potentialAction":[{"@type":"SearchAction","target":{"@type":"EntryPoint","urlTemplate":"https:\/\/bergamoss.com\/en\/?s={search_term_string}"},"query-input":{"@type":"PropertyValueSpecification","valueRequired":true,"valueName":"search_term_string"}}],"inLanguage":"en-US"},{"@type":"Organization","@id":"https:\/\/bergamoss.com\/en\/#organization","name":"Bergamoss","url":"https:\/\/bergamoss.com\/en\/","logo":{"@type":"ImageObject","inLanguage":"en-US","@id":"https:\/\/bergamoss.com\/en\/#\/schema\/logo\/image\/","url":"https:\/\/bergamoss.com\/wp-content\/uploads\/2024\/07\/Bergamos_logo_transparentni.png","contentUrl":"https:\/\/bergamoss.com\/wp-content\/uploads\/2024\/07\/Bergamos_logo_transparentni.png","width":1814,"height":350,"caption":"Bergamoss"},"image":{"@id":"https:\/\/bergamoss.com\/en\/#\/schema\/logo\/image\/"}}]}},"_links":{"self":[{"href":"https:\/\/bergamoss.com\/en\/wp-json\/wp\/v2\/product\/10209","targetHints":{"allow":["GET"]}}],"collection":[{"href":"https:\/\/bergamoss.com\/en\/wp-json\/wp\/v2\/product"}],"about":[{"href":"https:\/\/bergamoss.com\/en\/wp-json\/wp\/v2\/types\/product"}],"wp:featuredmedia":[{"embeddable":true,"href":"https:\/\/bergamoss.com\/en\/wp-json\/wp\/v2\/media\/10211"}],"wp:attachment":[{"href":"https:\/\/bergamoss.com\/en\/wp-json\/wp\/v2\/media?parent=10209"}],"wp:term":[{"taxonomy":"product_brand","embeddable":true,"href":"https:\/\/bergamoss.com\/en\/wp-json\/wp\/v2\/product_brand?post=10209"},{"taxonomy":"product_cat","embeddable":true,"href":"https:\/\/bergamoss.com\/en\/wp-json\/wp\/v2\/product_cat?post=10209"},{"taxonomy":"product_tag","embeddable":true,"href":"https:\/\/bergamoss.com\/en\/wp-json\/wp\/v2\/product_tag?post=10209"}],"curies":[{"name":"wp","href":"https:\/\/api.w.org\/{rel}","templated":true}]}}