{"id":10188,"date":"2025-09-12T11:26:45","date_gmt":"2025-09-12T11:26:45","guid":{"rendered":"https:\/\/bergamoss.com\/?post_type=product&#038;p=10188"},"modified":"2025-09-12T11:44:55","modified_gmt":"2025-09-12T11:44:55","slug":"burnt_electronics","status":"publish","type":"product","link":"https:\/\/bergamoss.com\/en\/product\/burnt_electronics\/","title":{"rendered":"Burnt Electronics &#8211; free formula!"},"content":{"rendered":"<p>An original Bergamoss accord of burnt electronics, old, rusty televisions, and scorched plastic. For lovers of bizarre notes in perfumes! Each ingredient is listed with its scent and effect in the composition. For this accord, I used a substance called &#8220;Aldambre,&#8221; which smells like printed paper coming out of a printer.<\/p>\n<p>After purchase, you will receive a PDF and Excel document in Czech and English.<\/p>\n","protected":false},"excerpt":{"rendered":"<p>An original Bergamoss accord of burnt electronics, old, rusty televisions, and scorched plastic. For lovers of bizarre notes in perfumes! Each ingredient is listed with its scent and effect in the composition. For this accord, I used a substance called &#8220;Aldambre,&#8221; which smells like printed paper coming out of a printer.<\/p>\n<p>After purchase, you will receive a PDF and Excel document in Czech and English.<\/p>\n","protected":false},"featured_media":10190,"template":"","meta":[],"product_brand":[],"product_cat":[99],"product_tag":[],"class_list":{"0":"post-10188","1":"product","2":"type-product","3":"status-publish","4":"has-post-thumbnail","6":"product_cat-formulas-accords","8":"first","9":"instock","10":"featured","11":"downloadable","12":"virtual","13":"taxable","14":"purchasable","15":"product-type-simple","16":"add-to-wishlist-after_add_to_cart"},"yoast_head":"<!-- This site is optimized with the Yoast SEO plugin v24.2 - https:\/\/yoast.com\/wordpress\/plugins\/seo\/ -->\n<title>Burnt Electronics - free formula! - Bergamoss<\/title>\n<meta name=\"description\" content=\"New formula Bergamoss Coconut jasmine rice\" \/>\n<meta name=\"robots\" content=\"index, follow, max-snippet:-1, max-image-preview:large, max-video-preview:-1\" \/>\n<link rel=\"canonical\" href=\"https:\/\/bergamoss.com\/en\/product\/burnt_electronics\/\" \/>\n<meta property=\"og:locale\" content=\"en_US\" \/>\n<meta property=\"og:type\" content=\"article\" \/>\n<meta property=\"og:title\" content=\"Burnt Electronics - free formula! - Bergamoss\" \/>\n<meta property=\"og:description\" content=\"New formula Bergamoss Coconut jasmine rice\" \/>\n<meta property=\"og:url\" content=\"https:\/\/bergamoss.com\/en\/product\/burnt_electronics\/\" \/>\n<meta property=\"og:site_name\" content=\"Bergamoss\" \/>\n<meta property=\"article:modified_time\" content=\"2025-09-12T11:44:55+00:00\" \/>\n<meta property=\"og:image\" content=\"https:\/\/bergamoss.com\/wp-content\/uploads\/2025\/09\/Burnt_Electronics_.jpeg\" \/>\n\t<meta property=\"og:image:width\" content=\"1600\" \/>\n\t<meta property=\"og:image:height\" content=\"1527\" \/>\n\t<meta property=\"og:image:type\" content=\"image\/jpeg\" \/>\n<meta name=\"twitter:card\" content=\"summary_large_image\" \/>\n<meta name=\"twitter:label1\" content=\"Est. reading time\" \/>\n\t<meta name=\"twitter:data1\" content=\"1 minute\" \/>\n<script type=\"application\/ld+json\" class=\"yoast-schema-graph\">{\"@context\":\"https:\/\/schema.org\",\"@graph\":[{\"@type\":\"WebPage\",\"@id\":\"https:\/\/bergamoss.com\/en\/product\/burnt_electronics\/\",\"url\":\"https:\/\/bergamoss.com\/en\/product\/burnt_electronics\/\",\"name\":\"Burnt Electronics - free formula! - Bergamoss\",\"isPartOf\":{\"@id\":\"https:\/\/bergamoss.com\/en\/#website\"},\"primaryImageOfPage\":{\"@id\":\"https:\/\/bergamoss.com\/en\/product\/burnt_electronics\/#primaryimage\"},\"image\":{\"@id\":\"https:\/\/bergamoss.com\/en\/product\/burnt_electronics\/#primaryimage\"},\"thumbnailUrl\":\"https:\/\/bergamoss.com\/wp-content\/uploads\/2025\/09\/Burnt_Electronics_.jpeg\",\"datePublished\":\"2025-09-12T11:26:45+00:00\",\"dateModified\":\"2025-09-12T11:44:55+00:00\",\"description\":\"New formula Bergamoss Coconut jasmine rice\",\"breadcrumb\":{\"@id\":\"https:\/\/bergamoss.com\/en\/product\/burnt_electronics\/#breadcrumb\"},\"inLanguage\":\"en-US\",\"potentialAction\":[{\"@type\":\"ReadAction\",\"target\":[\"https:\/\/bergamoss.com\/en\/product\/burnt_electronics\/\"]}]},{\"@type\":\"ImageObject\",\"inLanguage\":\"en-US\",\"@id\":\"https:\/\/bergamoss.com\/en\/product\/burnt_electronics\/#primaryimage\",\"url\":\"https:\/\/bergamoss.com\/wp-content\/uploads\/2025\/09\/Burnt_Electronics_.jpeg\",\"contentUrl\":\"https:\/\/bergamoss.com\/wp-content\/uploads\/2025\/09\/Burnt_Electronics_.jpeg\",\"width\":1600,\"height\":1527},{\"@type\":\"BreadcrumbList\",\"@id\":\"https:\/\/bergamoss.com\/en\/product\/burnt_electronics\/#breadcrumb\",\"itemListElement\":[{\"@type\":\"ListItem\",\"position\":1,\"name\":\"Dom\u016f\",\"item\":\"https:\/\/bergamoss.com\/en\/\"},{\"@type\":\"ListItem\",\"position\":2,\"name\":\"Shop\",\"item\":\"https:\/\/bergamoss.com\/en\/shop\/\"},{\"@type\":\"ListItem\",\"position\":3,\"name\":\"Burnt Electronics &#8211; free formula!\"}]},{\"@type\":\"WebSite\",\"@id\":\"https:\/\/bergamoss.com\/en\/#website\",\"url\":\"https:\/\/bergamoss.com\/en\/\",\"name\":\"Bergamoss\",\"description\":\"Parf\u00e9my p\u0159edn\u00edho \u010desk\u00e9ho parfum\u00e9ra V\u00e1clava Lebedy\",\"publisher\":{\"@id\":\"https:\/\/bergamoss.com\/en\/#organization\"},\"potentialAction\":[{\"@type\":\"SearchAction\",\"target\":{\"@type\":\"EntryPoint\",\"urlTemplate\":\"https:\/\/bergamoss.com\/en\/?s={search_term_string}\"},\"query-input\":{\"@type\":\"PropertyValueSpecification\",\"valueRequired\":true,\"valueName\":\"search_term_string\"}}],\"inLanguage\":\"en-US\"},{\"@type\":\"Organization\",\"@id\":\"https:\/\/bergamoss.com\/en\/#organization\",\"name\":\"Bergamoss\",\"url\":\"https:\/\/bergamoss.com\/en\/\",\"logo\":{\"@type\":\"ImageObject\",\"inLanguage\":\"en-US\",\"@id\":\"https:\/\/bergamoss.com\/en\/#\/schema\/logo\/image\/\",\"url\":\"https:\/\/bergamoss.com\/wp-content\/uploads\/2024\/07\/Bergamos_logo_transparentni.png\",\"contentUrl\":\"https:\/\/bergamoss.com\/wp-content\/uploads\/2024\/07\/Bergamos_logo_transparentni.png\",\"width\":1814,\"height\":350,\"caption\":\"Bergamoss\"},\"image\":{\"@id\":\"https:\/\/bergamoss.com\/en\/#\/schema\/logo\/image\/\"}}]}<\/script>\n<!-- \/ Yoast SEO plugin. -->","yoast_head_json":{"title":"Burnt Electronics - free formula! - Bergamoss","description":"New formula Bergamoss Coconut jasmine rice","robots":{"index":"index","follow":"follow","max-snippet":"max-snippet:-1","max-image-preview":"max-image-preview:large","max-video-preview":"max-video-preview:-1"},"canonical":"https:\/\/bergamoss.com\/en\/product\/burnt_electronics\/","og_locale":"en_US","og_type":"article","og_title":"Burnt Electronics - free formula! - Bergamoss","og_description":"New formula Bergamoss Coconut jasmine rice","og_url":"https:\/\/bergamoss.com\/en\/product\/burnt_electronics\/","og_site_name":"Bergamoss","article_modified_time":"2025-09-12T11:44:55+00:00","og_image":[{"width":1600,"height":1527,"url":"https:\/\/bergamoss.com\/wp-content\/uploads\/2025\/09\/Burnt_Electronics_.jpeg","type":"image\/jpeg"}],"twitter_card":"summary_large_image","twitter_misc":{"Est. reading time":"1 minute"},"schema":{"@context":"https:\/\/schema.org","@graph":[{"@type":"WebPage","@id":"https:\/\/bergamoss.com\/en\/product\/burnt_electronics\/","url":"https:\/\/bergamoss.com\/en\/product\/burnt_electronics\/","name":"Burnt Electronics - free formula! - Bergamoss","isPartOf":{"@id":"https:\/\/bergamoss.com\/en\/#website"},"primaryImageOfPage":{"@id":"https:\/\/bergamoss.com\/en\/product\/burnt_electronics\/#primaryimage"},"image":{"@id":"https:\/\/bergamoss.com\/en\/product\/burnt_electronics\/#primaryimage"},"thumbnailUrl":"https:\/\/bergamoss.com\/wp-content\/uploads\/2025\/09\/Burnt_Electronics_.jpeg","datePublished":"2025-09-12T11:26:45+00:00","dateModified":"2025-09-12T11:44:55+00:00","description":"New formula Bergamoss Coconut jasmine rice","breadcrumb":{"@id":"https:\/\/bergamoss.com\/en\/product\/burnt_electronics\/#breadcrumb"},"inLanguage":"en-US","potentialAction":[{"@type":"ReadAction","target":["https:\/\/bergamoss.com\/en\/product\/burnt_electronics\/"]}]},{"@type":"ImageObject","inLanguage":"en-US","@id":"https:\/\/bergamoss.com\/en\/product\/burnt_electronics\/#primaryimage","url":"https:\/\/bergamoss.com\/wp-content\/uploads\/2025\/09\/Burnt_Electronics_.jpeg","contentUrl":"https:\/\/bergamoss.com\/wp-content\/uploads\/2025\/09\/Burnt_Electronics_.jpeg","width":1600,"height":1527},{"@type":"BreadcrumbList","@id":"https:\/\/bergamoss.com\/en\/product\/burnt_electronics\/#breadcrumb","itemListElement":[{"@type":"ListItem","position":1,"name":"Dom\u016f","item":"https:\/\/bergamoss.com\/en\/"},{"@type":"ListItem","position":2,"name":"Shop","item":"https:\/\/bergamoss.com\/en\/shop\/"},{"@type":"ListItem","position":3,"name":"Burnt Electronics &#8211; free formula!"}]},{"@type":"WebSite","@id":"https:\/\/bergamoss.com\/en\/#website","url":"https:\/\/bergamoss.com\/en\/","name":"Bergamoss","description":"Parf\u00e9my p\u0159edn\u00edho \u010desk\u00e9ho parfum\u00e9ra V\u00e1clava Lebedy","publisher":{"@id":"https:\/\/bergamoss.com\/en\/#organization"},"potentialAction":[{"@type":"SearchAction","target":{"@type":"EntryPoint","urlTemplate":"https:\/\/bergamoss.com\/en\/?s={search_term_string}"},"query-input":{"@type":"PropertyValueSpecification","valueRequired":true,"valueName":"search_term_string"}}],"inLanguage":"en-US"},{"@type":"Organization","@id":"https:\/\/bergamoss.com\/en\/#organization","name":"Bergamoss","url":"https:\/\/bergamoss.com\/en\/","logo":{"@type":"ImageObject","inLanguage":"en-US","@id":"https:\/\/bergamoss.com\/en\/#\/schema\/logo\/image\/","url":"https:\/\/bergamoss.com\/wp-content\/uploads\/2024\/07\/Bergamos_logo_transparentni.png","contentUrl":"https:\/\/bergamoss.com\/wp-content\/uploads\/2024\/07\/Bergamos_logo_transparentni.png","width":1814,"height":350,"caption":"Bergamoss"},"image":{"@id":"https:\/\/bergamoss.com\/en\/#\/schema\/logo\/image\/"}}]}},"_links":{"self":[{"href":"https:\/\/bergamoss.com\/en\/wp-json\/wp\/v2\/product\/10188","targetHints":{"allow":["GET"]}}],"collection":[{"href":"https:\/\/bergamoss.com\/en\/wp-json\/wp\/v2\/product"}],"about":[{"href":"https:\/\/bergamoss.com\/en\/wp-json\/wp\/v2\/types\/product"}],"wp:featuredmedia":[{"embeddable":true,"href":"https:\/\/bergamoss.com\/en\/wp-json\/wp\/v2\/media\/10190"}],"wp:attachment":[{"href":"https:\/\/bergamoss.com\/en\/wp-json\/wp\/v2\/media?parent=10188"}],"wp:term":[{"taxonomy":"product_brand","embeddable":true,"href":"https:\/\/bergamoss.com\/en\/wp-json\/wp\/v2\/product_brand?post=10188"},{"taxonomy":"product_cat","embeddable":true,"href":"https:\/\/bergamoss.com\/en\/wp-json\/wp\/v2\/product_cat?post=10188"},{"taxonomy":"product_tag","embeddable":true,"href":"https:\/\/bergamoss.com\/en\/wp-json\/wp\/v2\/product_tag?post=10188"}],"curies":[{"name":"wp","href":"https:\/\/api.w.org\/{rel}","templated":true}]}}