{"id":10090,"date":"2025-07-26T16:06:52","date_gmt":"2025-07-26T16:06:52","guid":{"rendered":"https:\/\/bergamoss.com\/product\/crop-top-nettarina-frizzante\/"},"modified":"2025-07-26T16:43:05","modified_gmt":"2025-07-26T16:43:05","slug":"crop-top-nettarina-frizzante","status":"publish","type":"product","link":"https:\/\/bergamoss.com\/en\/product\/crop-top-nettarina-frizzante\/","title":{"rendered":"Crop Top &#8220;Nettarina Frizzante&#8221;"},"content":{"rendered":"<p>Bergamoss introduces the first ever <strong>multi-sensory<\/strong> crop top in the Czech Republic &#8211; made from organic cotton, inspired by and scented with our <strong>Nettarina Frizzante<\/strong> fragrance.<\/p>\n<p>&nbsp;<\/p>\n<p>We combine smell, sight, touch and emotion in a single piece that you can feel, see, wear &#8211; and experience. The same graphics as on the original bottle.And a little message for you inside: &#8220;<strong>You are the perfume<\/strong>.&#8221;<\/p>\n<p>&nbsp;<\/p>\n<p>Before shipping, we&#8217;ll scent your crop top with <strong>Nettarina Frizzante<\/strong> perfume, which tells a story of love, dates, prosecco and summer carefree.<\/p>\n<p>&nbsp;<\/p>\n<p>Available in sizes <strong>S\/M\/L<\/strong> with a comfortable, slightly oversized fit.<\/p>\n<p>\ud83c\udf3195% organic cotton, 5% elastane.<br \/>\n\ud83d\udc9b Limited edition.<br \/>\n\ud83c\udde8\ud83c\uddff Designed in the Czech Republic .<br \/>\n\ud83c\udf81 For a discounted price when buying with Nettarina Frizzante perfume.<\/p>\n","protected":false},"excerpt":{"rendered":"<p>Bergamoss presents the first ever <strong>multi-sensory<\/strong> crop top in the Czech Republic &#8211; made from organic cotton, inspired by and scented with our <strong>Nettarina Frizzante<\/strong> fragrance <strong>.<\/strong><\/p>\n","protected":false},"featured_media":10081,"template":"","meta":[],"product_brand":[],"product_cat":[97],"product_tag":[],"class_list":{"0":"post-10090","1":"product","2":"type-product","3":"status-publish","4":"has-post-thumbnail","6":"product_cat-fashion-en","8":"first","9":"instock","10":"taxable","11":"shipping-taxable","12":"purchasable","13":"product-type-variable","14":"add-to-wishlist-after_add_to_cart"},"yoast_head":"<!-- This site is optimized with the Yoast SEO plugin v24.2 - https:\/\/yoast.com\/wordpress\/plugins\/seo\/ -->\n<title>Crop Top &quot;Nettarina Frizzante&quot; - Bergamoss<\/title>\n<meta name=\"description\" content=\"The first multisensory crop top in the Czech Republic - made of organic cotton, inspired by and scented with our Nettarina Frizzante perfume\" \/>\n<meta name=\"robots\" content=\"index, follow, max-snippet:-1, max-image-preview:large, max-video-preview:-1\" \/>\n<link rel=\"canonical\" href=\"https:\/\/bergamoss.com\/en\/product\/crop-top-nettarina-frizzante\/\" \/>\n<meta property=\"og:locale\" content=\"en_US\" \/>\n<meta property=\"og:type\" content=\"article\" \/>\n<meta property=\"og:title\" content=\"Crop Top &quot;Nettarina Frizzante&quot; - Bergamoss\" \/>\n<meta property=\"og:description\" content=\"The first multisensory crop top in the Czech Republic - made of organic cotton, inspired by and scented with our Nettarina Frizzante perfume\" \/>\n<meta property=\"og:url\" content=\"https:\/\/bergamoss.com\/en\/product\/crop-top-nettarina-frizzante\/\" \/>\n<meta property=\"og:site_name\" content=\"Bergamoss\" \/>\n<meta property=\"article:modified_time\" content=\"2025-07-26T16:43:05+00:00\" \/>\n<meta property=\"og:image\" content=\"https:\/\/bergamoss.com\/wp-content\/uploads\/2025\/07\/DSC09412-scaled.jpg\" \/>\n\t<meta property=\"og:image:width\" content=\"1707\" \/>\n\t<meta property=\"og:image:height\" content=\"2560\" \/>\n\t<meta property=\"og:image:type\" content=\"image\/jpeg\" \/>\n<meta name=\"twitter:card\" content=\"summary_large_image\" \/>\n<meta name=\"twitter:label1\" content=\"Est. reading time\" \/>\n\t<meta name=\"twitter:data1\" content=\"1 minute\" \/>\n<script type=\"application\/ld+json\" class=\"yoast-schema-graph\">{\"@context\":\"https:\/\/schema.org\",\"@graph\":[{\"@type\":\"WebPage\",\"@id\":\"https:\/\/bergamoss.com\/en\/product\/crop-top-nettarina-frizzante\/\",\"url\":\"https:\/\/bergamoss.com\/en\/product\/crop-top-nettarina-frizzante\/\",\"name\":\"Crop Top \\\"Nettarina Frizzante\\\" - Bergamoss\",\"isPartOf\":{\"@id\":\"https:\/\/bergamoss.com\/en\/#website\"},\"primaryImageOfPage\":{\"@id\":\"https:\/\/bergamoss.com\/en\/product\/crop-top-nettarina-frizzante\/#primaryimage\"},\"image\":{\"@id\":\"https:\/\/bergamoss.com\/en\/product\/crop-top-nettarina-frizzante\/#primaryimage\"},\"thumbnailUrl\":\"https:\/\/bergamoss.com\/wp-content\/uploads\/2025\/07\/DSC09412-scaled.jpg\",\"datePublished\":\"2025-07-26T16:06:52+00:00\",\"dateModified\":\"2025-07-26T16:43:05+00:00\",\"description\":\"The first multisensory crop top in the Czech Republic - made of organic cotton, inspired by and scented with our Nettarina Frizzante perfume\",\"breadcrumb\":{\"@id\":\"https:\/\/bergamoss.com\/en\/product\/crop-top-nettarina-frizzante\/#breadcrumb\"},\"inLanguage\":\"en-US\",\"potentialAction\":[{\"@type\":\"ReadAction\",\"target\":[\"https:\/\/bergamoss.com\/en\/product\/crop-top-nettarina-frizzante\/\"]}]},{\"@type\":\"ImageObject\",\"inLanguage\":\"en-US\",\"@id\":\"https:\/\/bergamoss.com\/en\/product\/crop-top-nettarina-frizzante\/#primaryimage\",\"url\":\"https:\/\/bergamoss.com\/wp-content\/uploads\/2025\/07\/DSC09412-scaled.jpg\",\"contentUrl\":\"https:\/\/bergamoss.com\/wp-content\/uploads\/2025\/07\/DSC09412-scaled.jpg\",\"width\":1707,\"height\":2560},{\"@type\":\"BreadcrumbList\",\"@id\":\"https:\/\/bergamoss.com\/en\/product\/crop-top-nettarina-frizzante\/#breadcrumb\",\"itemListElement\":[{\"@type\":\"ListItem\",\"position\":1,\"name\":\"Dom\u016f\",\"item\":\"https:\/\/bergamoss.com\/en\/\"},{\"@type\":\"ListItem\",\"position\":2,\"name\":\"Shop\",\"item\":\"https:\/\/bergamoss.com\/en\/shop\/\"},{\"@type\":\"ListItem\",\"position\":3,\"name\":\"Crop Top &#8222;Nettarina Frizzante&#8220;\"}]},{\"@type\":\"WebSite\",\"@id\":\"https:\/\/bergamoss.com\/en\/#website\",\"url\":\"https:\/\/bergamoss.com\/en\/\",\"name\":\"Bergamoss\",\"description\":\"Parf\u00e9my p\u0159edn\u00edho \u010desk\u00e9ho parfum\u00e9ra V\u00e1clava Lebedy\",\"publisher\":{\"@id\":\"https:\/\/bergamoss.com\/en\/#organization\"},\"potentialAction\":[{\"@type\":\"SearchAction\",\"target\":{\"@type\":\"EntryPoint\",\"urlTemplate\":\"https:\/\/bergamoss.com\/en\/?s={search_term_string}\"},\"query-input\":{\"@type\":\"PropertyValueSpecification\",\"valueRequired\":true,\"valueName\":\"search_term_string\"}}],\"inLanguage\":\"en-US\"},{\"@type\":\"Organization\",\"@id\":\"https:\/\/bergamoss.com\/en\/#organization\",\"name\":\"Bergamoss\",\"url\":\"https:\/\/bergamoss.com\/en\/\",\"logo\":{\"@type\":\"ImageObject\",\"inLanguage\":\"en-US\",\"@id\":\"https:\/\/bergamoss.com\/en\/#\/schema\/logo\/image\/\",\"url\":\"https:\/\/bergamoss.com\/wp-content\/uploads\/2024\/07\/Bergamos_logo_transparentni.png\",\"contentUrl\":\"https:\/\/bergamoss.com\/wp-content\/uploads\/2024\/07\/Bergamos_logo_transparentni.png\",\"width\":1814,\"height\":350,\"caption\":\"Bergamoss\"},\"image\":{\"@id\":\"https:\/\/bergamoss.com\/en\/#\/schema\/logo\/image\/\"}}]}<\/script>\n<!-- \/ Yoast SEO plugin. -->","yoast_head_json":{"title":"Crop Top \"Nettarina Frizzante\" - Bergamoss","description":"The first multisensory crop top in the Czech Republic - made of organic cotton, inspired by and scented with our Nettarina Frizzante perfume","robots":{"index":"index","follow":"follow","max-snippet":"max-snippet:-1","max-image-preview":"max-image-preview:large","max-video-preview":"max-video-preview:-1"},"canonical":"https:\/\/bergamoss.com\/en\/product\/crop-top-nettarina-frizzante\/","og_locale":"en_US","og_type":"article","og_title":"Crop Top \"Nettarina Frizzante\" - Bergamoss","og_description":"The first multisensory crop top in the Czech Republic - made of organic cotton, inspired by and scented with our Nettarina Frizzante perfume","og_url":"https:\/\/bergamoss.com\/en\/product\/crop-top-nettarina-frizzante\/","og_site_name":"Bergamoss","article_modified_time":"2025-07-26T16:43:05+00:00","og_image":[{"width":1707,"height":2560,"url":"https:\/\/bergamoss.com\/wp-content\/uploads\/2025\/07\/DSC09412-scaled.jpg","type":"image\/jpeg"}],"twitter_card":"summary_large_image","twitter_misc":{"Est. reading time":"1 minute"},"schema":{"@context":"https:\/\/schema.org","@graph":[{"@type":"WebPage","@id":"https:\/\/bergamoss.com\/en\/product\/crop-top-nettarina-frizzante\/","url":"https:\/\/bergamoss.com\/en\/product\/crop-top-nettarina-frizzante\/","name":"Crop Top \"Nettarina Frizzante\" - Bergamoss","isPartOf":{"@id":"https:\/\/bergamoss.com\/en\/#website"},"primaryImageOfPage":{"@id":"https:\/\/bergamoss.com\/en\/product\/crop-top-nettarina-frizzante\/#primaryimage"},"image":{"@id":"https:\/\/bergamoss.com\/en\/product\/crop-top-nettarina-frizzante\/#primaryimage"},"thumbnailUrl":"https:\/\/bergamoss.com\/wp-content\/uploads\/2025\/07\/DSC09412-scaled.jpg","datePublished":"2025-07-26T16:06:52+00:00","dateModified":"2025-07-26T16:43:05+00:00","description":"The first multisensory crop top in the Czech Republic - made of organic cotton, inspired by and scented with our Nettarina Frizzante perfume","breadcrumb":{"@id":"https:\/\/bergamoss.com\/en\/product\/crop-top-nettarina-frizzante\/#breadcrumb"},"inLanguage":"en-US","potentialAction":[{"@type":"ReadAction","target":["https:\/\/bergamoss.com\/en\/product\/crop-top-nettarina-frizzante\/"]}]},{"@type":"ImageObject","inLanguage":"en-US","@id":"https:\/\/bergamoss.com\/en\/product\/crop-top-nettarina-frizzante\/#primaryimage","url":"https:\/\/bergamoss.com\/wp-content\/uploads\/2025\/07\/DSC09412-scaled.jpg","contentUrl":"https:\/\/bergamoss.com\/wp-content\/uploads\/2025\/07\/DSC09412-scaled.jpg","width":1707,"height":2560},{"@type":"BreadcrumbList","@id":"https:\/\/bergamoss.com\/en\/product\/crop-top-nettarina-frizzante\/#breadcrumb","itemListElement":[{"@type":"ListItem","position":1,"name":"Dom\u016f","item":"https:\/\/bergamoss.com\/en\/"},{"@type":"ListItem","position":2,"name":"Shop","item":"https:\/\/bergamoss.com\/en\/shop\/"},{"@type":"ListItem","position":3,"name":"Crop Top &#8222;Nettarina Frizzante&#8220;"}]},{"@type":"WebSite","@id":"https:\/\/bergamoss.com\/en\/#website","url":"https:\/\/bergamoss.com\/en\/","name":"Bergamoss","description":"Parf\u00e9my p\u0159edn\u00edho \u010desk\u00e9ho parfum\u00e9ra V\u00e1clava Lebedy","publisher":{"@id":"https:\/\/bergamoss.com\/en\/#organization"},"potentialAction":[{"@type":"SearchAction","target":{"@type":"EntryPoint","urlTemplate":"https:\/\/bergamoss.com\/en\/?s={search_term_string}"},"query-input":{"@type":"PropertyValueSpecification","valueRequired":true,"valueName":"search_term_string"}}],"inLanguage":"en-US"},{"@type":"Organization","@id":"https:\/\/bergamoss.com\/en\/#organization","name":"Bergamoss","url":"https:\/\/bergamoss.com\/en\/","logo":{"@type":"ImageObject","inLanguage":"en-US","@id":"https:\/\/bergamoss.com\/en\/#\/schema\/logo\/image\/","url":"https:\/\/bergamoss.com\/wp-content\/uploads\/2024\/07\/Bergamos_logo_transparentni.png","contentUrl":"https:\/\/bergamoss.com\/wp-content\/uploads\/2024\/07\/Bergamos_logo_transparentni.png","width":1814,"height":350,"caption":"Bergamoss"},"image":{"@id":"https:\/\/bergamoss.com\/en\/#\/schema\/logo\/image\/"}}]}},"_links":{"self":[{"href":"https:\/\/bergamoss.com\/en\/wp-json\/wp\/v2\/product\/10090","targetHints":{"allow":["GET"]}}],"collection":[{"href":"https:\/\/bergamoss.com\/en\/wp-json\/wp\/v2\/product"}],"about":[{"href":"https:\/\/bergamoss.com\/en\/wp-json\/wp\/v2\/types\/product"}],"wp:featuredmedia":[{"embeddable":true,"href":"https:\/\/bergamoss.com\/en\/wp-json\/wp\/v2\/media\/10081"}],"wp:attachment":[{"href":"https:\/\/bergamoss.com\/en\/wp-json\/wp\/v2\/media?parent=10090"}],"wp:term":[{"taxonomy":"product_brand","embeddable":true,"href":"https:\/\/bergamoss.com\/en\/wp-json\/wp\/v2\/product_brand?post=10090"},{"taxonomy":"product_cat","embeddable":true,"href":"https:\/\/bergamoss.com\/en\/wp-json\/wp\/v2\/product_cat?post=10090"},{"taxonomy":"product_tag","embeddable":true,"href":"https:\/\/bergamoss.com\/en\/wp-json\/wp\/v2\/product_tag?post=10090"}],"curies":[{"name":"wp","href":"https:\/\/api.w.org\/{rel}","templated":true}]}}