{"id":8468,"date":"2025-03-11T06:55:32","date_gmt":"2025-03-11T06:55:32","guid":{"rendered":"https:\/\/bergamoss.com\/terms-and-conditions\/"},"modified":"2025-03-17T14:06:43","modified_gmt":"2025-03-17T14:06:43","slug":"terms-and-conditions","status":"publish","type":"page","link":"https:\/\/bergamoss.com\/en\/terms-and-conditions\/","title":{"rendered":"Terms and Conditions"},"content":{"rendered":"\t\t<div data-elementor-type=\"wp-page\" data-elementor-id=\"8468\" class=\"elementor elementor-8468 elementor-8457\" data-elementor-settings=\"{&quot;ha_cmc_init_switcher&quot;:&quot;no&quot;}\">\n\t\t\t\t<div class=\"elementor-element elementor-element-63acd0f7 e-flex e-con-boxed e-con e-parent\" data-id=\"63acd0f7\" data-element_type=\"container\" data-settings=\"{&quot;_ha_eqh_enable&quot;:false}\">\n\t\t\t\t\t<div class=\"e-con-inner\">\n\t\t\t\t<div class=\"elementor-element elementor-element-69fa580f elementor-widget elementor-widget-text-editor\" data-id=\"69fa580f\" data-element_type=\"widget\" data-widget_type=\"text-editor.default\">\n\t\t\t\t\t\t\t\t\t<h4><b>Terms and conditions of VOXELMUSIC s.r.o.<\/b><\/h4><ol><li><span style=\"font-weight: 400;\"> 1\\. These Terms and Conditions (hereinafter referred to as &#8220;Terms&#8221;) of VOXELMUSIC s.r.o., with registered office at Tova\u010dovsk\u00e1 192, 783 75 Dub nad Moravou, Czech Republic, Company ID: 05755085, VAT ID: CZ05755085, regulate mutual rights and obligations arising from or related to a purchase contract (hereinafter &#8220;Contract&#8221;) concluded through the seller&#8217;s website (&#8220;Website&#8221;).<\/span><\/li><\/ol><ol start=\"2\"><li><span style=\"font-weight: 400;\"> 2\\. These Terms apply to the sale of perfumes, cosmetic products, and digital content (perfumery video courses).<\/span><\/li><\/ol><ol start=\"3\"><li><span style=\"font-weight: 400;\"> 3\\. By confirming an order, the buyer confirms that they have read and agreed with these Terms.<\/span><\/li><\/ol><p><span style=\"font-weight: 400;\">User Account<\/span><\/p><ol><li><span style=\"font-weight: 400;\"> 1\\. The buyer is obligated to protect access details to their user account and ensure their security.<\/span><\/li><li><span style=\"font-weight: 400;\"> 2\\. The seller reserves the right to cancel a user account in case of violation of these Terms or account misuse.<\/span><\/li><\/ol><p><span style=\"font-weight: 400;\">Payment Terms<\/span><\/p><ol><li><span style=\"font-weight: 400;\"><span style=\"font-weight: 400;\"> 1\\. The purchase price and associated delivery costs can be paid via:<\/span><\/span><\/li><\/ol><p><span style=\"font-weight: 400;\">&#8211; Payment by credit\/debit card<\/span><\/p><p><span style=\"font-weight: 400;\">&#8211; Apple Pay, GoPay<\/span><\/p><ol start=\"2\"><li><span style=\"font-weight: 400;\"> 2\\. Payment is always required in advance.<\/span><\/li><\/ol><p><span style=\"font-weight: 400;\">Delivery Terms and Liability<\/span><\/p><ol><li><span style=\"font-weight: 400;\"> 1\\. The seller is responsible for the goods until the moment of their handover to the carrier. The risk of damage to the goods passes to the buyer upon receipt of the goods from the carrier. <\/span><\/li><\/ol><ol start=\"2\"><li><span style=\"font-weight: 400;\"> 2\\. The seller dispatches the goods typically within 3 business days from receipt of payment. The buyer will be promptly informed in case of delay. <\/span><\/li><\/ol><p><span style=\"font-weight: 400;\">Returns and Complaints<\/span><\/p><ol><li><span style=\"font-weight: 400;\"> 1\\. The buyer has the right to withdraw from the contract within 14 days after receiving the goods, provided that the goods have not been used, damaged, or opened. For hygienic reasons, opened, used products, or those with damaged original packaging cannot be returned. The right of withdrawal does not apply to perishable goods or goods irreversibly mixed with other goods after delivery. <\/span><\/li><\/ol><ol start=\"2\"><li><span style=\"font-weight: 400;\"> 2\\. In case of digital content (video courses), the buyer explicitly agrees that the digital content will be accessible immediately after payment. By accessing digital content, the buyer acknowledges that they lose the right to withdraw from the contract pursuant to \u00a71837 of the Czech Civil Code. <\/span><\/li><\/ol><ol start=\"3\"><li><span style=\"font-weight: 400;\"> 3\\. Goods should be returned to the address:<\/span><\/li><\/ol><p><span style=\"font-weight: 400;\">VOXELMUSIC s.r.o., V\u00e1clav Lebeda, Tova\u010dovsk\u00e1 192, 783 75 Dub nad Moravou, Czech Republic.<\/span><\/p><ol start=\"3\"><li><span style=\"font-weight: 400;\"> 4\\. Complaints can be submitted in writing via email: info@bergamoss.com (official contact email of VOXELMUSIC s.r.o.)., <br \/>The buyer bears the costs of returning the goods.<\/span><\/li><\/ol><p><span style=\"font-weight: 400;\">Dispute Resolution<\/span><\/p><ol><li><span style=\"font-weight: 400;\"> 1\\. Consumer disputes can be resolved out-of-court through the Czech Trade Inspection Authority (www.coi.cz).<\/span><\/li><\/ol><ol start=\"2\"><li><span style=\"font-weight: 400;\"> 2\\. Consumers in the EU can use the Online Dispute Resolution (ODR) platform at: https:\/\/ec.europa.eu\/consumers\/odr.<\/span><\/li><\/ol><p><span style=\"font-weight: 400;\">Personal Data Protection<\/span><\/p><p><span style=\"font-weight: 400;\">The data controller is VOXELMUSIC s.r.o. Detailed information regarding personal data processing is available in a separate document &#8220;Privacy Policy.&#8221;<\/span><\/p><p><span style=\"font-weight: 400;\">Final Provisions<\/span><\/p><ol><li><span style=\"font-weight: 400;\"> 1\\. These Terms are governed by Czech law. <\/span><\/li><\/ol><ol start=\"2\"><li><span style=\"font-weight: 400;\"><span style=\"font-weight: 400;\"> 2\\. In the case of disputes, consumers may contact the Czech Trade Inspection Authority (www.coi.cz).<br \/>Withdrawal Form (Sample)<br \/>If you wish to withdraw from the contract, please fill in this form and send it to:<\/span><\/span><p>Recipient: <br \/>VOXELMUSIC s.r.o., V\u00e1clav Lebeda, Tova\u010dovsk\u00e1 192, Dub nad Moravou, 783 75 Czech Republic<\/p><p>Email: info@bergamoss.com<\/p><p>I hereby announce my withdrawal from the contract.<\/p><p>\u2022 Date of order: ____________________ <br \/>\u2022 Received on: ____________________ <br \/>\u2022 Buyer&#8217;s name: ____________________ <br \/>\u2022 Signature (only if sent on paper): ____________________ <br \/>\u2022 Date: ____________________<\/p><\/li><\/ol>\t\t\t\t\t\t\t\t<\/div>\n\t\t\t\t\t<\/div>\n\t\t\t\t<\/div>\n\t\t\t\t<\/div>\n\t\t","protected":false},"excerpt":{"rendered":"<p>Terms and conditions of VOXELMUSIC s.r.o. 1. These Terms and Conditions (hereinafter referred to as &#8220;Terms&#8221;) of VOXELMUSIC s.r.o., with registered office at Tova\u010dovsk\u00e1 192, 783 75 Dub nad Moravou, Czech Republic, Company ID: 05755085, VAT ID: CZ05755085, regulate mutual rights and obligations arising from or related to a purchase contract (hereinafter &#8220;Contract&#8221;) concluded through [&hellip;]<\/p>\n","protected":false},"author":1,"featured_media":0,"parent":0,"menu_order":0,"comment_status":"closed","ping_status":"open","template":"","meta":{"footnotes":""},"class_list":["post-8468","page","type-page","status-publish","hentry"],"yoast_head":"<!-- This site is optimized with the Yoast SEO plugin v24.2 - https:\/\/yoast.com\/wordpress\/plugins\/seo\/ -->\n<title>Terms and Conditions - Bergamoss<\/title>\n<meta name=\"robots\" content=\"index, follow, max-snippet:-1, max-image-preview:large, max-video-preview:-1\" \/>\n<link rel=\"canonical\" href=\"https:\/\/bergamoss.com\/en\/terms-and-conditions\/\" \/>\n<meta property=\"og:locale\" content=\"en_US\" \/>\n<meta property=\"og:type\" content=\"article\" \/>\n<meta property=\"og:title\" content=\"Terms and Conditions - Bergamoss\" \/>\n<meta property=\"og:description\" content=\"Terms and conditions of VOXELMUSIC s.r.o. 1. These Terms and Conditions (hereinafter referred to as &#8220;Terms&#8221;) of VOXELMUSIC s.r.o., with registered office at Tova\u010dovsk\u00e1 192, 783 75 Dub nad Moravou, Czech Republic, Company ID: 05755085, VAT ID: CZ05755085, regulate mutual rights and obligations arising from or related to a purchase contract (hereinafter &#8220;Contract&#8221;) concluded through [&hellip;]\" \/>\n<meta property=\"og:url\" content=\"https:\/\/bergamoss.com\/en\/terms-and-conditions\/\" \/>\n<meta property=\"og:site_name\" content=\"Bergamoss\" \/>\n<meta property=\"article:modified_time\" content=\"2025-03-17T14:06:43+00:00\" \/>\n<meta property=\"og:image\" content=\"https:\/\/bergamoss.com\/wp-content\/uploads\/2025\/01\/Snimek-obrazovky-2025-01-20-v-8.01.46-1024x429.png\" \/>\n\t<meta property=\"og:image:width\" content=\"1024\" \/>\n\t<meta property=\"og:image:height\" content=\"429\" \/>\n\t<meta property=\"og:image:type\" content=\"image\/png\" \/>\n<meta name=\"twitter:card\" content=\"summary_large_image\" \/>\n<meta name=\"twitter:label1\" content=\"Est. reading time\" \/>\n\t<meta name=\"twitter:data1\" content=\"3 minutes\" \/>\n<script type=\"application\/ld+json\" class=\"yoast-schema-graph\">{\"@context\":\"https:\/\/schema.org\",\"@graph\":[{\"@type\":\"WebPage\",\"@id\":\"https:\/\/bergamoss.com\/en\/terms-and-conditions\/\",\"url\":\"https:\/\/bergamoss.com\/en\/terms-and-conditions\/\",\"name\":\"Terms and Conditions - Bergamoss\",\"isPartOf\":{\"@id\":\"https:\/\/bergamoss.com\/en\/#website\"},\"datePublished\":\"2025-03-11T06:55:32+00:00\",\"dateModified\":\"2025-03-17T14:06:43+00:00\",\"breadcrumb\":{\"@id\":\"https:\/\/bergamoss.com\/en\/terms-and-conditions\/#breadcrumb\"},\"inLanguage\":\"en-US\",\"potentialAction\":[{\"@type\":\"ReadAction\",\"target\":[\"https:\/\/bergamoss.com\/en\/terms-and-conditions\/\"]}]},{\"@type\":\"BreadcrumbList\",\"@id\":\"https:\/\/bergamoss.com\/en\/terms-and-conditions\/#breadcrumb\",\"itemListElement\":[{\"@type\":\"ListItem\",\"position\":1,\"name\":\"Dom\u016f\",\"item\":\"https:\/\/bergamoss.com\/en\/\"},{\"@type\":\"ListItem\",\"position\":2,\"name\":\"Terms and Conditions\"}]},{\"@type\":\"WebSite\",\"@id\":\"https:\/\/bergamoss.com\/en\/#website\",\"url\":\"https:\/\/bergamoss.com\/en\/\",\"name\":\"Bergamoss\",\"description\":\"Parf\u00e9my p\u0159edn\u00edho \u010desk\u00e9ho parfum\u00e9ra V\u00e1clava Lebedy\",\"publisher\":{\"@id\":\"https:\/\/bergamoss.com\/en\/#organization\"},\"potentialAction\":[{\"@type\":\"SearchAction\",\"target\":{\"@type\":\"EntryPoint\",\"urlTemplate\":\"https:\/\/bergamoss.com\/en\/?s={search_term_string}\"},\"query-input\":{\"@type\":\"PropertyValueSpecification\",\"valueRequired\":true,\"valueName\":\"search_term_string\"}}],\"inLanguage\":\"en-US\"},{\"@type\":\"Organization\",\"@id\":\"https:\/\/bergamoss.com\/en\/#organization\",\"name\":\"Bergamoss\",\"url\":\"https:\/\/bergamoss.com\/en\/\",\"logo\":{\"@type\":\"ImageObject\",\"inLanguage\":\"en-US\",\"@id\":\"https:\/\/bergamoss.com\/en\/#\/schema\/logo\/image\/\",\"url\":\"https:\/\/bergamoss.com\/wp-content\/uploads\/2024\/07\/Bergamos_logo_transparentni.png\",\"contentUrl\":\"https:\/\/bergamoss.com\/wp-content\/uploads\/2024\/07\/Bergamos_logo_transparentni.png\",\"width\":1814,\"height\":350,\"caption\":\"Bergamoss\"},\"image\":{\"@id\":\"https:\/\/bergamoss.com\/en\/#\/schema\/logo\/image\/\"}}]}<\/script>\n<!-- \/ Yoast SEO plugin. -->","yoast_head_json":{"title":"Terms and Conditions - Bergamoss","robots":{"index":"index","follow":"follow","max-snippet":"max-snippet:-1","max-image-preview":"max-image-preview:large","max-video-preview":"max-video-preview:-1"},"canonical":"https:\/\/bergamoss.com\/en\/terms-and-conditions\/","og_locale":"en_US","og_type":"article","og_title":"Terms and Conditions - Bergamoss","og_description":"Terms and conditions of VOXELMUSIC s.r.o. 1. These Terms and Conditions (hereinafter referred to as &#8220;Terms&#8221;) of VOXELMUSIC s.r.o., with registered office at Tova\u010dovsk\u00e1 192, 783 75 Dub nad Moravou, Czech Republic, Company ID: 05755085, VAT ID: CZ05755085, regulate mutual rights and obligations arising from or related to a purchase contract (hereinafter &#8220;Contract&#8221;) concluded through [&hellip;]","og_url":"https:\/\/bergamoss.com\/en\/terms-and-conditions\/","og_site_name":"Bergamoss","article_modified_time":"2025-03-17T14:06:43+00:00","og_image":[{"width":1024,"height":429,"url":"https:\/\/bergamoss.com\/wp-content\/uploads\/2025\/01\/Snimek-obrazovky-2025-01-20-v-8.01.46-1024x429.png","type":"image\/png"}],"twitter_card":"summary_large_image","twitter_misc":{"Est. reading time":"3 minutes"},"schema":{"@context":"https:\/\/schema.org","@graph":[{"@type":"WebPage","@id":"https:\/\/bergamoss.com\/en\/terms-and-conditions\/","url":"https:\/\/bergamoss.com\/en\/terms-and-conditions\/","name":"Terms and Conditions - Bergamoss","isPartOf":{"@id":"https:\/\/bergamoss.com\/en\/#website"},"datePublished":"2025-03-11T06:55:32+00:00","dateModified":"2025-03-17T14:06:43+00:00","breadcrumb":{"@id":"https:\/\/bergamoss.com\/en\/terms-and-conditions\/#breadcrumb"},"inLanguage":"en-US","potentialAction":[{"@type":"ReadAction","target":["https:\/\/bergamoss.com\/en\/terms-and-conditions\/"]}]},{"@type":"BreadcrumbList","@id":"https:\/\/bergamoss.com\/en\/terms-and-conditions\/#breadcrumb","itemListElement":[{"@type":"ListItem","position":1,"name":"Dom\u016f","item":"https:\/\/bergamoss.com\/en\/"},{"@type":"ListItem","position":2,"name":"Terms and Conditions"}]},{"@type":"WebSite","@id":"https:\/\/bergamoss.com\/en\/#website","url":"https:\/\/bergamoss.com\/en\/","name":"Bergamoss","description":"Parf\u00e9my p\u0159edn\u00edho \u010desk\u00e9ho parfum\u00e9ra V\u00e1clava Lebedy","publisher":{"@id":"https:\/\/bergamoss.com\/en\/#organization"},"potentialAction":[{"@type":"SearchAction","target":{"@type":"EntryPoint","urlTemplate":"https:\/\/bergamoss.com\/en\/?s={search_term_string}"},"query-input":{"@type":"PropertyValueSpecification","valueRequired":true,"valueName":"search_term_string"}}],"inLanguage":"en-US"},{"@type":"Organization","@id":"https:\/\/bergamoss.com\/en\/#organization","name":"Bergamoss","url":"https:\/\/bergamoss.com\/en\/","logo":{"@type":"ImageObject","inLanguage":"en-US","@id":"https:\/\/bergamoss.com\/en\/#\/schema\/logo\/image\/","url":"https:\/\/bergamoss.com\/wp-content\/uploads\/2024\/07\/Bergamos_logo_transparentni.png","contentUrl":"https:\/\/bergamoss.com\/wp-content\/uploads\/2024\/07\/Bergamos_logo_transparentni.png","width":1814,"height":350,"caption":"Bergamoss"},"image":{"@id":"https:\/\/bergamoss.com\/en\/#\/schema\/logo\/image\/"}}]}},"_links":{"self":[{"href":"https:\/\/bergamoss.com\/en\/wp-json\/wp\/v2\/pages\/8468","targetHints":{"allow":["GET"]}}],"collection":[{"href":"https:\/\/bergamoss.com\/en\/wp-json\/wp\/v2\/pages"}],"about":[{"href":"https:\/\/bergamoss.com\/en\/wp-json\/wp\/v2\/types\/page"}],"author":[{"embeddable":true,"href":"https:\/\/bergamoss.com\/en\/wp-json\/wp\/v2\/users\/1"}],"replies":[{"embeddable":true,"href":"https:\/\/bergamoss.com\/en\/wp-json\/wp\/v2\/comments?post=8468"}],"version-history":[{"count":4,"href":"https:\/\/bergamoss.com\/en\/wp-json\/wp\/v2\/pages\/8468\/revisions"}],"predecessor-version":[{"id":8495,"href":"https:\/\/bergamoss.com\/en\/wp-json\/wp\/v2\/pages\/8468\/revisions\/8495"}],"wp:attachment":[{"href":"https:\/\/bergamoss.com\/en\/wp-json\/wp\/v2\/media?parent=8468"}],"curies":[{"name":"wp","href":"https:\/\/api.w.org\/{rel}","templated":true}]}}