{"id":8382,"date":"2025-01-10T13:06:25","date_gmt":"2025-01-10T13:06:25","guid":{"rendered":"https:\/\/bergamoss.com\/elementor-7581\/"},"modified":"2025-01-24T12:33:13","modified_gmt":"2025-01-24T12:33:13","slug":"elementor-7581","status":"publish","type":"page","link":"https:\/\/bergamoss.com\/en\/elementor-7581\/","title":{"rendered":"Elementor #7581"},"content":{"rendered":"\t\t<div data-elementor-type=\"wp-page\" data-elementor-id=\"8382\" class=\"elementor elementor-8382 elementor-7581\" data-elementor-settings=\"{&quot;ha_cmc_init_switcher&quot;:&quot;no&quot;}\">\n\t\t\t\t<div class=\"elementor-element elementor-element-02b3957 e-flex e-con-boxed e-con e-parent\" data-id=\"02b3957\" data-element_type=\"container\" data-settings=\"{&quot;background_background&quot;:&quot;classic&quot;,&quot;_ha_eqh_enable&quot;:false}\">\n\t\t\t\t\t<div class=\"e-con-inner\">\n\t\t\t\t<div class=\"elementor-element elementor-element-c8efe40 elementor-widget elementor-widget-image\" data-id=\"c8efe40\" data-element_type=\"widget\" data-widget_type=\"image.default\">\n\t\t\t\t\t\t\t\t\t\t\t\t\t\t\t<img fetchpriority=\"high\" decoding=\"async\" width=\"1024\" height=\"198\" src=\"https:\/\/bergamoss.com\/wp-content\/uploads\/2024\/07\/Bergamos_logo_biletransparentni-1024x198.png\" class=\"attachment-large size-large wp-image-7406\" alt=\"\" srcset=\"https:\/\/bergamoss.com\/wp-content\/uploads\/2024\/07\/Bergamos_logo_biletransparentni-1024x198.png 1024w, https:\/\/bergamoss.com\/wp-content\/uploads\/2024\/07\/Bergamos_logo_biletransparentni-600x116.png 600w, https:\/\/bergamoss.com\/wp-content\/uploads\/2024\/07\/Bergamos_logo_biletransparentni-300x58.png 300w, https:\/\/bergamoss.com\/wp-content\/uploads\/2024\/07\/Bergamos_logo_biletransparentni-768x148.png 768w, https:\/\/bergamoss.com\/wp-content\/uploads\/2024\/07\/Bergamos_logo_biletransparentni-1536x296.png 1536w, https:\/\/bergamoss.com\/wp-content\/uploads\/2024\/07\/Bergamos_logo_biletransparentni.png 1814w\" sizes=\"(max-width: 1024px) 100vw, 1024px\" \/>\t\t\t\t\t\t\t\t\t\t\t\t\t\t\t<\/div>\n\t\t\t\t<div class=\"elementor-element elementor-element-3072f7d elementor-widget__width-initial elementor-widget-tablet__width-inherit elementor-widget elementor-widget-peony_core_section_title\" data-id=\"3072f7d\" data-element_type=\"widget\" data-widget_type=\"peony_core_section_title.default\">\n\t\t\t\t<div class=\"elementor-widget-container\">\n\t\t\t\t\t<div class=\"qodef-shortcode qodef-m  qodef-section-title qodef-alignment--center \">\n\t\t\t<h3 class=\"qodef-m-title\" style=\"color: #FFFFFF\">\n\t\t\t\t\tStartujeme - 1.4.2025\t\t\t<\/h3>\n\t\t\t\t<div class=\"qodef-m-icon-wrapper\" style=\"color: #FFFFFF\">\n\t\t\t<svg class=\"qodef-svg--asterix\" xmlns=\"http:\/\/www.w3.org\/2000\/svg\" width=\"21\" height=\"21\"><path fill=\"currentColor\" d=\"M11.258 4.839 10.5-.002l-.758 4.841a5.882 5.882 0 0 1-4.9 4.9l-4.841.758 4.841.758a5.882 5.882 0 0 1 4.9 4.9l.758 4.841.758-4.841a5.882 5.882 0 0 1 4.9-4.9l4.841-.758-4.841-.758a5.882 5.882 0 0 1-4.9-4.9Z\"\/><\/svg>\t\t\t<\/div> \n\t\t\t\t<\/div>\n\t\t\t\t<\/div>\n\t\t\t\t<\/div>\n\t\t<div class=\"elementor-element elementor-element-5d5ffef e-con-full e-flex e-con e-child\" data-id=\"5d5ffef\" data-element_type=\"container\" data-settings=\"{&quot;_ha_eqh_enable&quot;:false}\">\n\t\t<div class=\"elementor-element elementor-element-52c3db9 e-con-full e-flex e-con e-child\" data-id=\"52c3db9\" data-element_type=\"container\" data-settings=\"{&quot;_ha_eqh_enable&quot;:false}\">\n\t\t\t\t<div class=\"elementor-element elementor-element-05ef7ee elementor-widget__width-initial elementor-widget elementor-widget-peony_core_section_title\" data-id=\"05ef7ee\" data-element_type=\"widget\" data-widget_type=\"peony_core_section_title.default\">\n\t\t\t\t<div class=\"elementor-widget-container\">\n\t\t\t\t\t<div class=\"qodef-shortcode qodef-m  qodef-section-title qodef-alignment--center \">\n\t\t\t<h2 class=\"qodef-m-title\" style=\"color: #FFFFFF\">\n\t\t\t\t\tP\u0159ihlaste se k odb\u011bru!\t\t\t<\/h2>\n\t\t\t<h6 class=\"qodef-m-text\" style=\"color: #FFFFFF\">A \u017e\u00e1dn\u00e9 novinky V\u00e1m neute\u010dou.<\/h6>\n<\/div>\n\t\t\t\t<\/div>\n\t\t\t\t<\/div>\n\t\t\t\t<div class=\"elementor-element elementor-element-f811525 elementor-widget__width-initial fluent-form-widget-step-header-yes fluent-form-widget-step-progressbar-yes fluentform-widget-submit-button-custom elementor-widget elementor-widget-fluent-form-widget\" data-id=\"f811525\" data-element_type=\"widget\" data-widget_type=\"fluent-form-widget.default\">\n\t\t\t\t<div class=\"elementor-widget-container\">\n\t\t\t\t\t\n            <div class=\"fluentform-widget-wrapper fluentform-widget-align-right\">\n\n            \n            <div class='fluentform ff-default fluentform_wrapper_2 ffs_default_wrap'><form data-form_id=\"2\" id=\"fluentform_2\" class=\"frm-fluent-form fluent_form_2 ff-el-form-top ff_form_instance_2_1 ff-form-loading ffs_default\" data-form_instance=\"ff_form_instance_2_1\" method=\"POST\" ><fieldset  style=\"border: none!important;margin: 0!important;padding: 0!important;background-color: transparent!important;box-shadow: none!important;outline: none!important; min-inline-size: 100%;\">\n                    <legend class=\"ff_screen_reader_title\" style=\"display: block; margin: 0!important;padding: 0!important;height: 0!important;text-indent: -999999px;width: 0!important;overflow:hidden;\">Subscription Form<\/legend><input type='hidden' name='__fluent_form_embded_post_id' value='8382' \/><input type=\"hidden\" id=\"_fluentform_2_fluentformnonce\" name=\"_fluentform_2_fluentformnonce\" value=\"d7414e3cb8\" \/><input type=\"hidden\" name=\"_wp_http_referer\" value=\"\/en\/wp-json\/wp\/v2\/pages\/8382\" \/><div data-name=\"ff_cn_id_1\"  class='ff-t-container ff-column-container ff_columns_total_2  '><div class='ff-t-cell ff-t-column-1' style='flex-basis: 50%;'><div class='ff-el-group'><div class='ff-el-input--content'><input type=\"email\" name=\"email\" id=\"ff_2_email\" class=\"ff-el-form-control\" placeholder=\"Va\u0161e emailov\u00e1 adresa\" data-name=\"email\"  aria-invalid=\"false\" aria-required=true><\/div><\/div><\/div><div class='ff-t-cell ff-t-column-2' style='flex-basis: 50%;'><div class='ff-el-group ff-text-left ff_submit_btn_wrapper ff_submit_btn_wrapper_custom'><button class=\"ff-btn ff-btn-submit ff-btn-md ff_btn_style wpf_has_custom_css\" type=\"submit\" name=\"custom_submit_button-2_1\" data-name=\"custom_submit_button-2_1\" >Odeslat<\/button><style>form.fluent_form_2 .wpf_has_custom_css.ff-btn-submit { background-color:#1a7efb;border-color:#1a7efb;color:#ffffff;min-width:100%; }form.fluent_form_2 .wpf_has_custom_css.ff-btn-submit:hover { background-color:#ffffff;border-color:#1a7efb;color:#1a7efb;min-width:100%; } <\/style><\/div><\/div><\/div><\/fieldset><\/form><div id='fluentform_2_errors' class='ff-errors-in-stack ff_form_instance_2_1 ff-form-loading_errors ff_form_instance_2_1_errors'><\/div><\/div>        <script type=\"text\/javascript\">\n            window.fluent_form_ff_form_instance_2_1 = {\"id\":\"2\",\"settings\":{\"layout\":{\"labelPlacement\":\"top\",\"helpMessagePlacement\":\"with_label\",\"errorMessagePlacement\":\"inline\",\"asteriskPlacement\":\"asterisk-right\"},\"restrictions\":{\"denyEmptySubmission\":{\"enabled\":false}}},\"form_instance\":\"ff_form_instance_2_1\",\"form_id_selector\":\"fluentform_2\",\"rules\":{\"email\":{\"required\":{\"value\":true,\"message\":\"Toto pole je povinn\\u00e9\",\"global\":false,\"global_message\":\"This field is required\"},\"email\":{\"value\":true,\"message\":\"Toto pole mus\\u00ed obsahovat funk\\u010dn\\u00ed email.\",\"global\":false,\"global_message\":\"This field must contain a valid email\"}}},\"debounce_time\":300};\n                    <\/script>\n                    <\/div>\n\n            \t\t\t\t<\/div>\n\t\t\t\t<\/div>\n\t\t\t\t<\/div>\n\t\t\t\t<\/div>\n\t\t\t\t\t<\/div>\n\t\t\t\t<\/div>\n\t\t\t\t<\/div>\n\t\t","protected":false},"excerpt":{"rendered":"<p>Startujeme &#8211; 1.4.2025 P\u0159ihlaste se k odb\u011bru! A \u017e\u00e1dn\u00e9 novinky V\u00e1m neute\u010dou. Subscription Form Odeslat<\/p>\n","protected":false},"author":1,"featured_media":8306,"parent":0,"menu_order":0,"comment_status":"closed","ping_status":"closed","template":"elementor_canvas","meta":{"footnotes":""},"class_list":["post-8382","page","type-page","status-publish","has-post-thumbnail","hentry"],"yoast_head":"<!-- This site is optimized with the Yoast SEO plugin v24.2 - https:\/\/yoast.com\/wordpress\/plugins\/seo\/ -->\n<title>Perfumes by leading Czech perfumer Vaclav Lebeda- Bergamoss<\/title>\n<meta name=\"description\" content=\"Starting 1.4.2025 - Subscribe and you won&#039;t miss any news.\" \/>\n<meta name=\"robots\" content=\"index, follow, max-snippet:-1, max-image-preview:large, max-video-preview:-1\" \/>\n<link rel=\"canonical\" href=\"https:\/\/bergamoss.com\/en\/elementor-7581\/\" \/>\n<meta property=\"og:locale\" content=\"en_US\" \/>\n<meta property=\"og:type\" content=\"article\" \/>\n<meta property=\"og:title\" content=\"Perfumes by leading Czech perfumer V\u00e1clav Lebeda- Bergamoss\" \/>\n<meta property=\"og:description\" content=\"Starting 1.4.2025 - Subscribe and you won&#039;t miss any news.\" \/>\n<meta property=\"og:url\" content=\"https:\/\/bergamoss.com\/en\/elementor-7581\/\" \/>\n<meta property=\"og:site_name\" content=\"Bergamoss\" \/>\n<meta property=\"article:modified_time\" content=\"2025-01-24T12:33:13+00:00\" \/>\n<meta property=\"og:image\" content=\"https:\/\/bergamoss.com\/wp-content\/uploads\/2025\/01\/Bergamoss_home-1024x625.png\" \/>\n<meta name=\"twitter:card\" content=\"summary_large_image\" \/>\n<script type=\"application\/ld+json\" class=\"yoast-schema-graph\">{\"@context\":\"https:\/\/schema.org\",\"@graph\":[{\"@type\":\"WebPage\",\"@id\":\"https:\/\/bergamoss.com\/en\/elementor-7581\/\",\"url\":\"https:\/\/bergamoss.com\/en\/elementor-7581\/\",\"name\":\"Perfumes by leading Czech perfumer Vaclav Lebeda- Bergamoss\",\"isPartOf\":{\"@id\":\"https:\/\/bergamoss.com\/en\/#website\"},\"primaryImageOfPage\":{\"@id\":\"https:\/\/bergamoss.com\/en\/elementor-7581\/#primaryimage\"},\"image\":{\"@id\":\"https:\/\/bergamoss.com\/en\/elementor-7581\/#primaryimage\"},\"thumbnailUrl\":\"https:\/\/bergamoss.com\/wp-content\/uploads\/2025\/01\/Snimek-obrazovky-2025-01-20-v-8.01.46.png\",\"datePublished\":\"2025-01-10T13:06:25+00:00\",\"dateModified\":\"2025-01-24T12:33:13+00:00\",\"description\":\"Starting 1.4.2025 - Subscribe and you won't miss any news.\",\"breadcrumb\":{\"@id\":\"https:\/\/bergamoss.com\/en\/elementor-7581\/#breadcrumb\"},\"inLanguage\":\"en-US\",\"potentialAction\":[{\"@type\":\"ReadAction\",\"target\":[\"https:\/\/bergamoss.com\/en\/elementor-7581\/\"]}]},{\"@type\":\"ImageObject\",\"inLanguage\":\"en-US\",\"@id\":\"https:\/\/bergamoss.com\/en\/elementor-7581\/#primaryimage\",\"url\":\"https:\/\/bergamoss.com\/wp-content\/uploads\/2025\/01\/Snimek-obrazovky-2025-01-20-v-8.01.46.png\",\"contentUrl\":\"https:\/\/bergamoss.com\/wp-content\/uploads\/2025\/01\/Snimek-obrazovky-2025-01-20-v-8.01.46.png\",\"width\":3678,\"height\":1540},{\"@type\":\"BreadcrumbList\",\"@id\":\"https:\/\/bergamoss.com\/en\/elementor-7581\/#breadcrumb\",\"itemListElement\":[{\"@type\":\"ListItem\",\"position\":1,\"name\":\"Dom\u016f\",\"item\":\"https:\/\/bergamoss.com\/en\/\"},{\"@type\":\"ListItem\",\"position\":2,\"name\":\"Elementor #7581\"}]},{\"@type\":\"WebSite\",\"@id\":\"https:\/\/bergamoss.com\/en\/#website\",\"url\":\"https:\/\/bergamoss.com\/en\/\",\"name\":\"Bergamoss\",\"description\":\"Parf\u00e9my p\u0159edn\u00edho \u010desk\u00e9ho parfum\u00e9ra V\u00e1clava Lebedy\",\"publisher\":{\"@id\":\"https:\/\/bergamoss.com\/en\/#organization\"},\"potentialAction\":[{\"@type\":\"SearchAction\",\"target\":{\"@type\":\"EntryPoint\",\"urlTemplate\":\"https:\/\/bergamoss.com\/en\/?s={search_term_string}\"},\"query-input\":{\"@type\":\"PropertyValueSpecification\",\"valueRequired\":true,\"valueName\":\"search_term_string\"}}],\"inLanguage\":\"en-US\"},{\"@type\":\"Organization\",\"@id\":\"https:\/\/bergamoss.com\/en\/#organization\",\"name\":\"Bergamoss\",\"url\":\"https:\/\/bergamoss.com\/en\/\",\"logo\":{\"@type\":\"ImageObject\",\"inLanguage\":\"en-US\",\"@id\":\"https:\/\/bergamoss.com\/en\/#\/schema\/logo\/image\/\",\"url\":\"https:\/\/bergamoss.com\/wp-content\/uploads\/2024\/07\/Bergamos_logo_transparentni.png\",\"contentUrl\":\"https:\/\/bergamoss.com\/wp-content\/uploads\/2024\/07\/Bergamos_logo_transparentni.png\",\"width\":1814,\"height\":350,\"caption\":\"Bergamoss\"},\"image\":{\"@id\":\"https:\/\/bergamoss.com\/en\/#\/schema\/logo\/image\/\"}}]}<\/script>\n<!-- \/ Yoast SEO plugin. -->","yoast_head_json":{"title":"Perfumes by leading Czech perfumer Vaclav Lebeda- Bergamoss","description":"Starting 1.4.2025 - Subscribe and you won't miss any news.","robots":{"index":"index","follow":"follow","max-snippet":"max-snippet:-1","max-image-preview":"max-image-preview:large","max-video-preview":"max-video-preview:-1"},"canonical":"https:\/\/bergamoss.com\/en\/elementor-7581\/","og_locale":"en_US","og_type":"article","og_title":"Perfumes by leading Czech perfumer V\u00e1clav Lebeda- Bergamoss","og_description":"Starting 1.4.2025 - Subscribe and you won't miss any news.","og_url":"https:\/\/bergamoss.com\/en\/elementor-7581\/","og_site_name":"Bergamoss","article_modified_time":"2025-01-24T12:33:13+00:00","og_image":[{"url":"https:\/\/bergamoss.com\/wp-content\/uploads\/2025\/01\/Bergamoss_home-1024x625.png","type":"","width":"","height":""}],"twitter_card":"summary_large_image","schema":{"@context":"https:\/\/schema.org","@graph":[{"@type":"WebPage","@id":"https:\/\/bergamoss.com\/en\/elementor-7581\/","url":"https:\/\/bergamoss.com\/en\/elementor-7581\/","name":"Perfumes by leading Czech perfumer Vaclav Lebeda- Bergamoss","isPartOf":{"@id":"https:\/\/bergamoss.com\/en\/#website"},"primaryImageOfPage":{"@id":"https:\/\/bergamoss.com\/en\/elementor-7581\/#primaryimage"},"image":{"@id":"https:\/\/bergamoss.com\/en\/elementor-7581\/#primaryimage"},"thumbnailUrl":"https:\/\/bergamoss.com\/wp-content\/uploads\/2025\/01\/Snimek-obrazovky-2025-01-20-v-8.01.46.png","datePublished":"2025-01-10T13:06:25+00:00","dateModified":"2025-01-24T12:33:13+00:00","description":"Starting 1.4.2025 - Subscribe and you won't miss any news.","breadcrumb":{"@id":"https:\/\/bergamoss.com\/en\/elementor-7581\/#breadcrumb"},"inLanguage":"en-US","potentialAction":[{"@type":"ReadAction","target":["https:\/\/bergamoss.com\/en\/elementor-7581\/"]}]},{"@type":"ImageObject","inLanguage":"en-US","@id":"https:\/\/bergamoss.com\/en\/elementor-7581\/#primaryimage","url":"https:\/\/bergamoss.com\/wp-content\/uploads\/2025\/01\/Snimek-obrazovky-2025-01-20-v-8.01.46.png","contentUrl":"https:\/\/bergamoss.com\/wp-content\/uploads\/2025\/01\/Snimek-obrazovky-2025-01-20-v-8.01.46.png","width":3678,"height":1540},{"@type":"BreadcrumbList","@id":"https:\/\/bergamoss.com\/en\/elementor-7581\/#breadcrumb","itemListElement":[{"@type":"ListItem","position":1,"name":"Dom\u016f","item":"https:\/\/bergamoss.com\/en\/"},{"@type":"ListItem","position":2,"name":"Elementor #7581"}]},{"@type":"WebSite","@id":"https:\/\/bergamoss.com\/en\/#website","url":"https:\/\/bergamoss.com\/en\/","name":"Bergamoss","description":"Parf\u00e9my p\u0159edn\u00edho \u010desk\u00e9ho parfum\u00e9ra V\u00e1clava Lebedy","publisher":{"@id":"https:\/\/bergamoss.com\/en\/#organization"},"potentialAction":[{"@type":"SearchAction","target":{"@type":"EntryPoint","urlTemplate":"https:\/\/bergamoss.com\/en\/?s={search_term_string}"},"query-input":{"@type":"PropertyValueSpecification","valueRequired":true,"valueName":"search_term_string"}}],"inLanguage":"en-US"},{"@type":"Organization","@id":"https:\/\/bergamoss.com\/en\/#organization","name":"Bergamoss","url":"https:\/\/bergamoss.com\/en\/","logo":{"@type":"ImageObject","inLanguage":"en-US","@id":"https:\/\/bergamoss.com\/en\/#\/schema\/logo\/image\/","url":"https:\/\/bergamoss.com\/wp-content\/uploads\/2024\/07\/Bergamos_logo_transparentni.png","contentUrl":"https:\/\/bergamoss.com\/wp-content\/uploads\/2024\/07\/Bergamos_logo_transparentni.png","width":1814,"height":350,"caption":"Bergamoss"},"image":{"@id":"https:\/\/bergamoss.com\/en\/#\/schema\/logo\/image\/"}}]}},"_links":{"self":[{"href":"https:\/\/bergamoss.com\/en\/wp-json\/wp\/v2\/pages\/8382","targetHints":{"allow":["GET"]}}],"collection":[{"href":"https:\/\/bergamoss.com\/en\/wp-json\/wp\/v2\/pages"}],"about":[{"href":"https:\/\/bergamoss.com\/en\/wp-json\/wp\/v2\/types\/page"}],"author":[{"embeddable":true,"href":"https:\/\/bergamoss.com\/en\/wp-json\/wp\/v2\/users\/1"}],"replies":[{"embeddable":true,"href":"https:\/\/bergamoss.com\/en\/wp-json\/wp\/v2\/comments?post=8382"}],"version-history":[{"count":0,"href":"https:\/\/bergamoss.com\/en\/wp-json\/wp\/v2\/pages\/8382\/revisions"}],"wp:featuredmedia":[{"embeddable":true,"href":"https:\/\/bergamoss.com\/en\/wp-json\/wp\/v2\/media\/8306"}],"wp:attachment":[{"href":"https:\/\/bergamoss.com\/en\/wp-json\/wp\/v2\/media?parent=8382"}],"curies":[{"name":"wp","href":"https:\/\/api.w.org\/{rel}","templated":true}]}}